{"id":1547,"date":"2021-05-25T17:19:04","date_gmt":"2021-05-25T15:19:04","guid":{"rendered":"https:\/\/proto-fest.com\/staging\/politica-de-privadesa\/"},"modified":"2023-04-18T14:41:03","modified_gmt":"2023-04-18T12:41:03","slug":"politica-de-privadesa","status":"publish","type":"page","link":"https:\/\/proto-fest.com\/en\/politica-de-privadesa\/","title":{"rendered":"Pol\u00edtica de privacitat"},"content":{"rendered":"[vc_row][vc_column][vc_column_text uncode_shortcode_id=&#8221;107044&#8243;]<\/p>\r\n<h2 class=\"wp-block-heading\">1. INFORMACI\u00d3 PER A L\u2019USUARI<\/h2>\r\n<p><strong>L\u2019ASSOCIACI\u00d3 PROTO-FEST, FESTIVAL DE M\u00daSICA DE TORTOSA<\/strong> \u00e9s la RESPONSABLE del tractament de les dades personals de l\u2019USUARI i l\u2019informa que aquestes dades es tractaran de conformitat amb el que disposa el Reglament (UE) 2016\/679, de 27 d\u2019abril (GDPR), i la Llei Org\u00e0nica 3\/2018, de 5 de desembre (LOPDGDD).<\/p>\r\n<p>Per mantenir una relaci\u00f3 comercial amb l\u2019usuari. Les operacions previstes per fer el tractament s\u00f3n:<\/p>\r\n<p>Remesa de comunicacions comercials publicit\u00e0ries per e-mail, fax, SMS, MMS, xarxes socials o qualsevol altre mitj\u00e0 electr\u00f2nic o f\u00edsic, present o futur, que permeti efectuar comunicacions comercials. Aquestes comunicacions s\u2019han de fer per mitj\u00e0 del RESPONSABLE i estan relacionades amb els seus productes i serveis, o amb els seus col\u00b7laboradors o prove\u00efdors, amb els quals hagi arribat a algun acord de promoci\u00f3. En aquest cas, els tercers no tindran mai acc\u00e9s a les dades personals.<\/p>\r\n<p>\u2022 Tramitar enc\u00e0rrecs de peticions, donar resposta a les consultes o qualsevol tipus de petici\u00f3 que faci l\u2019USUARI a trav\u00e9s de qualsevol de les formes de contacte que es posen a la seva disposici\u00f3 a la p\u00e0gina web del RESPONSABLE.<br \/>\u2022 Enviar el butllet\u00ed informatiu online, sobre novetats, ofertes i promocions en la nostra activitat.<br \/>\u2022 Efectuar estudis de mercat i an\u00e0lisis estad\u00edstiques<\/p>\r\n<p>Per quin motiu podem tractar les teves dades personals?<br \/>Perqu\u00e8 el tractament est\u00e0 legitimat per l\u2019article 6 del GDPR de la seg\u00fcent manera:<br \/>Amb el consentiment de l\u2019USUARI: enviament de comunicacions comercials i del butllet\u00ed informatiu.<br \/>Per inter\u00e8s leg\u00edtim del RESPONSABLE: efectuar estudis de mercat, an\u00e0lisis estad\u00edstiques, etc. i tramitar enc\u00e0rrecs, sol\u00b7licituds, etc. a petici\u00f3 de l\u2019USUARI.<\/p>\r\n<h3>Presencia a les xarxes socials<\/h3>\r\n<p>L\u2019ASSOCIACI\u00d3 PROTO-FEST, FESTIVAL DE M\u00daSICA DE TORTOSA, compta amb els seg\u00fcents perfils en les principals xarxes socials d\u2019Internet:<\/p>\r\n<p><strong>Instagram<\/strong> : https:\/\/www.instagram.com\/protofest\/<br \/><strong>Facebook<\/strong> : https:\/\/www.facebook.com\/profile.php?id=100069149100791&amp;sk=about<\/p>\r\n<p>Es reconeix com a responsable del tractament de les dades dels seus usuaris, seguidors, o persones que realitzin comentaris a trav\u00e9s d\u2019aquestes. Aix\u00ed mateix d\u2019acord amb la Llei de serveis de la societat de la informaci\u00f3 i de comer\u00e7 electr\u00f2nic, el RESPONSABLE s\u2019exonera de qualsevol mena de responsabilitat derivada per comentaris dels usuaris i seguidors en les seves xarxes socials. El RESPONSABLE, podr\u00e0 utilitzar els perfils descrits anteriorment per a informar els seus usuaris de temes que consideri a nivell informatiu, de qualsevol mena d\u2019esdeveniments, en qualsevol xarxa social; aix\u00ed com publicar ofertes o prestar serveis personalitzats per al client.<\/p>\r\n<p><strong>Durant quant de temps guardarem les teves dades personals?<\/strong><br \/>Es conservaran durant no m\u00e9s temps del necessari per mantenir la finalitat del tractament o mentre hi hagi prescripcions legals que en dictaminin la cust\u00f2dia i quan ja no sigui necessari per a aix\u00f2, se suprimiran amb mesures de seguretat adequades per garantir l\u2019anonimitzaci\u00f3 de les dades o la seva destrucci\u00f3 total.<\/p>\r\n<p><strong>A qui facilitem les teves dades personals?<\/strong><br \/>No est\u00e0 prevista cap comunicaci\u00f3 de dades personals a tercers excepte, si fos necessari per al desenvolupament i execuci\u00f3 de les finalitats del tractament, als nostres prove\u00efdors de serveis relacionats amb comunicacions, amb els quals el RESPONSABLE ha formalitzat els contractes de confidencialitat i d\u2019encarregat de tractament exigits per la normativa vigent de privacitat.<\/p>\r\n<p><strong>Quins s\u00f3n els teus drets?<\/strong><br \/>Els drets que t\u00e9 l\u2019USUARI s\u00f3n:<br \/>Dret a retirar el consentiment en qualsevol moment.<br \/>Dret d\u2019acc\u00e9s, rectificaci\u00f3, portabilitat i supressi\u00f3 de les seves dades i de limitaci\u00f3 o oposici\u00f3 al seu tractament.<br \/>Dret a presentar una reclamaci\u00f3 davant l\u2019autoritat de control (www.aepd.es) si considera que el tractament no s\u2019ajusta a la normativa vigent.<br \/>Dades de contacte per exercir els seus drets:<\/p>\r\n<p><strong>ASSOCIACI\u00d3 PROTO-FEST, FESTIVAL DE M\u00daSICA DE TORTOSA. c\/ Nou del Vall, 10. Baixos \u2013 43500 Tortosa (Tarragona)<\/strong><br \/><strong>E-mail<\/strong>: info@proto-fest.com<br \/><strong>Tel\u00e8fon<\/strong>: 616469454<\/p>\r\n<h2>2. CAR\u00c0CTER OBLIGATORI O FACULTATIU DE LA INFORMACI\u00d3 FACILITADA PER L\u2019USUARI<\/h2>\r\n<p>Els USUARIS, per mitj\u00e0 de les caselles corresponents i la introducci\u00f3 de dades en els camps, marcats amb l\u2019asterisc (*) en el formulari de contacte o presentats en formularis de desc\u00e0rrega, accepten expressament i de manera lliure i inequ\u00edvoca, que les seves dades s\u00f3n necess\u00e0ries per a l\u2019atenci\u00f3 de la seva petici\u00f3, per part del prestador, i que per tant la inclusi\u00f3 de les dades en els camps restants \u00e9s volunt\u00e0ria. L\u2019USUARI garanteix que les dades personals facilitades al RESPONSABLE s\u00f3n ver\u00eddiques i es fa responsable de comunicar-ne qualsevol modificaci\u00f3.<\/p>\r\n<p>El RESPONSABLE informa que totes les dades sol\u00b7licitades a trav\u00e9s del lloc web s\u00f3n obligat\u00f2ries, ja que s\u00f3n necess\u00e0ries per a la prestaci\u00f3 d\u2019un servei \u00f2ptim a l\u2019USUARI. En cas que no es facilitin totes les dades, no es garanteix que la informaci\u00f3 i serveis facilitats s\u2019ajustin completament a les seves necessitats.<\/p>\r\n<h2>3. MESURES DE SEGURETAT<\/h2>\r\n<p>Que de conformitat amb el que estableixen les normatives vigents en protecci\u00f3 de dades personals, el RESPONSABLE est\u00e0 complint amb totes les disposicions de les normatives GDPR i LOPDGDD per al tractament de les dades personals de la seva responsabilitat, i manifestament amb els principis descrits a l\u2019article 5 del GDPR, pels quals es tracten de manera l\u00edcita, lleial i transparent en relaci\u00f3 amb l\u2019interessat i adequades, pertinents i limitades al que \u00e9s necessari en relaci\u00f3 amb les finalitats per a les quals es tracten.<\/p>\r\n<p>El RESPONSABLE garanteix que ha implementat pol\u00edtiques t\u00e8cniques i organitzatives apropiades per aplicar les mesures de seguretat que estableixen el GDPR i la LOPDGDD per tal de protegir els drets i llibertats dels USUARIS i els ha comunicat la informaci\u00f3 adequada perqu\u00e8 puguin exercir-los.<\/p>\r\n<p>Per a m\u00e9s informaci\u00f3 sobre les garanties de privacitat, pots dirigir-te al RESPONSABLE a trav\u00e9s de l\u2019ASSOCIACI\u00d3 PROTO-FEST, FESTIVAL DE M\u00daSICA DE TORTOSA. c\/ Nou del Vall, 10. Baixos \u2013 43500 Tortosa (Tarragona). E-mail: info@proto-fest.com.<\/p>\r\n\r\n<p>&nbsp;<\/p>\r\n<p>[\/vc_column_text][\/vc_column][\/vc_row]<\/p>","protected":false},"excerpt":{"rendered":"<p>[vc_row][vc_column][vc_column_text uncode_shortcode_id=&#8221;107044&#8243;] 1. INFORMACI\u00d3 PER A L\u2019USUARI L\u2019ASSOCIACI\u00d3 PROTO-FEST, FESTIVAL DE M\u00daSICA DE TORTOSA \u00e9s la RESPONSABLE del tractament de [&hellip;]<\/p>\n","protected":false},"author":1,"featured_media":0,"parent":0,"menu_order":0,"comment_status":"closed","ping_status":"open","template":"","meta":{"_monsterinsights_skip_tracking":false,"_monsterinsights_sitenote_active":false,"_monsterinsights_sitenote_note":"","_monsterinsights_sitenote_category":0,"footnotes":""},"yoast_head":"<!-- This site is optimized with the Yoast SEO plugin v21.3 - https:\/\/yoast.com\/wordpress\/plugins\/seo\/ -->\n<title>Pol\u00edtica de privacitat - Proto-fest<\/title>\n<meta name=\"description\" content=\"Pol\u00edtica de privacitat del Proto-fest. Festival de M\u00fasica de Tortosa. Per a m\u00e9s informaci\u00f3 consulteu la pol\u00edtica de privacitat.\" \/>\n<meta name=\"robots\" content=\"index, follow, max-snippet:-1, max-image-preview:large, max-video-preview:-1\" \/>\n<link rel=\"canonical\" href=\"https:\/\/proto-fest.com\/en\/politica-de-privadesa\/\" \/>\n<meta property=\"og:locale\" content=\"en_US\" \/>\n<meta property=\"og:type\" content=\"article\" \/>\n<meta property=\"og:title\" content=\"Pol\u00edtica de privacitat - Proto-fest\" \/>\n<meta property=\"og:description\" content=\"Pol\u00edtica de privacitat del Proto-fest. Festival de M\u00fasica de Tortosa. Per a m\u00e9s informaci\u00f3 consulteu la pol\u00edtica de privacitat.\" \/>\n<meta property=\"og:url\" content=\"https:\/\/proto-fest.com\/en\/politica-de-privadesa\/\" \/>\n<meta property=\"og:site_name\" content=\"Proto-fest\" \/>\n<meta property=\"article:modified_time\" content=\"2023-04-18T12:41:03+00:00\" \/>\n<meta name=\"twitter:card\" content=\"summary_large_image\" \/>\n<meta name=\"twitter:label1\" content=\"Est. reading time\" \/>\n\t<meta name=\"twitter:data1\" content=\"6 minutes\" \/>\n<script type=\"application\/ld+json\" class=\"yoast-schema-graph\">{\"@context\":\"https:\/\/schema.org\",\"@graph\":[{\"@type\":\"WebPage\",\"@id\":\"https:\/\/proto-fest.com\/en\/politica-de-privadesa\/\",\"url\":\"https:\/\/proto-fest.com\/en\/politica-de-privadesa\/\",\"name\":\"Pol\u00edtica de privacitat - Proto-fest\",\"isPartOf\":{\"@id\":\"https:\/\/proto-fest.com\/en\/#website\"},\"datePublished\":\"2021-05-25T15:19:04+00:00\",\"dateModified\":\"2023-04-18T12:41:03+00:00\",\"description\":\"Pol\u00edtica de privacitat del Proto-fest. Festival de M\u00fasica de Tortosa. Per a m\u00e9s informaci\u00f3 consulteu la pol\u00edtica de privacitat.\",\"breadcrumb\":{\"@id\":\"https:\/\/proto-fest.com\/en\/politica-de-privadesa\/#breadcrumb\"},\"inLanguage\":\"en-US\",\"potentialAction\":[{\"@type\":\"ReadAction\",\"target\":[\"https:\/\/proto-fest.com\/en\/politica-de-privadesa\/\"]}]},{\"@type\":\"BreadcrumbList\",\"@id\":\"https:\/\/proto-fest.com\/en\/politica-de-privadesa\/#breadcrumb\",\"itemListElement\":[{\"@type\":\"ListItem\",\"position\":1,\"name\":\"Home\",\"item\":\"https:\/\/proto-fest.com\/en\/\"},{\"@type\":\"ListItem\",\"position\":2,\"name\":\"Pol\u00edtica de privacitat\"}]},{\"@type\":\"WebSite\",\"@id\":\"https:\/\/proto-fest.com\/en\/#website\",\"url\":\"https:\/\/proto-fest.com\/en\/\",\"name\":\"Proto-fest\",\"description\":\"Festival de m\u00fasica Tortosa\",\"publisher\":{\"@id\":\"https:\/\/proto-fest.com\/en\/#organization\"},\"potentialAction\":[{\"@type\":\"SearchAction\",\"target\":{\"@type\":\"EntryPoint\",\"urlTemplate\":\"https:\/\/proto-fest.com\/en\/?s={search_term_string}\"},\"query-input\":\"required name=search_term_string\"}],\"inLanguage\":\"en-US\"},{\"@type\":\"Organization\",\"@id\":\"https:\/\/proto-fest.com\/en\/#organization\",\"name\":\"Proto-fest\",\"url\":\"https:\/\/proto-fest.com\/en\/\",\"logo\":{\"@type\":\"ImageObject\",\"inLanguage\":\"en-US\",\"@id\":\"https:\/\/proto-fest.com\/en\/#\/schema\/logo\/image\/\",\"url\":\"https:\/\/proto-fest.com\/wp-content\/uploads\/2026\/04\/cropped-cropped-logo_proto6_header-01-1-1.png\",\"contentUrl\":\"https:\/\/proto-fest.com\/wp-content\/uploads\/2026\/04\/cropped-cropped-logo_proto6_header-01-1-1.png\",\"width\":323,\"height\":143,\"caption\":\"Proto-fest\"},\"image\":{\"@id\":\"https:\/\/proto-fest.com\/en\/#\/schema\/logo\/image\/\"}}]}<\/script>\n<!-- \/ Yoast SEO plugin. -->","yoast_head_json":{"title":"Pol\u00edtica de privacitat - Proto-fest","description":"Pol\u00edtica de privacitat del Proto-fest. Festival de M\u00fasica de Tortosa. Per a m\u00e9s informaci\u00f3 consulteu la pol\u00edtica de privacitat.","robots":{"index":"index","follow":"follow","max-snippet":"max-snippet:-1","max-image-preview":"max-image-preview:large","max-video-preview":"max-video-preview:-1"},"canonical":"https:\/\/proto-fest.com\/en\/politica-de-privadesa\/","og_locale":"en_US","og_type":"article","og_title":"Pol\u00edtica de privacitat - Proto-fest","og_description":"Pol\u00edtica de privacitat del Proto-fest. Festival de M\u00fasica de Tortosa. Per a m\u00e9s informaci\u00f3 consulteu la pol\u00edtica de privacitat.","og_url":"https:\/\/proto-fest.com\/en\/politica-de-privadesa\/","og_site_name":"Proto-fest","article_modified_time":"2023-04-18T12:41:03+00:00","twitter_card":"summary_large_image","twitter_misc":{"Est. reading time":"6 minutes"},"schema":{"@context":"https:\/\/schema.org","@graph":[{"@type":"WebPage","@id":"https:\/\/proto-fest.com\/en\/politica-de-privadesa\/","url":"https:\/\/proto-fest.com\/en\/politica-de-privadesa\/","name":"Pol\u00edtica de privacitat - Proto-fest","isPartOf":{"@id":"https:\/\/proto-fest.com\/en\/#website"},"datePublished":"2021-05-25T15:19:04+00:00","dateModified":"2023-04-18T12:41:03+00:00","description":"Pol\u00edtica de privacitat del Proto-fest. Festival de M\u00fasica de Tortosa. Per a m\u00e9s informaci\u00f3 consulteu la pol\u00edtica de privacitat.","breadcrumb":{"@id":"https:\/\/proto-fest.com\/en\/politica-de-privadesa\/#breadcrumb"},"inLanguage":"en-US","potentialAction":[{"@type":"ReadAction","target":["https:\/\/proto-fest.com\/en\/politica-de-privadesa\/"]}]},{"@type":"BreadcrumbList","@id":"https:\/\/proto-fest.com\/en\/politica-de-privadesa\/#breadcrumb","itemListElement":[{"@type":"ListItem","position":1,"name":"Home","item":"https:\/\/proto-fest.com\/en\/"},{"@type":"ListItem","position":2,"name":"Pol\u00edtica de privacitat"}]},{"@type":"WebSite","@id":"https:\/\/proto-fest.com\/en\/#website","url":"https:\/\/proto-fest.com\/en\/","name":"Proto-fest","description":"Festival de m\u00fasica Tortosa","publisher":{"@id":"https:\/\/proto-fest.com\/en\/#organization"},"potentialAction":[{"@type":"SearchAction","target":{"@type":"EntryPoint","urlTemplate":"https:\/\/proto-fest.com\/en\/?s={search_term_string}"},"query-input":"required name=search_term_string"}],"inLanguage":"en-US"},{"@type":"Organization","@id":"https:\/\/proto-fest.com\/en\/#organization","name":"Proto-fest","url":"https:\/\/proto-fest.com\/en\/","logo":{"@type":"ImageObject","inLanguage":"en-US","@id":"https:\/\/proto-fest.com\/en\/#\/schema\/logo\/image\/","url":"https:\/\/proto-fest.com\/wp-content\/uploads\/2026\/04\/cropped-cropped-logo_proto6_header-01-1-1.png","contentUrl":"https:\/\/proto-fest.com\/wp-content\/uploads\/2026\/04\/cropped-cropped-logo_proto6_header-01-1-1.png","width":323,"height":143,"caption":"Proto-fest"},"image":{"@id":"https:\/\/proto-fest.com\/en\/#\/schema\/logo\/image\/"}}]}},"_links":{"self":[{"href":"https:\/\/proto-fest.com\/en\/wp-json\/wp\/v2\/pages\/1547"}],"collection":[{"href":"https:\/\/proto-fest.com\/en\/wp-json\/wp\/v2\/pages"}],"about":[{"href":"https:\/\/proto-fest.com\/en\/wp-json\/wp\/v2\/types\/page"}],"author":[{"embeddable":true,"href":"https:\/\/proto-fest.com\/en\/wp-json\/wp\/v2\/users\/1"}],"replies":[{"embeddable":true,"href":"https:\/\/proto-fest.com\/en\/wp-json\/wp\/v2\/comments?post=1547"}],"version-history":[{"count":3,"href":"https:\/\/proto-fest.com\/en\/wp-json\/wp\/v2\/pages\/1547\/revisions"}],"predecessor-version":[{"id":1677,"href":"https:\/\/proto-fest.com\/en\/wp-json\/wp\/v2\/pages\/1547\/revisions\/1677"}],"wp:attachment":[{"href":"https:\/\/proto-fest.com\/en\/wp-json\/wp\/v2\/media?parent=1547"}],"curies":[{"name":"wp","href":"https:\/\/api.w.org\/{rel}","templated":true}]}}