{"id":59206,"date":"2024-06-20T11:25:34","date_gmt":"2024-06-20T09:25:34","guid":{"rendered":"https:\/\/proto-fest.com\/incripcions-masterclasses-2025\/"},"modified":"2026-04-03T08:43:58","modified_gmt":"2026-04-03T06:43:58","slug":"incripcions-masterclasses-2025","status":"publish","type":"page","link":"https:\/\/proto-fest.com\/en\/incripcions-masterclasses-2025\/","title":{"rendered":"Inscripcions Masterclasses 2026"},"content":{"rendered":"<p>[vc_row unlock_row_content=&#8221;yes&#8221; row_height_percent=&#8221;0&#8243; override_padding=&#8221;yes&#8221; h_padding=&#8221;2&#8243; top_padding=&#8221;2&#8243; bottom_padding=&#8221;2&#8243; back_color=&#8221;color-jevc&#8221; overlay_alpha=&#8221;50&#8243; gutter_size=&#8221;3&#8243; column_width_percent=&#8221;100&#8243; shift_y=&#8221;0&#8243; z_index=&#8221;0&#8243; uncode_shortcode_id=&#8221;153728&#8243; back_color_type=&#8221;uncode-palette&#8221; el_class=&#8221;center&#8221;][vc_column column_width_percent=&#8221;100&#8243; gutter_size=&#8221;1&#8243; overlay_alpha=&#8221;50&#8243; shift_x=&#8221;0&#8243; shift_y=&#8221;0&#8243; shift_y_down=&#8221;0&#8243; z_index=&#8221;0&#8243; medium_width=&#8221;0&#8243; mobile_width=&#8221;0&#8243; width=&#8221;1\/1&#8243;][vc_custom_heading text_color=&#8221;color-xsdn&#8221; text_font=&#8221;font-813966&#8243; text_size=&#8221;fontsize-556981&#8243; uncode_shortcode_id=&#8221;795834&#8243; el_class=&#8221;center&#8221; text_color_type=&#8221;uncode-palette&#8221;]Registration[\/vc_custom_heading][\/vc_column][\/vc_row][vc_row row_height_percent=&#8221;0&#8243; overlay_alpha=&#8221;50&#8243; gutter_size=&#8221;3&#8243; column_width_percent=&#8221;100&#8243; shift_y=&#8221;0&#8243; z_index=&#8221;0&#8243; uncode_shortcode_id=&#8221;434673&#8243; row_name=&#8221;formulari&#8221;][vc_column width=&#8221;1\/1&#8243;]\n<div class=\"wpcf7 no-js\" id=\"wpcf7-f2799-o1\" lang=\"ca\" dir=\"ltr\">\n<div class=\"screen-reader-response\"><p role=\"status\" aria-live=\"polite\" aria-atomic=\"true\"><\/p> <ul><\/ul><\/div>\n<form action=\"\/en\/wp-json\/wp\/v2\/pages\/59206#wpcf7-f2799-o1\" method=\"post\" class=\"wpcf7-form init\" aria-label=\"Formulari de contacte\" novalidate=\"novalidate\" data-status=\"init\">\n<div style=\"display: none;\">\n<input type=\"hidden\" name=\"_wpcf7\" value=\"2799\" \/>\n<input type=\"hidden\" name=\"_wpcf7_version\" value=\"5.9.5\" \/>\n<input type=\"hidden\" name=\"_wpcf7_locale\" value=\"ca\" \/>\n<input type=\"hidden\" name=\"_wpcf7_unit_tag\" value=\"wpcf7-f2799-o1\" \/>\n<input type=\"hidden\" name=\"_wpcf7_container_post\" value=\"0\" \/>\n<input type=\"hidden\" name=\"_wpcf7_posted_data_hash\" value=\"\" \/>\n<\/div>\n<p><label>Registration deadline: April 19, 2026.<\/label><br \/>\n<label>The organization will contact students to confirm participation.<\/label>\n<\/p>\n<p><label>Fields marked with * are required<\/label>\n<\/p>\n<p><label style=\"max-width:100%\"> Instrument\/ensemble\/vocal range*<br \/>\n<span class=\"wpcf7-form-control-wrap\" data-name=\"instrument\"><input size=\"40\" class=\"wpcf7-form-control wpcf7-text wpcf7-validates-as-required\" aria-required=\"true\" aria-invalid=\"false\" value=\"\" type=\"text\" name=\"instrument\" \/><\/span><\/label>\n<\/p>\n<p><label> Repertoire to work on*:<br \/>\n<span class=\"wpcf7-form-control-wrap\" data-name=\"repertori\"><input size=\"40\" class=\"wpcf7-form-control wpcf7-text wpcf7-validates-as-required\" aria-required=\"true\" aria-invalid=\"false\" value=\"\" type=\"text\" name=\"repertori\" \/><\/span><\/label>\n<\/p>\n<p><label> Level\/experience*:<br \/>\n<span class=\"wpcf7-form-control-wrap\" data-name=\"nivell\"><input size=\"40\" class=\"wpcf7-form-control wpcf7-text wpcf7-validates-as-required\" aria-required=\"true\" aria-invalid=\"false\" value=\"\" type=\"text\" name=\"nivell\" \/><\/span> <\/label>\n<\/p>\n<p><label> First and last name*:<br \/>\n<span class=\"wpcf7-form-control-wrap\" data-name=\"your-name\"><input size=\"40\" minlength=\"15\" class=\"wpcf7-form-control wpcf7-text wpcf7-validates-as-required\" autocomplete=\"name\" aria-required=\"true\" aria-invalid=\"false\" value=\"\" type=\"text\" name=\"your-name\" \/><\/span> <\/label>\n<\/p>\n<p><label> Date of birth*: dd\/mm\/yyyy<br \/>\n<span class=\"wpcf7-form-control-wrap\" data-name=\"datanaix\"><input size=\"40\" class=\"wpcf7-form-control wpcf7-text wpcf7-validates-as-required\" aria-required=\"true\" aria-invalid=\"false\" value=\"\" type=\"text\" name=\"datanaix\" \/><\/span><\/label>\n<\/p>\n<p><label> Identification number NIF*:<br \/>\n<span class=\"wpcf7-form-control-wrap\" data-name=\"dni\"><input size=\"40\" class=\"wpcf7-form-control wpcf7-text wpcf7-validates-as-required\" aria-required=\"true\" aria-invalid=\"false\" value=\"\" type=\"text\" name=\"dni\" \/><\/span> <\/label>\n<\/p>\n<p><label> Adress*:<br \/>\n<span class=\"wpcf7-form-control-wrap\" data-name=\"adress\"><input size=\"40\" class=\"wpcf7-form-control wpcf7-text wpcf7-validates-as-required\" aria-required=\"true\" aria-invalid=\"false\" value=\"\" type=\"text\" name=\"adress\" \/><\/span> <\/label>\n<\/p>\n<p><label> Postal Code*:<br \/>\n<span class=\"wpcf7-form-control-wrap\" data-name=\"cp\"><input size=\"40\" class=\"wpcf7-form-control wpcf7-text wpcf7-validates-as-required\" aria-required=\"true\" aria-invalid=\"false\" value=\"\" type=\"text\" name=\"cp\" \/><\/span> <\/label>\n<\/p>\n<p><label> City*:<br \/>\n<span class=\"wpcf7-form-control-wrap\" data-name=\"poblacio\"><input size=\"40\" class=\"wpcf7-form-control wpcf7-text wpcf7-validates-as-required\" aria-required=\"true\" aria-invalid=\"false\" value=\"\" type=\"text\" name=\"poblacio\" \/><\/span> <\/label>\n<\/p>\n<p><label> Nationality*:<br \/>\n<span class=\"wpcf7-form-control-wrap\" data-name=\"nacionalitat\"><input size=\"40\" class=\"wpcf7-form-control wpcf7-text wpcf7-validates-as-required\" aria-required=\"true\" aria-invalid=\"false\" value=\"\" type=\"text\" name=\"nacionalitat\" \/><\/span> <\/label>\n<\/p>\n<p><label> Phone*:<br \/>\n<span class=\"wpcf7-form-control-wrap\" data-name=\"telf\"><input size=\"40\" class=\"wpcf7-form-control wpcf7-text wpcf7-validates-as-required\" aria-required=\"true\" aria-invalid=\"false\" value=\"\" type=\"text\" name=\"telf\" \/><\/span> <\/label>\n<\/p>\n<p><label> Email*:<br \/>\n<span class=\"wpcf7-form-control-wrap\" data-name=\"your-email\"><input size=\"40\" class=\"wpcf7-form-control wpcf7-email wpcf7-validates-as-required wpcf7-text wpcf7-validates-as-email\" autocomplete=\"email\" aria-required=\"true\" aria-invalid=\"false\" value=\"\" type=\"email\" name=\"your-email\" \/><\/span> <\/label>\n<\/p>\n<p><label> Message (optional)<br \/>\n<span class=\"wpcf7-form-control-wrap\" data-name=\"your-message\"><textarea cols=\"40\" rows=\"10\" class=\"wpcf7-form-control wpcf7-textarea\" aria-invalid=\"false\" name=\"your-message\"><\/textarea><\/span> <\/label>\n<\/p>\n<p><input class=\"wpcf7-form-control wpcf7-submit has-spinner botofinal\" type=\"submit\" value=\"Send\" \/>\n<\/p><div class=\"wpcf7-response-output\" aria-hidden=\"true\"><\/div>\n<\/form>\n<\/div>\n[\/vc_column][\/vc_row]<\/p>\n","protected":false},"excerpt":{"rendered":"<p>[vc_row unlock_row_content=&#8221;yes&#8221; row_height_percent=&#8221;0&#8243; override_padding=&#8221;yes&#8221; h_padding=&#8221;2&#8243; top_padding=&#8221;2&#8243; bottom_padding=&#8221;2&#8243; back_color=&#8221;color-jevc&#8221; overlay_alpha=&#8221;50&#8243; gutter_size=&#8221;3&#8243; column_width_percent=&#8221;100&#8243; shift_y=&#8221;0&#8243; z_index=&#8221;0&#8243; uncode_shortcode_id=&#8221;153728&#8243; back_color_type=&#8221;uncode-palette&#8221; el_class=&#8221;center&#8221;][vc_column column_width_percent=&#8221;100&#8243; gutter_size=&#8221;1&#8243; overlay_alpha=&#8221;50&#8243; shift_x=&#8221;0&#8243; [&hellip;]<\/p>\n","protected":false},"author":1,"featured_media":0,"parent":0,"menu_order":0,"comment_status":"closed","ping_status":"closed","template":"","meta":{"_monsterinsights_skip_tracking":false,"_monsterinsights_sitenote_active":false,"_monsterinsights_sitenote_note":"","_monsterinsights_sitenote_category":0,"footnotes":""},"yoast_head":"<!-- This site is optimized with the Yoast SEO plugin v21.3 - https:\/\/yoast.com\/wordpress\/plugins\/seo\/ -->\n<title>Inscripcions Masterclasses 2026 - Proto-fest<\/title>\n<meta name=\"description\" content=\"Del 15 al 28 de juliol de 2024. El festival Proto-fest programa a la ciutat de Tortosa masterclasses de bandone\u00f3, cant, cambra, cor, corda i orquestra a c\u00e0rrec d\u2019artistes de prestigi nacional i internacional.\" \/>\n<meta name=\"robots\" content=\"index, follow, max-snippet:-1, max-image-preview:large, max-video-preview:-1\" \/>\n<link rel=\"canonical\" href=\"https:\/\/proto-fest.com\/en\/incripcions-masterclasses-2025\/\" \/>\n<meta property=\"og:locale\" content=\"en_US\" \/>\n<meta property=\"og:type\" content=\"article\" \/>\n<meta property=\"og:title\" content=\"Proto-fest. Festival de M\u00fasica de Tortosa\" \/>\n<meta property=\"og:description\" content=\"Del 18 al 30 de juliol torna el Festival de M\u00fasica de Tortosa que inundar\u00e0 amb m\u00fasica la ciutat.Del 15 al 28 de juliol de 2024. El festival Proto-fest programa a la ciutat de Tortosa masterclasses de bandone\u00f3, cant, cambra, cor, corda i orquestra a c\u00e0rrec d\u2019artistes de prestigi nacional i internacional.\" \/>\n<meta property=\"og:url\" content=\"https:\/\/proto-fest.com\/en\/incripcions-masterclasses-2025\/\" \/>\n<meta property=\"og:site_name\" content=\"Proto-fest\" \/>\n<meta property=\"article:modified_time\" content=\"2026-04-03T06:43:58+00:00\" \/>\n<meta name=\"twitter:card\" content=\"summary_large_image\" \/>\n<meta name=\"twitter:title\" content=\"Proto-fest. Festival de M\u00fasica de Tortosa\" \/>\n<meta name=\"twitter:description\" content=\"Del 15 al 28 de juliol de 2024. El festival Proto-fest programa a la ciutat de Tortosa masterclasses de bandone\u00f3, cant, cambra, cor, corda i orquestra a c\u00e0rrec d\u2019artistes de prestigi nacional i internacional.\" \/>\n<meta name=\"twitter:label1\" content=\"Est. reading time\" \/>\n\t<meta name=\"twitter:data1\" content=\"1 minute\" \/>\n<script type=\"application\/ld+json\" class=\"yoast-schema-graph\">{\"@context\":\"https:\/\/schema.org\",\"@graph\":[{\"@type\":\"WebPage\",\"@id\":\"https:\/\/proto-fest.com\/en\/incripcions-masterclasses-2025\/\",\"url\":\"https:\/\/proto-fest.com\/en\/incripcions-masterclasses-2025\/\",\"name\":\"Inscripcions Masterclasses 2026 - Proto-fest\",\"isPartOf\":{\"@id\":\"https:\/\/proto-fest.com\/en\/#website\"},\"datePublished\":\"2024-06-20T09:25:34+00:00\",\"dateModified\":\"2026-04-03T06:43:58+00:00\",\"description\":\"Del 15 al 28 de juliol de 2024. El festival Proto-fest programa a la ciutat de Tortosa masterclasses de bandone\u00f3, cant, cambra, cor, corda i orquestra a c\u00e0rrec d\u2019artistes de prestigi nacional i internacional.\",\"breadcrumb\":{\"@id\":\"https:\/\/proto-fest.com\/en\/incripcions-masterclasses-2025\/#breadcrumb\"},\"inLanguage\":\"en-US\",\"potentialAction\":[{\"@type\":\"ReadAction\",\"target\":[\"https:\/\/proto-fest.com\/en\/incripcions-masterclasses-2025\/\"]}]},{\"@type\":\"BreadcrumbList\",\"@id\":\"https:\/\/proto-fest.com\/en\/incripcions-masterclasses-2025\/#breadcrumb\",\"itemListElement\":[{\"@type\":\"ListItem\",\"position\":1,\"name\":\"Home\",\"item\":\"https:\/\/proto-fest.com\/en\/\"},{\"@type\":\"ListItem\",\"position\":2,\"name\":\"Proto-fest\"}]},{\"@type\":\"WebSite\",\"@id\":\"https:\/\/proto-fest.com\/en\/#website\",\"url\":\"https:\/\/proto-fest.com\/en\/\",\"name\":\"Proto-fest\",\"description\":\"Festival de m\u00fasica Tortosa\",\"publisher\":{\"@id\":\"https:\/\/proto-fest.com\/en\/#organization\"},\"potentialAction\":[{\"@type\":\"SearchAction\",\"target\":{\"@type\":\"EntryPoint\",\"urlTemplate\":\"https:\/\/proto-fest.com\/en\/?s={search_term_string}\"},\"query-input\":\"required name=search_term_string\"}],\"inLanguage\":\"en-US\"},{\"@type\":\"Organization\",\"@id\":\"https:\/\/proto-fest.com\/en\/#organization\",\"name\":\"Proto-fest\",\"url\":\"https:\/\/proto-fest.com\/en\/\",\"logo\":{\"@type\":\"ImageObject\",\"inLanguage\":\"en-US\",\"@id\":\"https:\/\/proto-fest.com\/en\/#\/schema\/logo\/image\/\",\"url\":\"https:\/\/proto-fest.com\/wp-content\/uploads\/2026\/04\/cropped-cropped-logo_proto6_header-01-1-1.png\",\"contentUrl\":\"https:\/\/proto-fest.com\/wp-content\/uploads\/2026\/04\/cropped-cropped-logo_proto6_header-01-1-1.png\",\"width\":323,\"height\":143,\"caption\":\"Proto-fest\"},\"image\":{\"@id\":\"https:\/\/proto-fest.com\/en\/#\/schema\/logo\/image\/\"}}]}<\/script>\n<!-- \/ Yoast SEO plugin. -->","yoast_head_json":{"title":"Inscripcions Masterclasses 2026 - Proto-fest","description":"Del 15 al 28 de juliol de 2024. El festival Proto-fest programa a la ciutat de Tortosa masterclasses de bandone\u00f3, cant, cambra, cor, corda i orquestra a c\u00e0rrec d\u2019artistes de prestigi nacional i internacional.","robots":{"index":"index","follow":"follow","max-snippet":"max-snippet:-1","max-image-preview":"max-image-preview:large","max-video-preview":"max-video-preview:-1"},"canonical":"https:\/\/proto-fest.com\/en\/incripcions-masterclasses-2025\/","og_locale":"en_US","og_type":"article","og_title":"Proto-fest. Festival de M\u00fasica de Tortosa","og_description":"Del 18 al 30 de juliol torna el Festival de M\u00fasica de Tortosa que inundar\u00e0 amb m\u00fasica la ciutat.Del 15 al 28 de juliol de 2024. El festival Proto-fest programa a la ciutat de Tortosa masterclasses de bandone\u00f3, cant, cambra, cor, corda i orquestra a c\u00e0rrec d\u2019artistes de prestigi nacional i internacional.","og_url":"https:\/\/proto-fest.com\/en\/incripcions-masterclasses-2025\/","og_site_name":"Proto-fest","article_modified_time":"2026-04-03T06:43:58+00:00","twitter_card":"summary_large_image","twitter_title":"Proto-fest. Festival de M\u00fasica de Tortosa","twitter_description":"Del 15 al 28 de juliol de 2024. El festival Proto-fest programa a la ciutat de Tortosa masterclasses de bandone\u00f3, cant, cambra, cor, corda i orquestra a c\u00e0rrec d\u2019artistes de prestigi nacional i internacional.","twitter_misc":{"Est. reading time":"1 minute"},"schema":{"@context":"https:\/\/schema.org","@graph":[{"@type":"WebPage","@id":"https:\/\/proto-fest.com\/en\/incripcions-masterclasses-2025\/","url":"https:\/\/proto-fest.com\/en\/incripcions-masterclasses-2025\/","name":"Inscripcions Masterclasses 2026 - Proto-fest","isPartOf":{"@id":"https:\/\/proto-fest.com\/en\/#website"},"datePublished":"2024-06-20T09:25:34+00:00","dateModified":"2026-04-03T06:43:58+00:00","description":"Del 15 al 28 de juliol de 2024. El festival Proto-fest programa a la ciutat de Tortosa masterclasses de bandone\u00f3, cant, cambra, cor, corda i orquestra a c\u00e0rrec d\u2019artistes de prestigi nacional i internacional.","breadcrumb":{"@id":"https:\/\/proto-fest.com\/en\/incripcions-masterclasses-2025\/#breadcrumb"},"inLanguage":"en-US","potentialAction":[{"@type":"ReadAction","target":["https:\/\/proto-fest.com\/en\/incripcions-masterclasses-2025\/"]}]},{"@type":"BreadcrumbList","@id":"https:\/\/proto-fest.com\/en\/incripcions-masterclasses-2025\/#breadcrumb","itemListElement":[{"@type":"ListItem","position":1,"name":"Home","item":"https:\/\/proto-fest.com\/en\/"},{"@type":"ListItem","position":2,"name":"Proto-fest"}]},{"@type":"WebSite","@id":"https:\/\/proto-fest.com\/en\/#website","url":"https:\/\/proto-fest.com\/en\/","name":"Proto-fest","description":"Festival de m\u00fasica Tortosa","publisher":{"@id":"https:\/\/proto-fest.com\/en\/#organization"},"potentialAction":[{"@type":"SearchAction","target":{"@type":"EntryPoint","urlTemplate":"https:\/\/proto-fest.com\/en\/?s={search_term_string}"},"query-input":"required name=search_term_string"}],"inLanguage":"en-US"},{"@type":"Organization","@id":"https:\/\/proto-fest.com\/en\/#organization","name":"Proto-fest","url":"https:\/\/proto-fest.com\/en\/","logo":{"@type":"ImageObject","inLanguage":"en-US","@id":"https:\/\/proto-fest.com\/en\/#\/schema\/logo\/image\/","url":"https:\/\/proto-fest.com\/wp-content\/uploads\/2026\/04\/cropped-cropped-logo_proto6_header-01-1-1.png","contentUrl":"https:\/\/proto-fest.com\/wp-content\/uploads\/2026\/04\/cropped-cropped-logo_proto6_header-01-1-1.png","width":323,"height":143,"caption":"Proto-fest"},"image":{"@id":"https:\/\/proto-fest.com\/en\/#\/schema\/logo\/image\/"}}]}},"_links":{"self":[{"href":"https:\/\/proto-fest.com\/en\/wp-json\/wp\/v2\/pages\/59206"}],"collection":[{"href":"https:\/\/proto-fest.com\/en\/wp-json\/wp\/v2\/pages"}],"about":[{"href":"https:\/\/proto-fest.com\/en\/wp-json\/wp\/v2\/types\/page"}],"author":[{"embeddable":true,"href":"https:\/\/proto-fest.com\/en\/wp-json\/wp\/v2\/users\/1"}],"replies":[{"embeddable":true,"href":"https:\/\/proto-fest.com\/en\/wp-json\/wp\/v2\/comments?post=59206"}],"version-history":[{"count":2,"href":"https:\/\/proto-fest.com\/en\/wp-json\/wp\/v2\/pages\/59206\/revisions"}],"predecessor-version":[{"id":60008,"href":"https:\/\/proto-fest.com\/en\/wp-json\/wp\/v2\/pages\/59206\/revisions\/60008"}],"wp:attachment":[{"href":"https:\/\/proto-fest.com\/en\/wp-json\/wp\/v2\/media?parent=59206"}],"curies":[{"name":"wp","href":"https:\/\/api.w.org\/{rel}","templated":true}]}}