{"id":59846,"date":"2025-06-21T09:34:54","date_gmt":"2025-06-21T07:34:54","guid":{"rendered":"https:\/\/proto-fest.com\/concert-inaugural-lombra-de-farinelli\/"},"modified":"2025-07-22T18:59:35","modified_gmt":"2025-07-22T16:59:35","slug":"concert-inaugural-lombra-de-farinelli","status":"publish","type":"page","link":"https:\/\/proto-fest.com\/en\/concert-inaugural-lombra-de-farinelli\/","title":{"rendered":"CONCERT INAUGURAL: L&#8217;OMBRA DE FARINELLI."},"content":{"rendered":"<p>[vc_row row_height_percent=&#8221;0&#8243; back_color=&#8221;color-jevc&#8221; overlay_alpha=&#8221;50&#8243; gutter_size=&#8221;3&#8243; column_width_percent=&#8221;100&#8243; shift_y=&#8221;0&#8243; z_index=&#8221;0&#8243; uncode_shortcode_id=&#8221;181188&#8243; back_color_type=&#8221;uncode-palette&#8221;][vc_column width=&#8221;1\/1&#8243;][vc_custom_heading text_color=&#8221;color-jevc&#8221; heading_semantic=&#8221;h1&#8243; text_font=&#8221;font-555555&#8243; text_size=&#8221;h1&#8243; uncode_shortcode_id=&#8221;153480&#8243; text_color_type=&#8221;uncode-palette&#8221;]<span class=\"font-555555\" style=\"font-weight: 400; color: #ffffff;\"><span style=\"font-weight: 400;\">INAUGURAL CONCERT: L&#8217;OMBRA DE FARINELLI (THE SHADOW OF FARINELLI)<\/span><\/span>[\/vc_custom_heading][vc_custom_heading text_color=&#8221;color-jevc&#8221; heading_semantic=&#8221;h1&#8243; text_font=&#8221;font-813966&#8243; text_size=&#8221;fontsize-828701&#8243; uncode_shortcode_id=&#8221;188022&#8243; text_color_type=&#8221;uncode-palette&#8221;]<\/p>\n<h2><span class=\"font-187764 font-102516 font-813966\" style=\"font-weight: 400; color: #ffffff;\"><span style=\"font-weight: 400;\">with Aurora Pe\u00f1a (soprano), Jordi Dom\u00e8nech (harpsichord and conducting) and the Polifem Consort ensemble, formed by Farran Sylvan James (concertmaster), Joan Espina (second violin), Jordi Armengol (viola), Oriol Aymat (cello), Mario Lisarde (violone), and Rafael Bonavita (theorbo)<\/span><\/span><\/h2>\n<p>[\/vc_custom_heading][\/vc_column][\/vc_row][vc_row unlock_row=&#8221;&#8221; row_height_percent=&#8221;0&#8243; back_color=&#8221;color-xsdn&#8221; overlay_alpha=&#8221;50&#8243; gutter_size=&#8221;3&#8243; column_width_percent=&#8221;100&#8243; shift_y=&#8221;0&#8243; z_index=&#8221;0&#8243; inverted_device_order=&#8221;yes&#8221; uncode_shortcode_id=&#8221;188268&#8243; back_color_type=&#8221;uncode-palette&#8221;][vc_column column_width_percent=&#8221;100&#8243; position_vertical=&#8221;middle&#8221; gutter_size=&#8221;1&#8243; style=&#8221;dark&#8221; overlay_alpha=&#8221;50&#8243; shift_x=&#8221;0&#8243; shift_y=&#8221;0&#8243; shift_y_down=&#8221;0&#8243; z_index=&#8221;0&#8243; medium_width=&#8221;0&#8243; mobile_width=&#8221;0&#8243; width=&#8221;1\/2&#8243; uncode_shortcode_id=&#8221;107810&#8243;][vc_custom_heading text_font=&#8221;font-105735&#8243; text_size=&#8221;h4&#8243; uncode_shortcode_id=&#8221;209956&#8243;]<span style=\"color: #000000;\">Wednesday 23rd <\/span><br \/>\n<span style=\"color: #000000;\">20.00 h<br \/>\n<\/span>[\/vc_custom_heading][vc_empty_space empty_h=&#8221;0&#8243;][vc_custom_heading heading_semantic=&#8221;h5&#8243; text_font=&#8221;font-555555&#8243; text_size=&#8221;h4&#8243; uncode_shortcode_id=&#8221;755428&#8243;]<span style=\"color: #000000;\">Reials Col\u00b7legis<\/span>[\/vc_custom_heading][vc_custom_heading heading_semantic=&#8221;h3&#8243; text_font=&#8221;font-942005&#8243; text_size=&#8221;h5&#8243; text_weight=&#8221;400&#8243; uncode_shortcode_id=&#8221;166169&#8243;]<span style=\"color: #000000;\"><a style=\"color: #000000;\" href=\"https:\/\/maps.app.goo.gl\/ZEHxDTV5vbFMqoR48\" target=\"_blank\" rel=\"noopener\">See location<\/a><\/span>[\/vc_custom_heading][vc_empty_space empty_h=&#8221;0&#8243;][vc_custom_heading heading_semantic=&#8221;h5&#8243; text_font=&#8221;font-555555&#8243; text_size=&#8221;h5&#8243; uncode_shortcode_id=&#8221;124157&#8243;]<span style=\"color: #000000;\">Free admission with reservation<\/span>[\/vc_custom_heading][vc_empty_space empty_h=&#8221;0&#8243;][vc_button size=&#8221;btn-xl&#8221; border_width=&#8221;0&#8243; button_color_type=&#8221;uncode-solid&#8221; button_color_solid=&#8221;#ffdc00&#8243; uncode_shortcode_id=&#8221;566052&#8243; el_class=&#8221;butonins&#8221; link=&#8221;url:https%3A%2F%2Febreticket.cat%2Fesdeveniments%2Flombra-de-farinelli-23-7-25%2F|title:L&#8217;ombra%20de%20Farinelli&#8221;]BUY TICKET[\/vc_button][\/vc_column][vc_column width=&#8221;1\/2&#8243;][vc_single_image media=&#8221;59375&#8243; media_width_percent=&#8221;100&#8243; uncode_shortcode_id=&#8221;256128&#8243;][\/vc_column][\/vc_row][vc_row][vc_column width=&#8221;1\/1&#8243;][vc_separator sep_color=&#8221;color-jevc&#8221; uncode_shortcode_id=&#8221;102172&#8243; sep_color_type=&#8221;uncode-palette&#8221;][vc_custom_heading heading_semantic=&#8221;h5&#8243; text_font=&#8221;font-555555&#8243; text_size=&#8221;h4&#8243; uncode_shortcode_id=&#8221;195962&#8243;]<span style=\"font-weight: 400;\">This concert pays homage to 18th century Baroque opera and the vocal virtuosity of leading figures such as Farinelli. The Valencian soprano Aurora Pe\u00f1a performs outstanding arias by composers such as Vivaldi, H\u00e4ndel, Hasse, Porpora, Vinci and Broschi. The programme includes pieces such as <em>Gelido in ogni vena<\/em>, <em>Alma oppressa <\/em>and <em>Alto Giove<\/em>, and overtures and symphonies such as <em>Farnace, Polifemo, Calcante ed Achille<\/em> and <em>La caduta de\u2019 Decemviri<\/em>. Also included are<em> Son qual nave<\/em>, the aria di bravura by Farinelli\u2019s brother, and the final aria of <em>Il trionfo del Tempo e del Disinganno<\/em>, by H\u00e4ndel.<\/span>[\/vc_custom_heading][vc_separator sep_color=&#8221;color-jevc&#8221; uncode_shortcode_id=&#8221;102172&#8243; sep_color_type=&#8221;uncode-palette&#8221;][vc_column_text text_lead=&#8221;yes&#8221; text_color=&#8221;color-jevc&#8221; uncode_shortcode_id=&#8221;458757&#8243; text_color_type=&#8221;uncode-palette&#8221;]<span style=\"color: #000000;\"><strong>PERFORMERS<\/strong><\/span><\/p>\n<p><b>Aurora Pe\u00f1a<\/b><span style=\"font-weight: 400;\">born in Valencia, she has won several international awards, including First Prize in the Lyrical Category of the Les Corts Competition, and the Ferrer-Salat Award of the Tenor Vi\u00f1as Competition. She has performed as soloist on stages such as the Teatro Real, the Wiener Konzerthaus, the Palau de la M\u00fasica Catalana and others, under the batton of famous conductors. In opera, she has performed notable roles such as Gilda (Rigoletto), Norina (Don Pasquale) and Pamina (Die Zauberfl\u00f6te), and is soon to make her debut as Adina in L\u2019elisir d\u2019amore. She has also sung in concerts of major works, such as Carmina Burana, Messiah and Stabat Mater, and has released contemporary music. She has recorded several CDs, and trained at the Higher Conservatory of Valencia and at ESMUC. She also has a degree in English Philology and is an award-winner in literature.<br \/>\n<\/span><\/p>\n<p><b><i>Polifem Consort <\/i><\/b><span style=\"font-weight: 400;\">is a Catalan ensemble specialized in early music, with a particular focus on the Baroque period. It brings together some of the leading specialists in this musical field from our country, who regularly perform with internationally renowned ensembles, conductors, and soloists such as Jordi Savall, Fabio Biondi, William Christie, and Marc Minkowski.<\/span><\/p>\n<p>&nbsp;<\/p>\n<p><span style=\"color: #000000;\"><strong>DIRECTOR<\/strong><\/span><\/p>\n<p><b>Jordi Dom\u00e8nech <\/b><span style=\"font-weight: 400;\"> is a Catalan counter tenor known for his versatility and expressiveness in both baroque and contemporary works. Initially trained as a pianist, he specialised in voice in Switzerland and has performed on the leading stages of Europe and Asia. He has worked with prestigious conductors such as William Christie, Fabio Biondi and Ren\u00e9 Jacobs, and has taken part in opera productions, oratorios and recitals. In addition to his career as a performer, Dom\u00e8nech is a composer and teacher, and is known for his artistic sensitivity, which makes him unique in today\u2019s lyrical scene.<br \/>\n<\/span>[\/vc_column_text][\/vc_column][\/vc_row]<\/p>\n","protected":false},"excerpt":{"rendered":"<p>[vc_row row_height_percent=&#8221;0&#8243; back_color=&#8221;color-jevc&#8221; overlay_alpha=&#8221;50&#8243; gutter_size=&#8221;3&#8243; column_width_percent=&#8221;100&#8243; shift_y=&#8221;0&#8243; z_index=&#8221;0&#8243; uncode_shortcode_id=&#8221;181188&#8243; back_color_type=&#8221;uncode-palette&#8221;][vc_column width=&#8221;1\/1&#8243;][vc_custom_heading text_color=&#8221;color-jevc&#8221; heading_semantic=&#8221;h1&#8243; text_font=&#8221;font-555555&#8243; text_size=&#8221;h1&#8243; uncode_shortcode_id=&#8221;153480&#8243; text_color_type=&#8221;uncode-palette&#8221;]INAUGURAL CONCERT: L&#8217;OMBRA DE [&hellip;]<\/p>\n","protected":false},"author":1,"featured_media":0,"parent":0,"menu_order":0,"comment_status":"closed","ping_status":"closed","template":"","meta":{"_monsterinsights_skip_tracking":false,"_monsterinsights_sitenote_active":false,"_monsterinsights_sitenote_note":"","_monsterinsights_sitenote_category":0,"footnotes":""},"yoast_head":"<!-- This site is optimized with the Yoast SEO plugin v21.3 - https:\/\/yoast.com\/wordpress\/plugins\/seo\/ -->\n<title>CONCERT INAUGURAL: L&#039;OMBRA DE FARINELLI. - Proto-fest<\/title>\n<meta name=\"description\" content=\"A c\u00e0rrec d&#039;Aurora Pe\u00f1a (soprano) i Jordi Dom\u00e8nech (clave i direcci\u00f3) al Proto-fest 5, Festival de M\u00fasica de Tortosa.\" \/>\n<meta name=\"robots\" content=\"index, follow, max-snippet:-1, max-image-preview:large, max-video-preview:-1\" \/>\n<link rel=\"canonical\" href=\"https:\/\/proto-fest.com\/en\/concert-inaugural-lombra-de-farinelli\/\" \/>\n<meta property=\"og:locale\" content=\"en_US\" \/>\n<meta property=\"og:type\" content=\"article\" \/>\n<meta property=\"og:title\" content=\"CONCERT INAUGURAL: L\u2019OMBRA DE FARINELLI\" \/>\n<meta property=\"og:description\" content=\"A c\u00e0rrec d&#039;Aurora Pe\u00f1a i Jordi Dom\u00e8nech al Proto-fest 5, Festival de M\u00fasica de Tortosa.\" \/>\n<meta property=\"og:url\" content=\"https:\/\/proto-fest.com\/en\/concert-inaugural-lombra-de-farinelli\/\" \/>\n<meta property=\"og:site_name\" content=\"Proto-fest\" \/>\n<meta property=\"article:modified_time\" content=\"2025-07-22T16:59:35+00:00\" \/>\n<meta property=\"og:image\" content=\"https:\/\/proto-fest.com\/wp-content\/uploads\/2025\/05\/logo_proto5_social-01.png\" \/>\n\t<meta property=\"og:image:width\" content=\"200\" \/>\n\t<meta property=\"og:image:height\" content=\"200\" \/>\n\t<meta property=\"og:image:type\" content=\"image\/png\" \/>\n<meta name=\"twitter:card\" content=\"summary_large_image\" \/>\n<meta name=\"twitter:title\" content=\"CONCERT INAUGURAL: L\u2019OMBRA DE FARINELLI\" \/>\n<meta name=\"twitter:description\" content=\"A c\u00e0rrec d&#039;Aurora Pe\u00f1a i Jordi Dom\u00e8nech al Proto-fest 5, Festival de M\u00fasica de Tortosa.\" \/>\n<meta name=\"twitter:image\" content=\"https:\/\/proto-fest.com\/wp-content\/uploads\/2025\/05\/logo_proto5_social-01.png\" \/>\n<meta name=\"twitter:label1\" content=\"Est. reading time\" \/>\n\t<meta name=\"twitter:data1\" content=\"4 minutes\" \/>\n<script type=\"application\/ld+json\" class=\"yoast-schema-graph\">{\"@context\":\"https:\/\/schema.org\",\"@graph\":[{\"@type\":\"WebPage\",\"@id\":\"https:\/\/proto-fest.com\/en\/concert-inaugural-lombra-de-farinelli\/\",\"url\":\"https:\/\/proto-fest.com\/en\/concert-inaugural-lombra-de-farinelli\/\",\"name\":\"CONCERT INAUGURAL: L'OMBRA DE FARINELLI. - Proto-fest\",\"isPartOf\":{\"@id\":\"https:\/\/proto-fest.com\/en\/#website\"},\"datePublished\":\"2025-06-21T07:34:54+00:00\",\"dateModified\":\"2025-07-22T16:59:35+00:00\",\"description\":\"A c\u00e0rrec d'Aurora Pe\u00f1a (soprano) i Jordi Dom\u00e8nech (clave i direcci\u00f3) al Proto-fest 5, Festival de M\u00fasica de Tortosa.\",\"breadcrumb\":{\"@id\":\"https:\/\/proto-fest.com\/en\/concert-inaugural-lombra-de-farinelli\/#breadcrumb\"},\"inLanguage\":\"en-US\",\"potentialAction\":[{\"@type\":\"ReadAction\",\"target\":[\"https:\/\/proto-fest.com\/en\/concert-inaugural-lombra-de-farinelli\/\"]}]},{\"@type\":\"BreadcrumbList\",\"@id\":\"https:\/\/proto-fest.com\/en\/concert-inaugural-lombra-de-farinelli\/#breadcrumb\",\"itemListElement\":[{\"@type\":\"ListItem\",\"position\":1,\"name\":\"Home\",\"item\":\"https:\/\/proto-fest.com\/en\/\"},{\"@type\":\"ListItem\",\"position\":2,\"name\":\"CONCERT INAUGURAL: L&#8217;OMBRA DE FARINELLI.\"}]},{\"@type\":\"WebSite\",\"@id\":\"https:\/\/proto-fest.com\/en\/#website\",\"url\":\"https:\/\/proto-fest.com\/en\/\",\"name\":\"Proto-fest\",\"description\":\"Festival de m\u00fasica Tortosa\",\"publisher\":{\"@id\":\"https:\/\/proto-fest.com\/en\/#organization\"},\"potentialAction\":[{\"@type\":\"SearchAction\",\"target\":{\"@type\":\"EntryPoint\",\"urlTemplate\":\"https:\/\/proto-fest.com\/en\/?s={search_term_string}\"},\"query-input\":\"required name=search_term_string\"}],\"inLanguage\":\"en-US\"},{\"@type\":\"Organization\",\"@id\":\"https:\/\/proto-fest.com\/en\/#organization\",\"name\":\"Proto-fest\",\"url\":\"https:\/\/proto-fest.com\/en\/\",\"logo\":{\"@type\":\"ImageObject\",\"inLanguage\":\"en-US\",\"@id\":\"https:\/\/proto-fest.com\/en\/#\/schema\/logo\/image\/\",\"url\":\"https:\/\/proto-fest.com\/wp-content\/uploads\/2026\/04\/cropped-cropped-logo_proto6_header-01-1-1.png\",\"contentUrl\":\"https:\/\/proto-fest.com\/wp-content\/uploads\/2026\/04\/cropped-cropped-logo_proto6_header-01-1-1.png\",\"width\":323,\"height\":143,\"caption\":\"Proto-fest\"},\"image\":{\"@id\":\"https:\/\/proto-fest.com\/en\/#\/schema\/logo\/image\/\"}}]}<\/script>\n<!-- \/ Yoast SEO plugin. -->","yoast_head_json":{"title":"CONCERT INAUGURAL: L'OMBRA DE FARINELLI. - Proto-fest","description":"A c\u00e0rrec d'Aurora Pe\u00f1a (soprano) i Jordi Dom\u00e8nech (clave i direcci\u00f3) al Proto-fest 5, Festival de M\u00fasica de Tortosa.","robots":{"index":"index","follow":"follow","max-snippet":"max-snippet:-1","max-image-preview":"max-image-preview:large","max-video-preview":"max-video-preview:-1"},"canonical":"https:\/\/proto-fest.com\/en\/concert-inaugural-lombra-de-farinelli\/","og_locale":"en_US","og_type":"article","og_title":"CONCERT INAUGURAL: L\u2019OMBRA DE FARINELLI","og_description":"A c\u00e0rrec d'Aurora Pe\u00f1a i Jordi Dom\u00e8nech al Proto-fest 5, Festival de M\u00fasica de Tortosa.","og_url":"https:\/\/proto-fest.com\/en\/concert-inaugural-lombra-de-farinelli\/","og_site_name":"Proto-fest","article_modified_time":"2025-07-22T16:59:35+00:00","og_image":[{"width":200,"height":200,"url":"https:\/\/proto-fest.com\/wp-content\/uploads\/2025\/05\/logo_proto5_social-01.png","type":"image\/png"}],"twitter_card":"summary_large_image","twitter_title":"CONCERT INAUGURAL: L\u2019OMBRA DE FARINELLI","twitter_description":"A c\u00e0rrec d'Aurora Pe\u00f1a i Jordi Dom\u00e8nech al Proto-fest 5, Festival de M\u00fasica de Tortosa.","twitter_image":"https:\/\/proto-fest.com\/wp-content\/uploads\/2025\/05\/logo_proto5_social-01.png","twitter_misc":{"Est. reading time":"4 minutes"},"schema":{"@context":"https:\/\/schema.org","@graph":[{"@type":"WebPage","@id":"https:\/\/proto-fest.com\/en\/concert-inaugural-lombra-de-farinelli\/","url":"https:\/\/proto-fest.com\/en\/concert-inaugural-lombra-de-farinelli\/","name":"CONCERT INAUGURAL: L'OMBRA DE FARINELLI. - Proto-fest","isPartOf":{"@id":"https:\/\/proto-fest.com\/en\/#website"},"datePublished":"2025-06-21T07:34:54+00:00","dateModified":"2025-07-22T16:59:35+00:00","description":"A c\u00e0rrec d'Aurora Pe\u00f1a (soprano) i Jordi Dom\u00e8nech (clave i direcci\u00f3) al Proto-fest 5, Festival de M\u00fasica de Tortosa.","breadcrumb":{"@id":"https:\/\/proto-fest.com\/en\/concert-inaugural-lombra-de-farinelli\/#breadcrumb"},"inLanguage":"en-US","potentialAction":[{"@type":"ReadAction","target":["https:\/\/proto-fest.com\/en\/concert-inaugural-lombra-de-farinelli\/"]}]},{"@type":"BreadcrumbList","@id":"https:\/\/proto-fest.com\/en\/concert-inaugural-lombra-de-farinelli\/#breadcrumb","itemListElement":[{"@type":"ListItem","position":1,"name":"Home","item":"https:\/\/proto-fest.com\/en\/"},{"@type":"ListItem","position":2,"name":"CONCERT INAUGURAL: L&#8217;OMBRA DE FARINELLI."}]},{"@type":"WebSite","@id":"https:\/\/proto-fest.com\/en\/#website","url":"https:\/\/proto-fest.com\/en\/","name":"Proto-fest","description":"Festival de m\u00fasica Tortosa","publisher":{"@id":"https:\/\/proto-fest.com\/en\/#organization"},"potentialAction":[{"@type":"SearchAction","target":{"@type":"EntryPoint","urlTemplate":"https:\/\/proto-fest.com\/en\/?s={search_term_string}"},"query-input":"required name=search_term_string"}],"inLanguage":"en-US"},{"@type":"Organization","@id":"https:\/\/proto-fest.com\/en\/#organization","name":"Proto-fest","url":"https:\/\/proto-fest.com\/en\/","logo":{"@type":"ImageObject","inLanguage":"en-US","@id":"https:\/\/proto-fest.com\/en\/#\/schema\/logo\/image\/","url":"https:\/\/proto-fest.com\/wp-content\/uploads\/2026\/04\/cropped-cropped-logo_proto6_header-01-1-1.png","contentUrl":"https:\/\/proto-fest.com\/wp-content\/uploads\/2026\/04\/cropped-cropped-logo_proto6_header-01-1-1.png","width":323,"height":143,"caption":"Proto-fest"},"image":{"@id":"https:\/\/proto-fest.com\/en\/#\/schema\/logo\/image\/"}}]}},"_links":{"self":[{"href":"https:\/\/proto-fest.com\/en\/wp-json\/wp\/v2\/pages\/59846"}],"collection":[{"href":"https:\/\/proto-fest.com\/en\/wp-json\/wp\/v2\/pages"}],"about":[{"href":"https:\/\/proto-fest.com\/en\/wp-json\/wp\/v2\/types\/page"}],"author":[{"embeddable":true,"href":"https:\/\/proto-fest.com\/en\/wp-json\/wp\/v2\/users\/1"}],"replies":[{"embeddable":true,"href":"https:\/\/proto-fest.com\/en\/wp-json\/wp\/v2\/comments?post=59846"}],"version-history":[{"count":1,"href":"https:\/\/proto-fest.com\/en\/wp-json\/wp\/v2\/pages\/59846\/revisions"}],"predecessor-version":[{"id":59847,"href":"https:\/\/proto-fest.com\/en\/wp-json\/wp\/v2\/pages\/59846\/revisions\/59847"}],"wp:attachment":[{"href":"https:\/\/proto-fest.com\/en\/wp-json\/wp\/v2\/media?parent=59846"}],"curies":[{"name":"wp","href":"https:\/\/api.w.org\/{rel}","templated":true}]}}