{"id":59864,"date":"2025-06-21T17:16:32","date_gmt":"2025-06-21T15:16:32","guid":{"rendered":"https:\/\/proto-fest.com\/concert-joies-del-classicisme-catala-i-vienes\/"},"modified":"2025-08-01T10:00:24","modified_gmt":"2025-08-01T08:00:24","slug":"concert-joies-del-classicisme-catala-i-vienes","status":"publish","type":"page","link":"https:\/\/proto-fest.com\/en\/concert-joies-del-classicisme-catala-i-vienes\/","title":{"rendered":"CONCERT: JOIES DEL CLASSICISME CATAL\u00c0 I VIEN\u00c8S"},"content":{"rendered":"<p>[vc_row row_height_percent=&#8221;0&#8243; back_color=&#8221;color-jevc&#8221; overlay_alpha=&#8221;50&#8243; gutter_size=&#8221;3&#8243; column_width_percent=&#8221;100&#8243; shift_y=&#8221;0&#8243; z_index=&#8221;0&#8243; uncode_shortcode_id=&#8221;181188&#8243; back_color_type=&#8221;uncode-palette&#8221;][vc_column width=&#8221;1\/1&#8243;][vc_custom_heading text_color=&#8221;color-jevc&#8221; heading_semantic=&#8221;h1&#8243; text_font=&#8221;font-555555&#8243; text_size=&#8221;h1&#8243; uncode_shortcode_id=&#8221;738317&#8243; text_color_type=&#8221;uncode-palette&#8221;]<span class=\"font-555555\" style=\"font-weight: 400; color: #ffffff;\"><span style=\"font-weight: 400;\">JOIES DEL CLASSICISME CATAL\u00c0 I VIEN\u00c8S (GEMS OF CATALAN AND VIENNESE CLASSICAL PERIOD MUSIC)<\/span><\/span>[\/vc_custom_heading][vc_custom_heading text_color=&#8221;color-jevc&#8221; heading_semantic=&#8221;h1&#8243; text_font=&#8221;font-813966&#8243; text_size=&#8221;fontsize-828701&#8243; uncode_shortcode_id=&#8221;140612&#8243; text_color_type=&#8221;uncode-palette&#8221;]<\/p>\n<h2><span class=\"font-187764 font-102516 font-813966\" style=\"font-weight: 400; color: #ffffff;\"><span style=\"font-weight: 400;\">with the Catalan Chamber Orchestra <\/span><\/span><\/h2>\n<h2><span class=\"font-187764 font-102516 font-813966\" style=\"font-weight: 400; color: #ffffff;\"><span style=\"font-weight: 400;\">J\u00falia Farr\u00e9s-Llongueras, soprano <\/span><\/span><\/h2>\n<h2><span class=\"font-187764 font-102516 font-813966\" style=\"font-weight: 400; color: #ffffff;\"><span style=\"font-weight: 400;\">Xavier Pag\u00e8s-Corella, conductor\u00a0<\/span><\/span><\/h2>\n<p>[\/vc_custom_heading][\/vc_column][\/vc_row][vc_row unlock_row=&#8221;&#8221; row_height_percent=&#8221;0&#8243; back_color=&#8221;color-xsdn&#8221; overlay_alpha=&#8221;50&#8243; gutter_size=&#8221;3&#8243; column_width_percent=&#8221;100&#8243; shift_y=&#8221;0&#8243; z_index=&#8221;0&#8243; inverted_device_order=&#8221;yes&#8221; uncode_shortcode_id=&#8221;188268&#8243; back_color_type=&#8221;uncode-palette&#8221;][vc_column column_width_percent=&#8221;100&#8243; position_vertical=&#8221;middle&#8221; gutter_size=&#8221;1&#8243; style=&#8221;dark&#8221; overlay_alpha=&#8221;50&#8243; shift_x=&#8221;0&#8243; shift_y=&#8221;0&#8243; shift_y_down=&#8221;0&#8243; z_index=&#8221;0&#8243; medium_width=&#8221;0&#8243; mobile_width=&#8221;0&#8243; width=&#8221;1\/2&#8243; uncode_shortcode_id=&#8221;107810&#8243;][vc_custom_heading text_font=&#8221;font-105735&#8243; text_size=&#8221;h4&#8243; uncode_shortcode_id=&#8221;634176&#8243;]<span style=\"color: #000000;\">Thursday, 31th,<\/span><br \/>\n<span style=\"color: #000000;\">20.00 h<br \/>\n<\/span>[\/vc_custom_heading][vc_empty_space empty_h=&#8221;0&#8243;][vc_custom_heading heading_semantic=&#8221;h5&#8243; text_font=&#8221;font-555555&#8243; text_size=&#8221;h4&#8243; uncode_shortcode_id=&#8221;201897&#8243;]<span style=\"color: #000000;\">Reials Col\u00b7legis<\/span>[\/vc_custom_heading][vc_custom_heading heading_semantic=&#8221;h3&#8243; text_font=&#8221;font-942005&#8243; text_size=&#8221;h5&#8243; text_weight=&#8221;400&#8243; uncode_shortcode_id=&#8221;159735&#8243;]<span style=\"color: #000000;\"><a style=\"color: #000000;\" href=\"https:\/\/maps.app.goo.gl\/ZEHxDTV5vbFMqoR48\" target=\"_blank\" rel=\"noopener\">See location<\/a><\/span>[\/vc_custom_heading][vc_empty_space empty_h=&#8221;0&#8243;][vc_custom_heading heading_semantic=&#8221;h5&#8243; text_font=&#8221;font-555555&#8243; text_size=&#8221;h5&#8243; uncode_shortcode_id=&#8221;771848&#8243;]<span style=\"color: #000000;\">Ticket: 6\u20ac<\/span>[\/vc_custom_heading][vc_empty_space empty_h=&#8221;0&#8243;][vc_button size=&#8221;btn-xl&#8221; border_width=&#8221;0&#8243; button_color_type=&#8221;uncode-solid&#8221; button_color_solid=&#8221;#ffdc00&#8243; uncode_shortcode_id=&#8221;170187&#8243; el_class=&#8221;butonins&#8221; link=&#8221;title:Joies%20del%20classicisme%20catal%C3%A0%20i%20vien%C3%A8s&#8221;]TICKETS SOLD OUT[\/vc_button][\/vc_column][vc_column width=&#8221;1\/2&#8243;][vc_single_image media=&#8221;59439&#8243; media_width_percent=&#8221;100&#8243; uncode_shortcode_id=&#8221;244745&#8243;][\/vc_column][\/vc_row][vc_row][vc_column width=&#8221;1\/1&#8243;][vc_separator sep_color=&#8221;color-jevc&#8221; uncode_shortcode_id=&#8221;102172&#8243; sep_color_type=&#8221;uncode-palette&#8221;][vc_custom_heading heading_semantic=&#8221;h5&#8243; text_font=&#8221;font-555555&#8243; text_size=&#8221;h4&#8243; uncode_shortcode_id=&#8221;697161&#8243;]<span style=\"font-weight: 400;\">This concert will offer a<strong> journey through European classical period music<\/strong>, with works by <strong>Mateu Ferr\u00e9, F. J. Haydn<\/strong> and <strong>W. A. Mozart<\/strong>. Ferr\u00e9\u2019s <em>Simfonia en Re M<\/em> shows influences from Italy and Rossiniane, with a dramatic overture structure followed by a vibrant allegro. Written in around 1770, Haydn\u2019s <em>Symphony no 43<\/em> \u201cMercury\u201d is characterised by its lightness, lyrical themes, and unexpected developments typical of the <em>Sturm und Drang<\/em> style. In addition, the programme includes arias from <em>The Magic Flute, The Marriage of Figaro<\/em> and <em>Cos\u00ec fan tutte<\/em> by Mozart, which give a sublime touch of lyricism and emotion to this journey through the great classical repertoire.<\/span>[\/vc_custom_heading][vc_separator sep_color=&#8221;color-jevc&#8221; uncode_shortcode_id=&#8221;102172&#8243; sep_color_type=&#8221;uncode-palette&#8221;][vc_column_text text_lead=&#8221;yes&#8221; text_color=&#8221;color-jevc&#8221; uncode_shortcode_id=&#8221;443686&#8243; text_color_type=&#8221;uncode-palette&#8221;]<span style=\"color: #000000;\"><strong>PERFORMERS<\/strong><\/span><\/p>\n<p><span style=\"font-weight: 400;\">The <strong>Catalan Chamber Orchestra<\/strong> was founded by Joan P\u00e0mies in 1986. It works with up-and-coming soloists and consecrated artists, offering the youngsters the chance to perform with professionals. It provides support to contemporary art and to the promotion of the past masters, with a repertoire that covers all periods. It has performed over 700 concerts, in local venues as well as auditoriums and festivals in both Catalonia and Spain, along with countries such as France, Italy, China and Mexico. It has worked with renowned soloists and conductors, and has recorded for international radio and television stations. It has seven CDs of unpublished music, primarily Catalan. Supported by different institutions, it regularly performs in spring, summer and Christmas cycles<\/span><span style=\"font-family: -apple-system, BlinkMacSystemFont, 'Segoe UI', Roboto, Oxygen-Sans, Ubuntu, Cantarell, 'Helvetica Neue', sans-serif;\">.<\/span><\/p>\n<p>&nbsp;<\/p>\n<p><span style=\"font-weight: 400;\"><strong>J\u00falia Farr\u00e9s-Llongueras<\/strong> is a soprano who trained with Mati Pinkas and specialised with Renata Scotto in Rome. A prizewinner at competitions in Naples and Paris, she has performed operatic roles on stages such as the Palau de les Arts, La Maestranza in Seville, Peralada and Cyprus. She made her debut in Italy in 2020 with<em> Donna di veleni<\/em>. She has also excelled in light opera and oratorio, and lied played a central role in her higher education, with recitals in Catalonia, Spain, Germany, Finland and Austria. She plays a contemporary repertoire and has performed with renowned orchestras and conductors. She has recorded for European radio stations, and has published albums with the label La m\u00e0 de Guido<\/span><span style=\"font-family: -apple-system, BlinkMacSystemFont, 'Segoe UI', Roboto, Oxygen-Sans, Ubuntu, Cantarell, 'Helvetica Neue', sans-serif;\">.<\/span><\/p>\n<p>&nbsp;<\/p>\n<p><span style=\"color: #000000;\"><strong>CONDUCTOR<\/strong><\/span><\/p>\n<p><span style=\"font-weight: 400;\">Xavier Pag\u00e8s-Corella is a musician with a solid career characterized by his creativity and versatility. His artistic vision encompasses a wide range of styles, from music inspired by popular traditions to the most experimental contemporary compositions. Additionally, throughout his career, he has distinguished himself for his intense work in the performing and promotion of the Catalan musical heritage from all eras, with the firm purpose of making music an accessible, valuable, and socially transformative form of expression. He is currently the artistic director and chief conductor of the Juli\u00e0 Carbonell Symphonic Orchestra of the Region of Lleida, associate conductor of the Catalan Chamber Orchestra, and a professor at the El Liceu Higher Conservatory of Music<\/span><span style=\"font-family: -apple-system, BlinkMacSystemFont, 'Segoe UI', Roboto, Oxygen-Sans, Ubuntu, Cantarell, 'Helvetica Neue', sans-serif;\">.<\/span>[\/vc_column_text][\/vc_column][\/vc_row]<\/p>\n","protected":false},"excerpt":{"rendered":"<p>[vc_row row_height_percent=&#8221;0&#8243; back_color=&#8221;color-jevc&#8221; overlay_alpha=&#8221;50&#8243; gutter_size=&#8221;3&#8243; column_width_percent=&#8221;100&#8243; shift_y=&#8221;0&#8243; z_index=&#8221;0&#8243; uncode_shortcode_id=&#8221;181188&#8243; back_color_type=&#8221;uncode-palette&#8221;][vc_column width=&#8221;1\/1&#8243;][vc_custom_heading text_color=&#8221;color-jevc&#8221; heading_semantic=&#8221;h1&#8243; text_font=&#8221;font-555555&#8243; text_size=&#8221;h1&#8243; uncode_shortcode_id=&#8221;738317&#8243; text_color_type=&#8221;uncode-palette&#8221;]JOIES DEL CLASSICISME CATAL\u00c0 [&hellip;]<\/p>\n","protected":false},"author":1,"featured_media":0,"parent":0,"menu_order":0,"comment_status":"closed","ping_status":"closed","template":"","meta":{"_monsterinsights_skip_tracking":false,"_monsterinsights_sitenote_active":false,"_monsterinsights_sitenote_note":"","_monsterinsights_sitenote_category":0,"footnotes":""},"yoast_head":"<!-- This site is optimized with the Yoast SEO plugin v21.3 - https:\/\/yoast.com\/wordpress\/plugins\/seo\/ -->\n<title>CONCERT: JOIES DEL CLASSICISME CATAL\u00c0 I VIEN\u00c8S - Proto-fest<\/title>\n<meta name=\"description\" content=\"A c\u00e0rrec de l&#039;Orquestra de Cambra Catalana, amb la soprano J\u00falia Farr\u00e9s-Llongueras i amb la direcci\u00f3 de Xavier Pag\u00e8s-Corella.\" \/>\n<meta name=\"robots\" content=\"index, follow, max-snippet:-1, max-image-preview:large, max-video-preview:-1\" \/>\n<link rel=\"canonical\" href=\"https:\/\/proto-fest.com\/en\/concert-joies-del-classicisme-catala-i-vienes\/\" \/>\n<meta property=\"og:locale\" content=\"en_US\" \/>\n<meta property=\"og:type\" content=\"article\" \/>\n<meta property=\"og:title\" content=\"CONCERT: JOIES DEL CLASSICISME CATAL\u00c0 I VIEN\u00c8S\" \/>\n<meta property=\"og:description\" content=\"A c\u00e0rrec de l&#039;Orquestra de Cambra Catalana, amb la soprano J\u00falia Farr\u00e9s-Llongueras i amb la direcci\u00f3 de Xavier Pag\u00e8s-Corella.\" \/>\n<meta property=\"og:url\" content=\"https:\/\/proto-fest.com\/en\/concert-joies-del-classicisme-catala-i-vienes\/\" \/>\n<meta property=\"og:site_name\" content=\"Proto-fest\" \/>\n<meta property=\"article:modified_time\" content=\"2025-08-01T08:00:24+00:00\" \/>\n<meta property=\"og:image\" content=\"https:\/\/proto-fest.com\/wp-content\/uploads\/2025\/05\/logo_proto5_social-01.png\" \/>\n\t<meta property=\"og:image:width\" content=\"200\" \/>\n\t<meta property=\"og:image:height\" content=\"200\" \/>\n\t<meta property=\"og:image:type\" content=\"image\/png\" \/>\n<meta name=\"twitter:card\" content=\"summary_large_image\" \/>\n<meta name=\"twitter:title\" content=\"CONCERT: JOIES DEL CLASSICISME CATAL\u00c0 I VIEN\u00c8S\" \/>\n<meta name=\"twitter:description\" content=\"A c\u00e0rrec de l&#039;Orquestra de Cambra Catalana, amb la soprano J\u00falia Farr\u00e9s-Llongueras i amb la direcci\u00f3 de Xavier Pag\u00e8s-Corella.\" \/>\n<meta name=\"twitter:image\" content=\"https:\/\/proto-fest.com\/wp-content\/uploads\/2025\/05\/logo_proto5_social-01.png\" \/>\n<meta name=\"twitter:label1\" content=\"Est. reading time\" \/>\n\t<meta name=\"twitter:data1\" content=\"4 minutes\" \/>\n<script type=\"application\/ld+json\" class=\"yoast-schema-graph\">{\"@context\":\"https:\/\/schema.org\",\"@graph\":[{\"@type\":\"WebPage\",\"@id\":\"https:\/\/proto-fest.com\/en\/concert-joies-del-classicisme-catala-i-vienes\/\",\"url\":\"https:\/\/proto-fest.com\/en\/concert-joies-del-classicisme-catala-i-vienes\/\",\"name\":\"CONCERT: JOIES DEL CLASSICISME CATAL\u00c0 I VIEN\u00c8S - Proto-fest\",\"isPartOf\":{\"@id\":\"https:\/\/proto-fest.com\/en\/#website\"},\"datePublished\":\"2025-06-21T15:16:32+00:00\",\"dateModified\":\"2025-08-01T08:00:24+00:00\",\"description\":\"A c\u00e0rrec de l'Orquestra de Cambra Catalana, amb la soprano J\u00falia Farr\u00e9s-Llongueras i amb la direcci\u00f3 de Xavier Pag\u00e8s-Corella.\",\"breadcrumb\":{\"@id\":\"https:\/\/proto-fest.com\/en\/concert-joies-del-classicisme-catala-i-vienes\/#breadcrumb\"},\"inLanguage\":\"en-US\",\"potentialAction\":[{\"@type\":\"ReadAction\",\"target\":[\"https:\/\/proto-fest.com\/en\/concert-joies-del-classicisme-catala-i-vienes\/\"]}]},{\"@type\":\"BreadcrumbList\",\"@id\":\"https:\/\/proto-fest.com\/en\/concert-joies-del-classicisme-catala-i-vienes\/#breadcrumb\",\"itemListElement\":[{\"@type\":\"ListItem\",\"position\":1,\"name\":\"Home\",\"item\":\"https:\/\/proto-fest.com\/en\/\"},{\"@type\":\"ListItem\",\"position\":2,\"name\":\"CONCERT: JOIES DEL CLASSICISME CATAL\u00c0 I VIEN\u00c8S\"}]},{\"@type\":\"WebSite\",\"@id\":\"https:\/\/proto-fest.com\/en\/#website\",\"url\":\"https:\/\/proto-fest.com\/en\/\",\"name\":\"Proto-fest\",\"description\":\"Festival de m\u00fasica Tortosa\",\"publisher\":{\"@id\":\"https:\/\/proto-fest.com\/en\/#organization\"},\"potentialAction\":[{\"@type\":\"SearchAction\",\"target\":{\"@type\":\"EntryPoint\",\"urlTemplate\":\"https:\/\/proto-fest.com\/en\/?s={search_term_string}\"},\"query-input\":\"required name=search_term_string\"}],\"inLanguage\":\"en-US\"},{\"@type\":\"Organization\",\"@id\":\"https:\/\/proto-fest.com\/en\/#organization\",\"name\":\"Proto-fest\",\"url\":\"https:\/\/proto-fest.com\/en\/\",\"logo\":{\"@type\":\"ImageObject\",\"inLanguage\":\"en-US\",\"@id\":\"https:\/\/proto-fest.com\/en\/#\/schema\/logo\/image\/\",\"url\":\"https:\/\/proto-fest.com\/wp-content\/uploads\/2026\/04\/cropped-cropped-logo_proto6_header-01-1-1.png\",\"contentUrl\":\"https:\/\/proto-fest.com\/wp-content\/uploads\/2026\/04\/cropped-cropped-logo_proto6_header-01-1-1.png\",\"width\":323,\"height\":143,\"caption\":\"Proto-fest\"},\"image\":{\"@id\":\"https:\/\/proto-fest.com\/en\/#\/schema\/logo\/image\/\"}}]}<\/script>\n<!-- \/ Yoast SEO plugin. -->","yoast_head_json":{"title":"CONCERT: JOIES DEL CLASSICISME CATAL\u00c0 I VIEN\u00c8S - Proto-fest","description":"A c\u00e0rrec de l'Orquestra de Cambra Catalana, amb la soprano J\u00falia Farr\u00e9s-Llongueras i amb la direcci\u00f3 de Xavier Pag\u00e8s-Corella.","robots":{"index":"index","follow":"follow","max-snippet":"max-snippet:-1","max-image-preview":"max-image-preview:large","max-video-preview":"max-video-preview:-1"},"canonical":"https:\/\/proto-fest.com\/en\/concert-joies-del-classicisme-catala-i-vienes\/","og_locale":"en_US","og_type":"article","og_title":"CONCERT: JOIES DEL CLASSICISME CATAL\u00c0 I VIEN\u00c8S","og_description":"A c\u00e0rrec de l'Orquestra de Cambra Catalana, amb la soprano J\u00falia Farr\u00e9s-Llongueras i amb la direcci\u00f3 de Xavier Pag\u00e8s-Corella.","og_url":"https:\/\/proto-fest.com\/en\/concert-joies-del-classicisme-catala-i-vienes\/","og_site_name":"Proto-fest","article_modified_time":"2025-08-01T08:00:24+00:00","og_image":[{"width":200,"height":200,"url":"https:\/\/proto-fest.com\/wp-content\/uploads\/2025\/05\/logo_proto5_social-01.png","type":"image\/png"}],"twitter_card":"summary_large_image","twitter_title":"CONCERT: JOIES DEL CLASSICISME CATAL\u00c0 I VIEN\u00c8S","twitter_description":"A c\u00e0rrec de l'Orquestra de Cambra Catalana, amb la soprano J\u00falia Farr\u00e9s-Llongueras i amb la direcci\u00f3 de Xavier Pag\u00e8s-Corella.","twitter_image":"https:\/\/proto-fest.com\/wp-content\/uploads\/2025\/05\/logo_proto5_social-01.png","twitter_misc":{"Est. reading time":"4 minutes"},"schema":{"@context":"https:\/\/schema.org","@graph":[{"@type":"WebPage","@id":"https:\/\/proto-fest.com\/en\/concert-joies-del-classicisme-catala-i-vienes\/","url":"https:\/\/proto-fest.com\/en\/concert-joies-del-classicisme-catala-i-vienes\/","name":"CONCERT: JOIES DEL CLASSICISME CATAL\u00c0 I VIEN\u00c8S - Proto-fest","isPartOf":{"@id":"https:\/\/proto-fest.com\/en\/#website"},"datePublished":"2025-06-21T15:16:32+00:00","dateModified":"2025-08-01T08:00:24+00:00","description":"A c\u00e0rrec de l'Orquestra de Cambra Catalana, amb la soprano J\u00falia Farr\u00e9s-Llongueras i amb la direcci\u00f3 de Xavier Pag\u00e8s-Corella.","breadcrumb":{"@id":"https:\/\/proto-fest.com\/en\/concert-joies-del-classicisme-catala-i-vienes\/#breadcrumb"},"inLanguage":"en-US","potentialAction":[{"@type":"ReadAction","target":["https:\/\/proto-fest.com\/en\/concert-joies-del-classicisme-catala-i-vienes\/"]}]},{"@type":"BreadcrumbList","@id":"https:\/\/proto-fest.com\/en\/concert-joies-del-classicisme-catala-i-vienes\/#breadcrumb","itemListElement":[{"@type":"ListItem","position":1,"name":"Home","item":"https:\/\/proto-fest.com\/en\/"},{"@type":"ListItem","position":2,"name":"CONCERT: JOIES DEL CLASSICISME CATAL\u00c0 I VIEN\u00c8S"}]},{"@type":"WebSite","@id":"https:\/\/proto-fest.com\/en\/#website","url":"https:\/\/proto-fest.com\/en\/","name":"Proto-fest","description":"Festival de m\u00fasica Tortosa","publisher":{"@id":"https:\/\/proto-fest.com\/en\/#organization"},"potentialAction":[{"@type":"SearchAction","target":{"@type":"EntryPoint","urlTemplate":"https:\/\/proto-fest.com\/en\/?s={search_term_string}"},"query-input":"required name=search_term_string"}],"inLanguage":"en-US"},{"@type":"Organization","@id":"https:\/\/proto-fest.com\/en\/#organization","name":"Proto-fest","url":"https:\/\/proto-fest.com\/en\/","logo":{"@type":"ImageObject","inLanguage":"en-US","@id":"https:\/\/proto-fest.com\/en\/#\/schema\/logo\/image\/","url":"https:\/\/proto-fest.com\/wp-content\/uploads\/2026\/04\/cropped-cropped-logo_proto6_header-01-1-1.png","contentUrl":"https:\/\/proto-fest.com\/wp-content\/uploads\/2026\/04\/cropped-cropped-logo_proto6_header-01-1-1.png","width":323,"height":143,"caption":"Proto-fest"},"image":{"@id":"https:\/\/proto-fest.com\/en\/#\/schema\/logo\/image\/"}}]}},"_links":{"self":[{"href":"https:\/\/proto-fest.com\/en\/wp-json\/wp\/v2\/pages\/59864"}],"collection":[{"href":"https:\/\/proto-fest.com\/en\/wp-json\/wp\/v2\/pages"}],"about":[{"href":"https:\/\/proto-fest.com\/en\/wp-json\/wp\/v2\/types\/page"}],"author":[{"embeddable":true,"href":"https:\/\/proto-fest.com\/en\/wp-json\/wp\/v2\/users\/1"}],"replies":[{"embeddable":true,"href":"https:\/\/proto-fest.com\/en\/wp-json\/wp\/v2\/comments?post=59864"}],"version-history":[{"count":2,"href":"https:\/\/proto-fest.com\/en\/wp-json\/wp\/v2\/pages\/59864\/revisions"}],"predecessor-version":[{"id":59949,"href":"https:\/\/proto-fest.com\/en\/wp-json\/wp\/v2\/pages\/59864\/revisions\/59949"}],"wp:attachment":[{"href":"https:\/\/proto-fest.com\/en\/wp-json\/wp\/v2\/media?parent=59864"}],"curies":[{"name":"wp","href":"https:\/\/api.w.org\/{rel}","templated":true}]}}