{"id":59878,"date":"2025-06-21T10:42:58","date_gmt":"2025-06-21T08:42:58","guid":{"rendered":"https:\/\/proto-fest.com\/espectacle-esquerda-1-crit\/"},"modified":"2025-07-23T16:32:36","modified_gmt":"2025-07-23T14:32:36","slug":"espectacle-esquerda-1-crit","status":"publish","type":"page","link":"https:\/\/proto-fest.com\/en\/espectacle-esquerda-1-crit\/","title":{"rendered":"ESPECTACLE: ESQUERDA I &#8211; CRIT."},"content":{"rendered":"<p>[vc_row row_height_percent=&#8221;0&#8243; back_color=&#8221;color-jevc&#8221; overlay_alpha=&#8221;50&#8243; gutter_size=&#8221;3&#8243; column_width_percent=&#8221;100&#8243; shift_y=&#8221;0&#8243; z_index=&#8221;0&#8243; uncode_shortcode_id=&#8221;181188&#8243; back_color_type=&#8221;uncode-palette&#8221;][vc_column width=&#8221;1\/1&#8243;][vc_custom_heading text_color=&#8221;color-jevc&#8221; heading_semantic=&#8221;h1&#8243; text_font=&#8221;font-813966&#8243; text_size=&#8221;fontsize-828701&#8243; uncode_shortcode_id=&#8221;403790&#8243; text_color_type=&#8221;uncode-palette&#8221;]<\/p>\n<h3><span class=\"font-187764 font-102516 font-813966\" style=\"font-weight: 400; color: #ffffff;\"><span style=\"font-weight: 400;\">Commemoration of the start of the Battle of the Ebro<\/span><\/span><\/h3>\n<p>[\/vc_custom_heading][vc_custom_heading text_color=&#8221;color-jevc&#8221; heading_semantic=&#8221;h1&#8243; text_font=&#8221;font-555555&#8243; text_size=&#8221;h1&#8243; uncode_shortcode_id=&#8221;100175&#8243; text_color_type=&#8221;uncode-palette&#8221;]<span class=\"font-555555\" style=\"font-weight: 400; color: #ffffff;\"><span style=\"font-weight: 400;\">ESQUERDA I: CRIT (CREVICE I: CRY) <\/span><\/span>[\/vc_custom_heading][vc_custom_heading text_color=&#8221;color-jevc&#8221; heading_semantic=&#8221;h1&#8243; text_font=&#8221;font-813966&#8243; text_size=&#8221;fontsize-828701&#8243; uncode_shortcode_id=&#8221;150283&#8243; text_color_type=&#8221;uncode-palette&#8221;]<\/p>\n<h2><span class=\"font-187764 font-102516 font-813966\" style=\"font-weight: 400; color: #ffffff;\"><span style=\"font-weight: 400;\">Swan Ensemble Quartet formed by Cristina Morell and Colli Chan (violin), Jordi Morell (viola), and Natalie Hancock (cello).<\/span><\/span><\/h2>\n<h2><span class=\"font-187764 font-102516 font-813966\" style=\"font-weight: 400; color: #ffffff;\"><span style=\"font-weight: 400;\">Mireia Andreu and Jaume Mart\u00ednez, art direction<\/span><\/span><\/h2>\n<p>[\/vc_custom_heading][\/vc_column][\/vc_row][vc_row unlock_row=&#8221;&#8221; row_height_percent=&#8221;0&#8243; back_color=&#8221;color-xsdn&#8221; overlay_alpha=&#8221;50&#8243; gutter_size=&#8221;3&#8243; column_width_percent=&#8221;100&#8243; shift_y=&#8221;0&#8243; z_index=&#8221;0&#8243; inverted_device_order=&#8221;yes&#8221; uncode_shortcode_id=&#8221;188268&#8243; back_color_type=&#8221;uncode-palette&#8221;][vc_column column_width_percent=&#8221;100&#8243; position_vertical=&#8221;middle&#8221; gutter_size=&#8221;1&#8243; style=&#8221;dark&#8221; overlay_alpha=&#8221;50&#8243; shift_x=&#8221;0&#8243; shift_y=&#8221;0&#8243; shift_y_down=&#8221;0&#8243; z_index=&#8221;0&#8243; medium_width=&#8221;0&#8243; mobile_width=&#8221;0&#8243; width=&#8221;1\/2&#8243; uncode_shortcode_id=&#8221;107810&#8243;][vc_custom_heading text_font=&#8221;font-105735&#8243; text_size=&#8221;h4&#8243; uncode_shortcode_id=&#8221;132368&#8243;]<span style=\"color: #000000;\">Thursday, 24th,<\/span><br \/>\n<span style=\"color: #000000;\">22.30 h<br \/>\n<\/span>[\/vc_custom_heading][vc_empty_space empty_h=&#8221;0&#8243;][vc_custom_heading heading_semantic=&#8221;h5&#8243; text_font=&#8221;font-555555&#8243; text_size=&#8221;h4&#8243; uncode_shortcode_id=&#8221;169943&#8243;]<span style=\"color: #000000;\">Dolors Square<\/span>[\/vc_custom_heading][vc_custom_heading heading_semantic=&#8221;h3&#8243; text_font=&#8221;font-942005&#8243; text_size=&#8221;h5&#8243; text_weight=&#8221;400&#8243; uncode_shortcode_id=&#8221;140147&#8243;]<span style=\"color: #000000;\"><a style=\"color: #000000;\" href=\"https:\/\/maps.app.goo.gl\/adBeNKcLpNyiBRS36\" target=\"_blank\" rel=\"noopener\">See location<\/a><\/span>[\/vc_custom_heading][vc_empty_space empty_h=&#8221;0&#8243;][vc_custom_heading heading_semantic=&#8221;h5&#8243; text_font=&#8221;font-555555&#8243; text_size=&#8221;h5&#8243; uncode_shortcode_id=&#8221;120061&#8243;]<span style=\"color: #000000;\">Free admission.<\/span>[\/vc_custom_heading][\/vc_column][vc_column width=&#8221;1\/2&#8243;][vc_single_image media=&#8221;59404&#8243; media_width_percent=&#8221;100&#8243; uncode_shortcode_id=&#8221;176651&#8243;][\/vc_column][\/vc_row][vc_row][vc_column width=&#8221;1\/1&#8243;][vc_separator sep_color=&#8221;color-jevc&#8221; uncode_shortcode_id=&#8221;102172&#8243; sep_color_type=&#8221;uncode-palette&#8221;][vc_custom_heading heading_semantic=&#8221;h5&#8243; text_font=&#8221;font-555555&#8243; text_size=&#8221;h4&#8243; uncode_shortcode_id=&#8221;778157&#8243;]<span style=\"font-weight: 400;\"><strong>Crit<\/strong> is not a performance: it is an open wound of indifference, driven in by a hammer made of strings. <strong>Video art<\/strong> in five scenes, <\/span><span style=\"font-weight: 400;\">segued by the shrill sobbing of <strong>Shostakovich\u2019s Quartet no. 8<\/strong> \u2014music that is not played, but that bleeds. <\/span><span style=\"font-weight: 400;\">Crit is part of the event held to commemorate <\/span><span style=\"font-weight: 400;\">the start of the <strong>Battle of the Ebro<\/strong> on 25 July 1938, a battle in which <\/span><span style=\"font-weight: 400;\">Tortosa collapsed into burning remnants of rubble and memories. The cry became cemented under the city\u2019s skin like a fissure that never heals. <\/span><span style=\"font-weight: 400;\">An artistic experience held in Pla\u00e7a dels Dolors, a special location in Tortosa that suffered the ravages of the Civil War, on the date of the start of struggle that was to mark the country forever.<\/span><\/p>\n<p>&nbsp;<\/p>\n<p><span style=\"font-weight: 400;\">Composed in just three days in Dresden in 1960, after a visit to the ruins of the city destroyed by allied bombing in World War Two, <strong>String Quartet no. 8 in C minor<\/strong>, <strong>op. 110<\/strong> by <strong>Dmitri Shostakovich<\/strong> is a piece dedicated to the victims of fascism and of the war. It is considered one of the major chamber symphonies of the 20th century. It is often performed as both an individual and group <b>intimate requiem<\/b>. With this soundtrack at the core of the performance, <b><i>Crit<\/i><\/b> will combine music and audiovisuals to provoke an open wound of indifference, driven in by a hammer made of strings. Video art in five scenes, segued by the shrill sobbing of <i>Shostakovich\u2019s Quartet<\/i>, music that is not played, but that bleed.<\/span>[\/vc_custom_heading][vc_separator sep_color=&#8221;color-jevc&#8221; uncode_shortcode_id=&#8221;102172&#8243; sep_color_type=&#8221;uncode-palette&#8221;][vc_column_text text_lead=&#8221;yes&#8221; text_color=&#8221;color-jevc&#8221; uncode_shortcode_id=&#8221;421924&#8243; text_color_type=&#8221;uncode-palette&#8221;]<span style=\"color: #000000;\"><strong>PERFORMERS<\/strong><\/span><\/p>\n<p><span style=\"font-weight: 400;\">The <strong>Swan Ensemble<\/strong> is a chamber music ensemble that was established in 2023 to offer a captivating blend of classical elegance and contemporary innovation. With a repertoire ranging from the refined compositions of the Baroque, Classical and Romantic periods to the bold sounds of contemporary music, the ensemble plays a wide range of styles and periods. Its musical journey is the result of dedication and years of musical education at prestigious schools in London, such as the Royal Academy, the Guildhall School of Music and Drama and the Trinity Laban, along with the Royal Conservatoire of Scotland, in Glasgow<\/span><span style=\"font-family: -apple-system, BlinkMacSystemFont, 'Segoe UI', Roboto, Oxygen-Sans, Ubuntu, Cantarell, 'Helvetica Neue', sans-serif;\">.<\/span><\/p>\n<p>&nbsp;<\/p>\n<p><span style=\"color: #000000;\"><strong>ART DIRECTION<\/strong><\/span><\/p>\n<p><span style=\"font-weight: 400;\"><strong>Mireia Andreu<\/strong> studied dramatic arts and stage direction at the Institut del Teatre in Barcelona. She joined the Rodrigo Garc\u00eda\u2019s company La Carnicer\u00eda Teatro in 2001, where she was an assistant to direction and production in works that were performed at theatres and festivals throughout Europe. In 2004, she received the UB\u00da theatre award for the best contemporary production performance and, in 2009, the UNESCO award for the best contemporary theatre production. She began her own artistic career in 2005, in the field of video art and experimental film. Since then, she has created performances that could be seen in locations such as the Barcelona Museum of Contemporary Art, the Lo Pati Art Centre, the Pensa Festival of Philosophy in Barcelona, and A Cel Obert in Tortosa<\/span><span style=\"font-family: -apple-system, BlinkMacSystemFont, 'Segoe UI', Roboto, Oxygen-Sans, Ubuntu, Cantarell, 'Helvetica Neue', sans-serif;\">.<\/span><\/p>\n<p>&nbsp;<\/p>\n<p><span style=\"font-weight: 400;\"><strong>Jaume Mart\u00ednez<\/strong>  is a designer whose work includes graphic design, stage design and plastic art, always with a strong connection to Tortosa and its surroundings, and particularly sensitive towards interior spaces and the ties with architecture and urban memory. Mart\u00ednez has shown an interest in creating poetic stages that encourage the audience to delve into memories and imagination, using the city\u2019s architectural elements and being inspired by areas of silence that are often desolate of human activity. This approach shows a deep reflection of the city\u2019s evolution, the mutation of the urban network, and the meaning of human existence<\/span><span style=\"font-family: -apple-system, BlinkMacSystemFont, 'Segoe UI', Roboto, Oxygen-Sans, Ubuntu, Cantarell, 'Helvetica Neue', sans-serif;\">.<\/span>[\/vc_column_text][\/vc_column][\/vc_row]<\/p>\n","protected":false},"excerpt":{"rendered":"<p>[vc_row row_height_percent=&#8221;0&#8243; back_color=&#8221;color-jevc&#8221; overlay_alpha=&#8221;50&#8243; gutter_size=&#8221;3&#8243; column_width_percent=&#8221;100&#8243; shift_y=&#8221;0&#8243; z_index=&#8221;0&#8243; uncode_shortcode_id=&#8221;181188&#8243; back_color_type=&#8221;uncode-palette&#8221;][vc_column width=&#8221;1\/1&#8243;][vc_custom_heading text_color=&#8221;color-jevc&#8221; heading_semantic=&#8221;h1&#8243; text_font=&#8221;font-813966&#8243; text_size=&#8221;fontsize-828701&#8243; uncode_shortcode_id=&#8221;403790&#8243; text_color_type=&#8221;uncode-palette&#8221;] Commemoration of the [&hellip;]<\/p>\n","protected":false},"author":1,"featured_media":0,"parent":0,"menu_order":0,"comment_status":"closed","ping_status":"closed","template":"","meta":{"_monsterinsights_skip_tracking":false,"_monsterinsights_sitenote_active":false,"_monsterinsights_sitenote_note":"","_monsterinsights_sitenote_category":0,"footnotes":""},"yoast_head":"<!-- This site is optimized with the Yoast SEO plugin v21.3 - https:\/\/yoast.com\/wordpress\/plugins\/seo\/ -->\n<title>ESPECTACLE: ESQUERDA I - CRIT. - Proto-fest<\/title>\n<meta name=\"description\" content=\"A c\u00e0rrec de Swan Ensemble i direcci\u00f3 art\u00edstica de Mireia Andreu i Jaume Mart\u00ednez al Proto-fest 5, Festival de M\u00fasica de Tortosa.\" \/>\n<meta name=\"robots\" content=\"index, follow, max-snippet:-1, max-image-preview:large, max-video-preview:-1\" \/>\n<link rel=\"canonical\" href=\"https:\/\/proto-fest.com\/en\/espectacle-esquerda-1-crit\/\" \/>\n<meta property=\"og:locale\" content=\"en_US\" \/>\n<meta property=\"og:type\" content=\"article\" \/>\n<meta property=\"og:title\" content=\"ESPECTACLE: ESQUERDA I - CRIT\" \/>\n<meta property=\"og:description\" content=\"A c\u00e0rrec de Swan Ensemble i direcci\u00f3 art\u00edstica de Mireia Andreu i Jaume Mart\u00ednez al Proto-fest 5, Festival de M\u00fasica de Tortosa.\" \/>\n<meta property=\"og:url\" content=\"https:\/\/proto-fest.com\/en\/espectacle-esquerda-1-crit\/\" \/>\n<meta property=\"og:site_name\" content=\"Proto-fest\" \/>\n<meta property=\"article:modified_time\" content=\"2025-07-23T14:32:36+00:00\" \/>\n<meta property=\"og:image\" content=\"https:\/\/proto-fest.com\/wp-content\/uploads\/2025\/05\/logo_proto5_social-01.png\" \/>\n\t<meta property=\"og:image:width\" content=\"200\" \/>\n\t<meta property=\"og:image:height\" content=\"200\" \/>\n\t<meta property=\"og:image:type\" content=\"image\/png\" \/>\n<meta name=\"twitter:card\" content=\"summary_large_image\" \/>\n<meta name=\"twitter:title\" content=\"CONCERT INAUGURAL: L\u2019OMBRA DE FARINELLIESPECTACLE: ESQUERDA I - CRIT\" \/>\n<meta name=\"twitter:description\" content=\"A c\u00e0rrec de Swan Ensemble i direcci\u00f3 art\u00edstica de Mireia Andreu i Jaume Mart\u00ednez al Proto-fest 5, Festival de M\u00fasica de Tortosa.\" \/>\n<meta name=\"twitter:image\" content=\"https:\/\/proto-fest.com\/wp-content\/uploads\/2025\/05\/logo_proto5_social-01.png\" \/>\n<meta name=\"twitter:label1\" content=\"Est. reading time\" \/>\n\t<meta name=\"twitter:data1\" content=\"5 minutes\" \/>\n<script type=\"application\/ld+json\" class=\"yoast-schema-graph\">{\"@context\":\"https:\/\/schema.org\",\"@graph\":[{\"@type\":\"WebPage\",\"@id\":\"https:\/\/proto-fest.com\/en\/espectacle-esquerda-1-crit\/\",\"url\":\"https:\/\/proto-fest.com\/en\/espectacle-esquerda-1-crit\/\",\"name\":\"ESPECTACLE: ESQUERDA I - CRIT. - Proto-fest\",\"isPartOf\":{\"@id\":\"https:\/\/proto-fest.com\/en\/#website\"},\"datePublished\":\"2025-06-21T08:42:58+00:00\",\"dateModified\":\"2025-07-23T14:32:36+00:00\",\"description\":\"A c\u00e0rrec de Swan Ensemble i direcci\u00f3 art\u00edstica de Mireia Andreu i Jaume Mart\u00ednez al Proto-fest 5, Festival de M\u00fasica de Tortosa.\",\"breadcrumb\":{\"@id\":\"https:\/\/proto-fest.com\/en\/espectacle-esquerda-1-crit\/#breadcrumb\"},\"inLanguage\":\"en-US\",\"potentialAction\":[{\"@type\":\"ReadAction\",\"target\":[\"https:\/\/proto-fest.com\/en\/espectacle-esquerda-1-crit\/\"]}]},{\"@type\":\"BreadcrumbList\",\"@id\":\"https:\/\/proto-fest.com\/en\/espectacle-esquerda-1-crit\/#breadcrumb\",\"itemListElement\":[{\"@type\":\"ListItem\",\"position\":1,\"name\":\"Home\",\"item\":\"https:\/\/proto-fest.com\/en\/\"},{\"@type\":\"ListItem\",\"position\":2,\"name\":\"ESPECTACLE: ESQUERDA I &#8211; CRIT.\"}]},{\"@type\":\"WebSite\",\"@id\":\"https:\/\/proto-fest.com\/en\/#website\",\"url\":\"https:\/\/proto-fest.com\/en\/\",\"name\":\"Proto-fest\",\"description\":\"Festival de m\u00fasica Tortosa\",\"publisher\":{\"@id\":\"https:\/\/proto-fest.com\/en\/#organization\"},\"potentialAction\":[{\"@type\":\"SearchAction\",\"target\":{\"@type\":\"EntryPoint\",\"urlTemplate\":\"https:\/\/proto-fest.com\/en\/?s={search_term_string}\"},\"query-input\":\"required name=search_term_string\"}],\"inLanguage\":\"en-US\"},{\"@type\":\"Organization\",\"@id\":\"https:\/\/proto-fest.com\/en\/#organization\",\"name\":\"Proto-fest\",\"url\":\"https:\/\/proto-fest.com\/en\/\",\"logo\":{\"@type\":\"ImageObject\",\"inLanguage\":\"en-US\",\"@id\":\"https:\/\/proto-fest.com\/en\/#\/schema\/logo\/image\/\",\"url\":\"https:\/\/proto-fest.com\/wp-content\/uploads\/2026\/04\/cropped-cropped-logo_proto6_header-01-1-1.png\",\"contentUrl\":\"https:\/\/proto-fest.com\/wp-content\/uploads\/2026\/04\/cropped-cropped-logo_proto6_header-01-1-1.png\",\"width\":323,\"height\":143,\"caption\":\"Proto-fest\"},\"image\":{\"@id\":\"https:\/\/proto-fest.com\/en\/#\/schema\/logo\/image\/\"}}]}<\/script>\n<!-- \/ Yoast SEO plugin. -->","yoast_head_json":{"title":"ESPECTACLE: ESQUERDA I - CRIT. - Proto-fest","description":"A c\u00e0rrec de Swan Ensemble i direcci\u00f3 art\u00edstica de Mireia Andreu i Jaume Mart\u00ednez al Proto-fest 5, Festival de M\u00fasica de Tortosa.","robots":{"index":"index","follow":"follow","max-snippet":"max-snippet:-1","max-image-preview":"max-image-preview:large","max-video-preview":"max-video-preview:-1"},"canonical":"https:\/\/proto-fest.com\/en\/espectacle-esquerda-1-crit\/","og_locale":"en_US","og_type":"article","og_title":"ESPECTACLE: ESQUERDA I - CRIT","og_description":"A c\u00e0rrec de Swan Ensemble i direcci\u00f3 art\u00edstica de Mireia Andreu i Jaume Mart\u00ednez al Proto-fest 5, Festival de M\u00fasica de Tortosa.","og_url":"https:\/\/proto-fest.com\/en\/espectacle-esquerda-1-crit\/","og_site_name":"Proto-fest","article_modified_time":"2025-07-23T14:32:36+00:00","og_image":[{"width":200,"height":200,"url":"https:\/\/proto-fest.com\/wp-content\/uploads\/2025\/05\/logo_proto5_social-01.png","type":"image\/png"}],"twitter_card":"summary_large_image","twitter_title":"CONCERT INAUGURAL: L\u2019OMBRA DE FARINELLIESPECTACLE: ESQUERDA I - CRIT","twitter_description":"A c\u00e0rrec de Swan Ensemble i direcci\u00f3 art\u00edstica de Mireia Andreu i Jaume Mart\u00ednez al Proto-fest 5, Festival de M\u00fasica de Tortosa.","twitter_image":"https:\/\/proto-fest.com\/wp-content\/uploads\/2025\/05\/logo_proto5_social-01.png","twitter_misc":{"Est. reading time":"5 minutes"},"schema":{"@context":"https:\/\/schema.org","@graph":[{"@type":"WebPage","@id":"https:\/\/proto-fest.com\/en\/espectacle-esquerda-1-crit\/","url":"https:\/\/proto-fest.com\/en\/espectacle-esquerda-1-crit\/","name":"ESPECTACLE: ESQUERDA I - CRIT. - Proto-fest","isPartOf":{"@id":"https:\/\/proto-fest.com\/en\/#website"},"datePublished":"2025-06-21T08:42:58+00:00","dateModified":"2025-07-23T14:32:36+00:00","description":"A c\u00e0rrec de Swan Ensemble i direcci\u00f3 art\u00edstica de Mireia Andreu i Jaume Mart\u00ednez al Proto-fest 5, Festival de M\u00fasica de Tortosa.","breadcrumb":{"@id":"https:\/\/proto-fest.com\/en\/espectacle-esquerda-1-crit\/#breadcrumb"},"inLanguage":"en-US","potentialAction":[{"@type":"ReadAction","target":["https:\/\/proto-fest.com\/en\/espectacle-esquerda-1-crit\/"]}]},{"@type":"BreadcrumbList","@id":"https:\/\/proto-fest.com\/en\/espectacle-esquerda-1-crit\/#breadcrumb","itemListElement":[{"@type":"ListItem","position":1,"name":"Home","item":"https:\/\/proto-fest.com\/en\/"},{"@type":"ListItem","position":2,"name":"ESPECTACLE: ESQUERDA I &#8211; CRIT."}]},{"@type":"WebSite","@id":"https:\/\/proto-fest.com\/en\/#website","url":"https:\/\/proto-fest.com\/en\/","name":"Proto-fest","description":"Festival de m\u00fasica Tortosa","publisher":{"@id":"https:\/\/proto-fest.com\/en\/#organization"},"potentialAction":[{"@type":"SearchAction","target":{"@type":"EntryPoint","urlTemplate":"https:\/\/proto-fest.com\/en\/?s={search_term_string}"},"query-input":"required name=search_term_string"}],"inLanguage":"en-US"},{"@type":"Organization","@id":"https:\/\/proto-fest.com\/en\/#organization","name":"Proto-fest","url":"https:\/\/proto-fest.com\/en\/","logo":{"@type":"ImageObject","inLanguage":"en-US","@id":"https:\/\/proto-fest.com\/en\/#\/schema\/logo\/image\/","url":"https:\/\/proto-fest.com\/wp-content\/uploads\/2026\/04\/cropped-cropped-logo_proto6_header-01-1-1.png","contentUrl":"https:\/\/proto-fest.com\/wp-content\/uploads\/2026\/04\/cropped-cropped-logo_proto6_header-01-1-1.png","width":323,"height":143,"caption":"Proto-fest"},"image":{"@id":"https:\/\/proto-fest.com\/en\/#\/schema\/logo\/image\/"}}]}},"_links":{"self":[{"href":"https:\/\/proto-fest.com\/en\/wp-json\/wp\/v2\/pages\/59878"}],"collection":[{"href":"https:\/\/proto-fest.com\/en\/wp-json\/wp\/v2\/pages"}],"about":[{"href":"https:\/\/proto-fest.com\/en\/wp-json\/wp\/v2\/types\/page"}],"author":[{"embeddable":true,"href":"https:\/\/proto-fest.com\/en\/wp-json\/wp\/v2\/users\/1"}],"replies":[{"embeddable":true,"href":"https:\/\/proto-fest.com\/en\/wp-json\/wp\/v2\/comments?post=59878"}],"version-history":[{"count":1,"href":"https:\/\/proto-fest.com\/en\/wp-json\/wp\/v2\/pages\/59878\/revisions"}],"predecessor-version":[{"id":59879,"href":"https:\/\/proto-fest.com\/en\/wp-json\/wp\/v2\/pages\/59878\/revisions\/59879"}],"wp:attachment":[{"href":"https:\/\/proto-fest.com\/en\/wp-json\/wp\/v2\/media?parent=59878"}],"curies":[{"name":"wp","href":"https:\/\/api.w.org\/{rel}","templated":true}]}}