{"id":59635,"date":"2025-06-21T09:34:54","date_gmt":"2025-06-21T07:34:54","guid":{"rendered":"https:\/\/proto-fest.com\/concert-inaugural-lombra-de-farinelli\/"},"modified":"2025-07-23T11:48:57","modified_gmt":"2025-07-23T09:48:57","slug":"concert-inaugural-lombra-de-farinelli","status":"publish","type":"page","link":"https:\/\/proto-fest.com\/es\/concert-inaugural-lombra-de-farinelli\/","title":{"rendered":"CONCIERTO INAUGURAL: LA SOMBRA DE FARINELLI."},"content":{"rendered":"<p>[vc_row row_height_percent=\u00bb0&#8243; back_color=\u00bbcolor-jevc\u00bb overlay_alpha=\u00bb50&#8243; gutter_size=\u00bb3&#8243; column_width_percent=\u00bb100&#8243; shift_y=\u00bb0&#8243; z_index=\u00bb0&#8243; uncode_shortcode_id=\u00bb181188&#8243; back_color_type=\u00bbuncode-palette\u00bb][vc_column width=\u00bb1\/1&#8243;][vc_custom_heading text_color=\u00bbcolor-jevc\u00bb heading_semantic=\u00bbh1&#8243; text_font=\u00bbfont-555555&#8243; text_size=\u00bbh1&#8243; uncode_shortcode_id=\u00bb863510&#8243; text_color_type=\u00bbuncode-palette\u00bb]<span class=\"font-555555\" style=\"font-weight: 400; color: #ffffff;\"><span style=\"font-weight: 400;\">CONCIERTO INAUGURAL: LA SOMBRA DE FARINELLI.<\/span><\/span>[\/vc_custom_heading][vc_custom_heading text_color=\u00bbcolor-jevc\u00bb heading_semantic=\u00bbh1&#8243; text_font=\u00bbfont-813966&#8243; text_size=\u00bbfontsize-828701&#8243; uncode_shortcode_id=\u00bb118547&#8243; text_color_type=\u00bbuncode-palette\u00bb]<\/p>\n<h2><span class=\"font-187764 font-102516 font-813966\" style=\"font-weight: 400; color: #ffffff;\"><span style=\"font-weight: 400;\">Aurora Pe\u00f1a (soprano) y el conjunto Polifem Consort formado por Farran Sylvan James (concertino), Joan Espina (viol\u00edn II), Jordi Armengol (viola), Oriol Aymat (violonchelo), Mario Lisarde (violone) y Rafael Bonavita (tiorba) <\/span><\/span><\/h2>\n<h2><span class=\"font-187764 font-102516 font-813966\" style=\"font-weight: 400; color: #ffffff;\"><span style=\"font-weight: 400;\">Jordi Dom\u00e8nech, director<\/span><\/span><\/h2>\n<p>[\/vc_custom_heading][\/vc_column][\/vc_row][vc_row unlock_row=\u00bb\u00bb row_height_percent=\u00bb0&#8243; back_color=\u00bbcolor-xsdn\u00bb overlay_alpha=\u00bb50&#8243; gutter_size=\u00bb3&#8243; column_width_percent=\u00bb100&#8243; shift_y=\u00bb0&#8243; z_index=\u00bb0&#8243; inverted_device_order=\u00bbyes\u00bb uncode_shortcode_id=\u00bb188268&#8243; back_color_type=\u00bbuncode-palette\u00bb][vc_column column_width_percent=\u00bb100&#8243; position_vertical=\u00bbmiddle\u00bb gutter_size=\u00bb1&#8243; style=\u00bbdark\u00bb overlay_alpha=\u00bb50&#8243; shift_x=\u00bb0&#8243; shift_y=\u00bb0&#8243; shift_y_down=\u00bb0&#8243; z_index=\u00bb0&#8243; medium_width=\u00bb0&#8243; mobile_width=\u00bb0&#8243; width=\u00bb1\/2&#8243; uncode_shortcode_id=\u00bb107810&#8243;][vc_custom_heading text_font=\u00bbfont-105735&#8243; text_size=\u00bbh4&#8243; uncode_shortcode_id=\u00bb495754&#8243;]<span style=\"color: #000000;\">Mi\u00e9rcoles, 23 de julio,<\/span><br \/>\n<span style=\"color: #000000;\">a las 20.00 h<br \/>\n<\/span>[\/vc_custom_heading][vc_empty_space empty_h=\u00bb0&#8243;][vc_custom_heading heading_semantic=\u00bbh5&#8243; text_font=\u00bbfont-555555&#8243; text_size=\u00bbh4&#8243; uncode_shortcode_id=\u00bb187713&#8243;]<span style=\"color: #000000;\">Reales Colegios<\/span>[\/vc_custom_heading][vc_custom_heading heading_semantic=\u00bbh3&#8243; text_font=\u00bbfont-942005&#8243; text_size=\u00bbh5&#8243; text_weight=\u00bb400&#8243; uncode_shortcode_id=\u00bb161462&#8243;]<span style=\"color: #000000;\"><a style=\"color: #000000;\" href=\"https:\/\/maps.app.goo.gl\/ZEHxDTV5vbFMqoR48\" target=\"_blank\" rel=\"noopener\">Ver ubicaci\u00f3n<\/a><\/span>[\/vc_custom_heading][vc_empty_space empty_h=\u00bb0&#8243;][vc_custom_heading heading_semantic=\u00bbh5&#8243; text_font=\u00bbfont-555555&#8243; text_size=\u00bbh5&#8243; uncode_shortcode_id=\u00bb146267&#8243;]<span style=\"color: #000000;\">Entrada gratuita con reserva<\/span>[\/vc_custom_heading][vc_empty_space empty_h=\u00bb0&#8243;][vc_button size=\u00bbbtn-xl\u00bb border_width=\u00bb0&#8243; button_color_type=\u00bbuncode-solid\u00bb button_color_solid=\u00bb#ffdc00&#8243; uncode_shortcode_id=\u00bb616553&#8243; el_class=\u00bbbutonins\u00bb link=\u00bbtitle:L&#8217;ombra%20de%20Farinelli\u00bb]ENTRADAS AGOTADAS[\/vc_button][\/vc_column][vc_column width=\u00bb1\/2&#8243;][vc_single_image media=\u00bb59375&#8243; media_width_percent=\u00bb100&#8243; uncode_shortcode_id=\u00bb256128&#8243;][\/vc_column][\/vc_row][vc_row][vc_column width=\u00bb1\/1&#8243;][vc_separator sep_color=\u00bbcolor-jevc\u00bb uncode_shortcode_id=\u00bb102172&#8243; sep_color_type=\u00bbuncode-palette\u00bb][vc_custom_heading heading_semantic=\u00bbh5&#8243; text_font=\u00bbfont-555555&#8243; text_size=\u00bbh4&#8243; uncode_shortcode_id=\u00bb105944&#8243;]<span style=\"font-weight: 400;\">Este concierto rinde homenaje a la <strong>\u00f3pera barroca<\/strong> del siglo XVIII y al <strong>virtuosismo vocal de figuras como Farinelli<\/strong>. La soprano valenciana <strong>Aurora Pe\u00f1a<\/strong> interpreta arias brillantes de compositores como <strong>Vivaldi, H\u00e4ndel, Hasse, Porpora, Vinci y Broschi<\/strong>. El programa incluye piezas como <em>Gelido in ogni vena<\/em>, <em>Alma oppressa<\/em> o <em>Alto Giove<\/em>, as\u00ed como oberturas y sinfon\u00edas de <em>Farnace, Polifemo, Calcante ed Achille<\/em> y <em>La caduta de\u2019 Decemviri<\/em>. Tambi\u00e9n se interpreta <em>Son qual nave<\/em>, aria de tormenta del hermano de Farinelli, y el aria final de<em> Il trionfo del Tempo e del Disinganno<\/em> de <strong>H\u00e4ndel<\/strong>.<\/span>[\/vc_custom_heading][vc_separator sep_color=\u00bbcolor-jevc\u00bb uncode_shortcode_id=\u00bb102172&#8243; sep_color_type=\u00bbuncode-palette\u00bb][vc_column_text text_lead=\u00bbyes\u00bb text_color=\u00bbcolor-jevc\u00bb uncode_shortcode_id=\u00bb927476&#8243; text_color_type=\u00bbuncode-palette\u00bb]<span style=\"color: #000000;\"><strong>INT\u00c9RPRETES<\/strong><\/span><\/p>\n<p><span style=\"font-weight: 400;\">Aurora Pe\u00f1a, nacida en Valencia, ha sido galardonada con varios premios internacionales, como el Primer Premio de Canto del Concurso de Les Corts y el Premio Ferrer-Salat del Concurso Tenor Vi\u00f1as. Ha actuado como solista en escenarios como el Teatro Real, la Wiener Konzerthaus o el Palau de la M\u00fasica Catalana, bajo la direcci\u00f3n de renombrados directores. En \u00f3pera ha interpretado papeles destacados como Gilda (Rigoletto), Norina (Don Pasquale) y Pamina (Die Zauberfl\u00f6te), y pr\u00f3ximamente debutar\u00e1 como Adina en L\u2019elisir d\u2019amore. Tambi\u00e9n ha cantado en obras como Carmina Burana, Messiah y Stabat Mater, y ha estrenado m\u00fasica contempor\u00e1nea. Ha grabado varios discos y se form\u00f3 en el Conservatorio Superior de Valencia y en la ESMUC. Es adem\u00e1s licenciada en Filolog\u00eda Inglesa y premiada en literatura<\/span><span style=\"font-family: -apple-system, BlinkMacSystemFont, 'Segoe UI', Roboto, Oxygen-Sans, Ubuntu, Cantarell, 'Helvetica Neue', sans-serif;\">.<\/span><\/p>\n<p><span style=\"font-weight: 400;\"><em>Polifem Consort<\/em> es un conjunto catal\u00e1n especializado en m\u00fasica antigua, principalmente barroca. Est\u00e1 formado por destacados especialistas que colaboran habitualmente con formaciones y solistas de renombre mundial como Jordi Savall, Fabio Biondi, William Christie o Marc Minkowski. En este concierto intervendr\u00e1n Farran Sylvan James (concertino), Joan Espina (viol\u00edn II), Jordi Armengol (viola), Oriol Aymat (violoncelo), Mario Lisarde (violone) y Rafael Bonavita (tiorba).<\/span><\/p>\n<p>&nbsp;<\/p>\n<p><span style=\"color: #000000;\"><strong>DIRECTOR<\/strong><\/span><\/p>\n<p><span style=\"font-weight: 400;\">Jordi Dom\u00e8nech es un contratenor catal\u00e1n reconocido por su versatilidad y expresividad tanto en el repertorio barroco como contempor\u00e1neo. Inicialmente formado como pianista, se especializ\u00f3 en canto en Suiza y ha actuado en importantes escenarios de Europa y Asia. Ha trabajado con prestigiosos directores como William Christie, Fabio Biondi y Ren\u00e9 Jacobs. Adem\u00e1s de su carrera como int\u00e9rprete, es tambi\u00e9n compositor y pedagogo, y destaca por una sensibilidad art\u00edstica que lo convierte en una figura singular del panorama vocal actual<\/span><span style=\"font-family: -apple-system, BlinkMacSystemFont, 'Segoe UI', Roboto, Oxygen-Sans, Ubuntu, Cantarell, 'Helvetica Neue', sans-serif;\">.<\/span>[\/vc_column_text][\/vc_column][\/vc_row]<\/p>\n","protected":false},"excerpt":{"rendered":"<p>[vc_row row_height_percent=\u00bb0&#8243; back_color=\u00bbcolor-jevc\u00bb overlay_alpha=\u00bb50&#8243; gutter_size=\u00bb3&#8243; column_width_percent=\u00bb100&#8243; shift_y=\u00bb0&#8243; z_index=\u00bb0&#8243; uncode_shortcode_id=\u00bb181188&#8243; back_color_type=\u00bbuncode-palette\u00bb][vc_column width=\u00bb1\/1&#8243;][vc_custom_heading text_color=\u00bbcolor-jevc\u00bb heading_semantic=\u00bbh1&#8243; text_font=\u00bbfont-555555&#8243; text_size=\u00bbh1&#8243; uncode_shortcode_id=\u00bb863510&#8243; text_color_type=\u00bbuncode-palette\u00bb]CONCIERTO INAUGURAL: LA SOMBRA [&hellip;]<\/p>\n","protected":false},"author":1,"featured_media":0,"parent":0,"menu_order":0,"comment_status":"closed","ping_status":"closed","template":"","meta":{"_monsterinsights_skip_tracking":false,"_monsterinsights_sitenote_active":false,"_monsterinsights_sitenote_note":"","_monsterinsights_sitenote_category":0,"footnotes":""},"yoast_head":"<!-- This site is optimized with the Yoast SEO plugin v21.3 - https:\/\/yoast.com\/wordpress\/plugins\/seo\/ -->\n<title>CONCIERTO INAUGURAL: LA SOMBRA DE FARINELLI. - Proto-fest<\/title>\n<meta name=\"description\" content=\"A c\u00e0rrec d&#039;Aurora Pe\u00f1a (soprano) i Jordi Dom\u00e8nech (clave i direcci\u00f3) al Proto-fest 5, Festival de M\u00fasica de Tortosa.\" \/>\n<meta name=\"robots\" content=\"index, follow, max-snippet:-1, max-image-preview:large, max-video-preview:-1\" \/>\n<link rel=\"canonical\" href=\"https:\/\/proto-fest.com\/es\/concert-inaugural-lombra-de-farinelli\/\" \/>\n<meta property=\"og:locale\" content=\"es_ES\" \/>\n<meta property=\"og:type\" content=\"article\" \/>\n<meta property=\"og:title\" content=\"CONCERT INAUGURAL: L\u2019OMBRA DE FARINELLI\" \/>\n<meta property=\"og:description\" content=\"A c\u00e0rrec d&#039;Aurora Pe\u00f1a i Jordi Dom\u00e8nech al Proto-fest 5, Festival de M\u00fasica de Tortosa.\" \/>\n<meta property=\"og:url\" content=\"https:\/\/proto-fest.com\/es\/concert-inaugural-lombra-de-farinelli\/\" \/>\n<meta property=\"og:site_name\" content=\"Proto-fest\" \/>\n<meta property=\"article:modified_time\" content=\"2025-07-23T09:48:57+00:00\" \/>\n<meta property=\"og:image\" content=\"https:\/\/proto-fest.com\/wp-content\/uploads\/2025\/05\/logo_proto5_social-01.png\" \/>\n\t<meta property=\"og:image:width\" content=\"200\" \/>\n\t<meta property=\"og:image:height\" content=\"200\" \/>\n\t<meta property=\"og:image:type\" content=\"image\/png\" \/>\n<meta name=\"twitter:card\" content=\"summary_large_image\" \/>\n<meta name=\"twitter:title\" content=\"CONCERT INAUGURAL: L\u2019OMBRA DE FARINELLI\" \/>\n<meta name=\"twitter:description\" content=\"A c\u00e0rrec d&#039;Aurora Pe\u00f1a i Jordi Dom\u00e8nech al Proto-fest 5, Festival de M\u00fasica de Tortosa.\" \/>\n<meta name=\"twitter:image\" content=\"https:\/\/proto-fest.com\/wp-content\/uploads\/2025\/05\/logo_proto5_social-01.png\" \/>\n<meta name=\"twitter:label1\" content=\"Tiempo de lectura\" \/>\n\t<meta name=\"twitter:data1\" content=\"3 minutos\" \/>\n<script type=\"application\/ld+json\" class=\"yoast-schema-graph\">{\"@context\":\"https:\/\/schema.org\",\"@graph\":[{\"@type\":\"WebPage\",\"@id\":\"https:\/\/proto-fest.com\/es\/concert-inaugural-lombra-de-farinelli\/\",\"url\":\"https:\/\/proto-fest.com\/es\/concert-inaugural-lombra-de-farinelli\/\",\"name\":\"CONCIERTO INAUGURAL: LA SOMBRA DE FARINELLI. - Proto-fest\",\"isPartOf\":{\"@id\":\"https:\/\/proto-fest.com\/es\/#website\"},\"datePublished\":\"2025-06-21T07:34:54+00:00\",\"dateModified\":\"2025-07-23T09:48:57+00:00\",\"description\":\"A c\u00e0rrec d'Aurora Pe\u00f1a (soprano) i Jordi Dom\u00e8nech (clave i direcci\u00f3) al Proto-fest 5, Festival de M\u00fasica de Tortosa.\",\"breadcrumb\":{\"@id\":\"https:\/\/proto-fest.com\/es\/concert-inaugural-lombra-de-farinelli\/#breadcrumb\"},\"inLanguage\":\"es\",\"potentialAction\":[{\"@type\":\"ReadAction\",\"target\":[\"https:\/\/proto-fest.com\/es\/concert-inaugural-lombra-de-farinelli\/\"]}]},{\"@type\":\"BreadcrumbList\",\"@id\":\"https:\/\/proto-fest.com\/es\/concert-inaugural-lombra-de-farinelli\/#breadcrumb\",\"itemListElement\":[{\"@type\":\"ListItem\",\"position\":1,\"name\":\"Home\",\"item\":\"https:\/\/proto-fest.com\/es\/\"},{\"@type\":\"ListItem\",\"position\":2,\"name\":\"CONCIERTO INAUGURAL: LA SOMBRA DE FARINELLI.\"}]},{\"@type\":\"WebSite\",\"@id\":\"https:\/\/proto-fest.com\/es\/#website\",\"url\":\"https:\/\/proto-fest.com\/es\/\",\"name\":\"Proto-fest\",\"description\":\"Festival de m\u00fasica Tortosa\",\"publisher\":{\"@id\":\"https:\/\/proto-fest.com\/es\/#organization\"},\"potentialAction\":[{\"@type\":\"SearchAction\",\"target\":{\"@type\":\"EntryPoint\",\"urlTemplate\":\"https:\/\/proto-fest.com\/es\/?s={search_term_string}\"},\"query-input\":\"required name=search_term_string\"}],\"inLanguage\":\"es\"},{\"@type\":\"Organization\",\"@id\":\"https:\/\/proto-fest.com\/es\/#organization\",\"name\":\"Proto-fest\",\"url\":\"https:\/\/proto-fest.com\/es\/\",\"logo\":{\"@type\":\"ImageObject\",\"inLanguage\":\"es\",\"@id\":\"https:\/\/proto-fest.com\/es\/#\/schema\/logo\/image\/\",\"url\":\"https:\/\/proto-fest.com\/wp-content\/uploads\/2026\/04\/cropped-cropped-logo_proto6_header-01-1-1.png\",\"contentUrl\":\"https:\/\/proto-fest.com\/wp-content\/uploads\/2026\/04\/cropped-cropped-logo_proto6_header-01-1-1.png\",\"width\":323,\"height\":143,\"caption\":\"Proto-fest\"},\"image\":{\"@id\":\"https:\/\/proto-fest.com\/es\/#\/schema\/logo\/image\/\"}}]}<\/script>\n<!-- \/ Yoast SEO plugin. -->","yoast_head_json":{"title":"CONCIERTO INAUGURAL: LA SOMBRA DE FARINELLI. - Proto-fest","description":"A c\u00e0rrec d'Aurora Pe\u00f1a (soprano) i Jordi Dom\u00e8nech (clave i direcci\u00f3) al Proto-fest 5, Festival de M\u00fasica de Tortosa.","robots":{"index":"index","follow":"follow","max-snippet":"max-snippet:-1","max-image-preview":"max-image-preview:large","max-video-preview":"max-video-preview:-1"},"canonical":"https:\/\/proto-fest.com\/es\/concert-inaugural-lombra-de-farinelli\/","og_locale":"es_ES","og_type":"article","og_title":"CONCERT INAUGURAL: L\u2019OMBRA DE FARINELLI","og_description":"A c\u00e0rrec d'Aurora Pe\u00f1a i Jordi Dom\u00e8nech al Proto-fest 5, Festival de M\u00fasica de Tortosa.","og_url":"https:\/\/proto-fest.com\/es\/concert-inaugural-lombra-de-farinelli\/","og_site_name":"Proto-fest","article_modified_time":"2025-07-23T09:48:57+00:00","og_image":[{"width":200,"height":200,"url":"https:\/\/proto-fest.com\/wp-content\/uploads\/2025\/05\/logo_proto5_social-01.png","type":"image\/png"}],"twitter_card":"summary_large_image","twitter_title":"CONCERT INAUGURAL: L\u2019OMBRA DE FARINELLI","twitter_description":"A c\u00e0rrec d'Aurora Pe\u00f1a i Jordi Dom\u00e8nech al Proto-fest 5, Festival de M\u00fasica de Tortosa.","twitter_image":"https:\/\/proto-fest.com\/wp-content\/uploads\/2025\/05\/logo_proto5_social-01.png","twitter_misc":{"Tiempo de lectura":"3 minutos"},"schema":{"@context":"https:\/\/schema.org","@graph":[{"@type":"WebPage","@id":"https:\/\/proto-fest.com\/es\/concert-inaugural-lombra-de-farinelli\/","url":"https:\/\/proto-fest.com\/es\/concert-inaugural-lombra-de-farinelli\/","name":"CONCIERTO INAUGURAL: LA SOMBRA DE FARINELLI. - Proto-fest","isPartOf":{"@id":"https:\/\/proto-fest.com\/es\/#website"},"datePublished":"2025-06-21T07:34:54+00:00","dateModified":"2025-07-23T09:48:57+00:00","description":"A c\u00e0rrec d'Aurora Pe\u00f1a (soprano) i Jordi Dom\u00e8nech (clave i direcci\u00f3) al Proto-fest 5, Festival de M\u00fasica de Tortosa.","breadcrumb":{"@id":"https:\/\/proto-fest.com\/es\/concert-inaugural-lombra-de-farinelli\/#breadcrumb"},"inLanguage":"es","potentialAction":[{"@type":"ReadAction","target":["https:\/\/proto-fest.com\/es\/concert-inaugural-lombra-de-farinelli\/"]}]},{"@type":"BreadcrumbList","@id":"https:\/\/proto-fest.com\/es\/concert-inaugural-lombra-de-farinelli\/#breadcrumb","itemListElement":[{"@type":"ListItem","position":1,"name":"Home","item":"https:\/\/proto-fest.com\/es\/"},{"@type":"ListItem","position":2,"name":"CONCIERTO INAUGURAL: LA SOMBRA DE FARINELLI."}]},{"@type":"WebSite","@id":"https:\/\/proto-fest.com\/es\/#website","url":"https:\/\/proto-fest.com\/es\/","name":"Proto-fest","description":"Festival de m\u00fasica Tortosa","publisher":{"@id":"https:\/\/proto-fest.com\/es\/#organization"},"potentialAction":[{"@type":"SearchAction","target":{"@type":"EntryPoint","urlTemplate":"https:\/\/proto-fest.com\/es\/?s={search_term_string}"},"query-input":"required name=search_term_string"}],"inLanguage":"es"},{"@type":"Organization","@id":"https:\/\/proto-fest.com\/es\/#organization","name":"Proto-fest","url":"https:\/\/proto-fest.com\/es\/","logo":{"@type":"ImageObject","inLanguage":"es","@id":"https:\/\/proto-fest.com\/es\/#\/schema\/logo\/image\/","url":"https:\/\/proto-fest.com\/wp-content\/uploads\/2026\/04\/cropped-cropped-logo_proto6_header-01-1-1.png","contentUrl":"https:\/\/proto-fest.com\/wp-content\/uploads\/2026\/04\/cropped-cropped-logo_proto6_header-01-1-1.png","width":323,"height":143,"caption":"Proto-fest"},"image":{"@id":"https:\/\/proto-fest.com\/es\/#\/schema\/logo\/image\/"}}]}},"_links":{"self":[{"href":"https:\/\/proto-fest.com\/es\/wp-json\/wp\/v2\/pages\/59635"}],"collection":[{"href":"https:\/\/proto-fest.com\/es\/wp-json\/wp\/v2\/pages"}],"about":[{"href":"https:\/\/proto-fest.com\/es\/wp-json\/wp\/v2\/types\/page"}],"author":[{"embeddable":true,"href":"https:\/\/proto-fest.com\/es\/wp-json\/wp\/v2\/users\/1"}],"replies":[{"embeddable":true,"href":"https:\/\/proto-fest.com\/es\/wp-json\/wp\/v2\/comments?post=59635"}],"version-history":[{"count":6,"href":"https:\/\/proto-fest.com\/es\/wp-json\/wp\/v2\/pages\/59635\/revisions"}],"predecessor-version":[{"id":59858,"href":"https:\/\/proto-fest.com\/es\/wp-json\/wp\/v2\/pages\/59635\/revisions\/59858"}],"wp:attachment":[{"href":"https:\/\/proto-fest.com\/es\/wp-json\/wp\/v2\/media?parent=59635"}],"curies":[{"name":"wp","href":"https:\/\/api.w.org\/{rel}","templated":true}]}}