{"id":59771,"date":"2025-06-21T10:42:58","date_gmt":"2025-06-21T08:42:58","guid":{"rendered":"https:\/\/proto-fest.com\/espectacle-esquerda-1-crit\/"},"modified":"2025-07-15T21:19:29","modified_gmt":"2025-07-15T19:19:29","slug":"espectacle-esquerda-1-crit","status":"publish","type":"page","link":"https:\/\/proto-fest.com\/es\/espectacle-esquerda-1-crit\/","title":{"rendered":"ESPECTACLE: ESQUERDA I &#8211; CRIT."},"content":{"rendered":"<p>[vc_row row_height_percent=\u00bb0&#8243; back_color=\u00bbcolor-jevc\u00bb overlay_alpha=\u00bb50&#8243; gutter_size=\u00bb3&#8243; column_width_percent=\u00bb100&#8243; shift_y=\u00bb0&#8243; z_index=\u00bb0&#8243; uncode_shortcode_id=\u00bb181188&#8243; back_color_type=\u00bbuncode-palette\u00bb][vc_column width=\u00bb1\/1&#8243;][vc_custom_heading text_color=\u00bbcolor-jevc\u00bb heading_semantic=\u00bbh1&#8243; text_font=\u00bbfont-813966&#8243; text_size=\u00bbfontsize-828701&#8243; uncode_shortcode_id=\u00bb187017&#8243; text_color_type=\u00bbuncode-palette\u00bb]<\/p>\n<h3><span class=\"font-187764 font-102516 font-813966\" style=\"font-weight: 400; color: #ffffff;\"><span style=\"font-weight: 400;\">Concierto conmemorativo del inicio de la Batalla del Ebro<\/span><\/span><\/h3>\n<p>[\/vc_custom_heading][vc_custom_heading text_color=\u00bbcolor-jevc\u00bb heading_semantic=\u00bbh1&#8243; text_font=\u00bbfont-555555&#8243; text_size=\u00bbh1&#8243; uncode_shortcode_id=\u00bb102335&#8243; text_color_type=\u00bbuncode-palette\u00bb]<span class=\"font-555555\" style=\"font-weight: 400; color: #ffffff;\"><span style=\"font-weight: 400;\">ESQUERDA I: GRITO<\/span><\/span>[\/vc_custom_heading][vc_custom_heading text_color=\u00bbcolor-jevc\u00bb heading_semantic=\u00bbh1&#8243; text_font=\u00bbfont-813966&#8243; text_size=\u00bbfontsize-828701&#8243; uncode_shortcode_id=\u00bb186274&#8243; text_color_type=\u00bbuncode-palette\u00bb]<\/p>\n<h2><span class=\"font-187764 font-102516 font-813966\" style=\"font-weight: 400; color: #ffffff;\"><span style=\"font-weight: 400;\">Swan Ensemble formado por Cristina Morell y Colli Chan (viol\u00edn), Jordi Morell (viola) y Natalie Hancock (violonchelo).<\/span><\/span><\/h2>\n<h2><span class=\"font-187764 font-102516 font-813966\" style=\"font-weight: 400; color: #ffffff;\"><span style=\"font-weight: 400;\">MMireia Andreu y Jaume Mart\u00ednez, direcci\u00f3n art\u00edstica<\/span><\/span><\/h2>\n<p>[\/vc_custom_heading][\/vc_column][\/vc_row][vc_row unlock_row=\u00bb\u00bb row_height_percent=\u00bb0&#8243; back_color=\u00bbcolor-xsdn\u00bb overlay_alpha=\u00bb50&#8243; gutter_size=\u00bb3&#8243; column_width_percent=\u00bb100&#8243; shift_y=\u00bb0&#8243; z_index=\u00bb0&#8243; inverted_device_order=\u00bbyes\u00bb uncode_shortcode_id=\u00bb188268&#8243; back_color_type=\u00bbuncode-palette\u00bb][vc_column column_width_percent=\u00bb100&#8243; position_vertical=\u00bbmiddle\u00bb gutter_size=\u00bb1&#8243; style=\u00bbdark\u00bb overlay_alpha=\u00bb50&#8243; shift_x=\u00bb0&#8243; shift_y=\u00bb0&#8243; shift_y_down=\u00bb0&#8243; z_index=\u00bb0&#8243; medium_width=\u00bb0&#8243; mobile_width=\u00bb0&#8243; width=\u00bb1\/2&#8243; uncode_shortcode_id=\u00bb107810&#8243;][vc_custom_heading text_font=\u00bbfont-105735&#8243; text_size=\u00bbh4&#8243; uncode_shortcode_id=\u00bb878887&#8243;]<span style=\"color: #000000;\">Jueves, 24 de julio,<\/span><br \/>\n<span style=\"color: #000000;\">a las 22.30 h<br \/>\n<\/span>[\/vc_custom_heading][vc_empty_space empty_h=\u00bb0&#8243;][vc_custom_heading heading_semantic=\u00bbh5&#8243; text_font=\u00bbfont-555555&#8243; text_size=\u00bbh4&#8243; uncode_shortcode_id=\u00bb546875&#8243;]<span style=\"color: #000000;\">Plaza dels Dolors<\/span>[\/vc_custom_heading][vc_custom_heading heading_semantic=\u00bbh3&#8243; text_font=\u00bbfont-942005&#8243; text_size=\u00bbh5&#8243; text_weight=\u00bb400&#8243; uncode_shortcode_id=\u00bb293700&#8243;]<span style=\"color: #000000;\"><a style=\"color: #000000;\" href=\"https:\/\/maps.app.goo.gl\/adBeNKcLpNyiBRS36\" target=\"_blank\" rel=\"noopener\">Ver ubicaci\u00f3n<\/a><\/span>[\/vc_custom_heading][vc_empty_space empty_h=\u00bb0&#8243;][vc_custom_heading heading_semantic=\u00bbh5&#8243; text_font=\u00bbfont-555555&#8243; text_size=\u00bbh5&#8243; uncode_shortcode_id=\u00bb166801&#8243;]<span style=\"color: #000000;\">Entrada: Gratuita.<\/span>[\/vc_custom_heading][\/vc_column][vc_column width=\u00bb1\/2&#8243;][vc_single_image media=\u00bb59404&#8243; media_width_percent=\u00bb100&#8243; uncode_shortcode_id=\u00bb176651&#8243;][\/vc_column][\/vc_row][vc_row][vc_column width=\u00bb1\/1&#8243;][vc_separator sep_color=\u00bbcolor-jevc\u00bb uncode_shortcode_id=\u00bb102172&#8243; sep_color_type=\u00bbuncode-palette\u00bb][vc_custom_heading heading_semantic=\u00bbh5&#8243; text_font=\u00bbfont-555555&#8243; text_size=\u00bbh4&#8243; uncode_shortcode_id=\u00bb419948&#8243;]<span style=\"font-weight: 400;\"><strong>Grito<\/strong> no es un espect\u00e1culo: es una herida abierta a la indiferencia, clavada con un martillo hecho de cuerdas. Una videocreaci\u00f3n en cinco cortes, atravesada por el sollozo agudo del <strong>Cuarteto n.\u00ba 8 de Shostak\u00f3vich<\/strong> \u2014una m\u00fasica que no suena: sangra. Grito se enmarca en el acto conmemorativo del inicio de la <strong>Batalla del Ebro<\/strong>, el 25 de julio de 1938, una batalla en la que Tortosa qued\u00f3 cubierta de escombros y memoria. El grito qued\u00f3 atrapado bajo la piel de la ciudad, como una fisura que nunca se cierra. Una experiencia art\u00edstica en una localizaci\u00f3n especial de Tortosa marcada por la Guerra Civil, como la Plaza de los Dolores, coincidiendo con el aniversario de un conflicto que marc\u00f3 al pa\u00eds para siempre.<\/span><\/p>\n<p>&nbsp;<\/p>\n<p>Compuesto en solo tres d\u00edas en Dresde, en 1960, tras visitar las ruinas de la ciudad destruidas por bombardeos aliados, el <em>Cuarteto de cuerda n.\u00ba 8 en do menor, op. 110<\/em> de Dmitri Shostak\u00f3vich est\u00e1 dedicado a las v\u00edctimas del fascismo y de la guerra. Es considerada una de las grandes obras de c\u00e1mara del siglo XX, a menudo interpretada como un r\u00e9quiem \u00edntimo, tanto personal como colectivo. Esta pieza ser\u00e1 la columna vertebral de <em>Grito<\/em>, que combinar\u00e1 m\u00fasica y audiovisual para evocar una herida abierta a la indiferencia.[\/vc_custom_heading][vc_separator sep_color=\u00bbcolor-jevc\u00bb uncode_shortcode_id=\u00bb102172&#8243; sep_color_type=\u00bbuncode-palette\u00bb][vc_column_text text_lead=\u00bbyes\u00bb text_color=\u00bbcolor-jevc\u00bb uncode_shortcode_id=\u00bb351830&#8243; text_color_type=\u00bbuncode-palette\u00bb]<span style=\"color: #000000;\"><strong>INT\u00c9RPRETES<\/strong><\/span><\/p>\n<p>Swan Ensemble es un grupo de m\u00fasica de c\u00e1mara nacido en 2023 con el objetivo de ofrecer una fusi\u00f3n cautivadora de elegancia cl\u00e1sica e innovaci\u00f3n contempor\u00e1nea. Su repertorio abarca desde el barroco, cl\u00e1sico y rom\u00e1ntico hasta la m\u00fasica contempor\u00e1nea. Sus integrantes han estudiado en instituciones prestigiosas como la Royal Academy, la Guildhall School of Music and Drama, el Trinity Laban de Londres y el Royal Conservatoire of Scotland en Glasgow.<\/p>\n<p><span style=\"color: #000000;\"><strong>DIRECCI\u00d3N ESC\u00c9NICA<\/strong><\/span><\/p>\n<p>Mireia Andreu estudi\u00f3 arte dram\u00e1tico y direcci\u00f3n esc\u00e9nica en el Institut del Teatre de Barcelona. En 2001 se uni\u00f3 a la compa\u00f1\u00eda La Carnicer\u00eda Teatro de Rodrigo Garc\u00eda, como ayudante de direcci\u00f3n y producci\u00f3n. En 2004 recibi\u00f3 el Premio UB\u00da al mejor espect\u00e1culo de producci\u00f3n contempor\u00e1nea y en 2009 el Premio UNESCO a la mejor producci\u00f3n teatral contempor\u00e1nea. Desde 2005 desarrolla su carrera art\u00edstica en el \u00e1mbito de la videocreaci\u00f3n y el cine experimental, presentando obras en espacios como el MACBA, el Centre d&#8217;Art Lo Pati, el Festival de Filosof\u00eda Pensa de Barcelona y A Cel Obert de Tortosa.<\/p>\n<p>Jaume Mart\u00ednez de Le\u00f3n es un creador visual cuya trayectoria fusiona artes visuales y sonoras con profunda sensibilidad art\u00edstica. Sus propuestas esc\u00e9nicas y visuales, presentes a menudo en el Proto-fest, abordan la realidad contempor\u00e1nea y promueven una mirada cr\u00edtica a trav\u00e9s de la belleza y la innovaci\u00f3n. Concibe el arte como una herramienta para interpretar y cuestionar el entorno.[\/vc_column_text][\/vc_column][\/vc_row]<\/p>\n","protected":false},"excerpt":{"rendered":"<p>[vc_row row_height_percent=\u00bb0&#8243; back_color=\u00bbcolor-jevc\u00bb overlay_alpha=\u00bb50&#8243; gutter_size=\u00bb3&#8243; column_width_percent=\u00bb100&#8243; shift_y=\u00bb0&#8243; z_index=\u00bb0&#8243; uncode_shortcode_id=\u00bb181188&#8243; back_color_type=\u00bbuncode-palette\u00bb][vc_column width=\u00bb1\/1&#8243;][vc_custom_heading text_color=\u00bbcolor-jevc\u00bb heading_semantic=\u00bbh1&#8243; text_font=\u00bbfont-813966&#8243; text_size=\u00bbfontsize-828701&#8243; uncode_shortcode_id=\u00bb187017&#8243; text_color_type=\u00bbuncode-palette\u00bb] Concierto conmemorativo del [&hellip;]<\/p>\n","protected":false},"author":1,"featured_media":0,"parent":0,"menu_order":0,"comment_status":"closed","ping_status":"closed","template":"","meta":{"_monsterinsights_skip_tracking":false,"_monsterinsights_sitenote_active":false,"_monsterinsights_sitenote_note":"","_monsterinsights_sitenote_category":0,"footnotes":""},"yoast_head":"<!-- This site is optimized with the Yoast SEO plugin v21.3 - https:\/\/yoast.com\/wordpress\/plugins\/seo\/ -->\n<title>ESPECTACLE: ESQUERDA I - CRIT. - Proto-fest<\/title>\n<meta name=\"description\" content=\"A c\u00e0rrec de Swan Ensemble i direcci\u00f3 art\u00edstica de Mireia Andreu i Jaume Mart\u00ednez al Proto-fest 5, Festival de M\u00fasica de Tortosa.\" \/>\n<meta name=\"robots\" content=\"index, follow, max-snippet:-1, max-image-preview:large, max-video-preview:-1\" \/>\n<link rel=\"canonical\" href=\"https:\/\/proto-fest.com\/es\/espectacle-esquerda-1-crit\/\" \/>\n<meta property=\"og:locale\" content=\"es_ES\" \/>\n<meta property=\"og:type\" content=\"article\" \/>\n<meta property=\"og:title\" content=\"ESPECTACLE: ESQUERDA I - CRIT\" \/>\n<meta property=\"og:description\" content=\"A c\u00e0rrec de Swan Ensemble i direcci\u00f3 art\u00edstica de Mireia Andreu i Jaume Mart\u00ednez al Proto-fest 5, Festival de M\u00fasica de Tortosa.\" \/>\n<meta property=\"og:url\" content=\"https:\/\/proto-fest.com\/es\/espectacle-esquerda-1-crit\/\" \/>\n<meta property=\"og:site_name\" content=\"Proto-fest\" \/>\n<meta property=\"article:modified_time\" content=\"2025-07-15T19:19:29+00:00\" \/>\n<meta property=\"og:image\" content=\"https:\/\/proto-fest.com\/wp-content\/uploads\/2025\/05\/logo_proto5_social-01.png\" \/>\n\t<meta property=\"og:image:width\" content=\"200\" \/>\n\t<meta property=\"og:image:height\" content=\"200\" \/>\n\t<meta property=\"og:image:type\" content=\"image\/png\" \/>\n<meta name=\"twitter:card\" content=\"summary_large_image\" \/>\n<meta name=\"twitter:title\" content=\"CONCERT INAUGURAL: L\u2019OMBRA DE FARINELLIESPECTACLE: ESQUERDA I - CRIT\" \/>\n<meta name=\"twitter:description\" content=\"A c\u00e0rrec de Swan Ensemble i direcci\u00f3 art\u00edstica de Mireia Andreu i Jaume Mart\u00ednez al Proto-fest 5, Festival de M\u00fasica de Tortosa.\" \/>\n<meta name=\"twitter:image\" content=\"https:\/\/proto-fest.com\/wp-content\/uploads\/2025\/05\/logo_proto5_social-01.png\" \/>\n<meta name=\"twitter:label1\" content=\"Tiempo de lectura\" \/>\n\t<meta name=\"twitter:data1\" content=\"4 minutos\" \/>\n<script type=\"application\/ld+json\" class=\"yoast-schema-graph\">{\"@context\":\"https:\/\/schema.org\",\"@graph\":[{\"@type\":\"WebPage\",\"@id\":\"https:\/\/proto-fest.com\/es\/espectacle-esquerda-1-crit\/\",\"url\":\"https:\/\/proto-fest.com\/es\/espectacle-esquerda-1-crit\/\",\"name\":\"ESPECTACLE: ESQUERDA I - CRIT. - Proto-fest\",\"isPartOf\":{\"@id\":\"https:\/\/proto-fest.com\/es\/#website\"},\"datePublished\":\"2025-06-21T08:42:58+00:00\",\"dateModified\":\"2025-07-15T19:19:29+00:00\",\"description\":\"A c\u00e0rrec de Swan Ensemble i direcci\u00f3 art\u00edstica de Mireia Andreu i Jaume Mart\u00ednez al Proto-fest 5, Festival de M\u00fasica de Tortosa.\",\"breadcrumb\":{\"@id\":\"https:\/\/proto-fest.com\/es\/espectacle-esquerda-1-crit\/#breadcrumb\"},\"inLanguage\":\"es\",\"potentialAction\":[{\"@type\":\"ReadAction\",\"target\":[\"https:\/\/proto-fest.com\/es\/espectacle-esquerda-1-crit\/\"]}]},{\"@type\":\"BreadcrumbList\",\"@id\":\"https:\/\/proto-fest.com\/es\/espectacle-esquerda-1-crit\/#breadcrumb\",\"itemListElement\":[{\"@type\":\"ListItem\",\"position\":1,\"name\":\"Home\",\"item\":\"https:\/\/proto-fest.com\/es\/\"},{\"@type\":\"ListItem\",\"position\":2,\"name\":\"ESPECTACLE: ESQUERDA I &#8211; CRIT.\"}]},{\"@type\":\"WebSite\",\"@id\":\"https:\/\/proto-fest.com\/es\/#website\",\"url\":\"https:\/\/proto-fest.com\/es\/\",\"name\":\"Proto-fest\",\"description\":\"Festival de m\u00fasica Tortosa\",\"publisher\":{\"@id\":\"https:\/\/proto-fest.com\/es\/#organization\"},\"potentialAction\":[{\"@type\":\"SearchAction\",\"target\":{\"@type\":\"EntryPoint\",\"urlTemplate\":\"https:\/\/proto-fest.com\/es\/?s={search_term_string}\"},\"query-input\":\"required name=search_term_string\"}],\"inLanguage\":\"es\"},{\"@type\":\"Organization\",\"@id\":\"https:\/\/proto-fest.com\/es\/#organization\",\"name\":\"Proto-fest\",\"url\":\"https:\/\/proto-fest.com\/es\/\",\"logo\":{\"@type\":\"ImageObject\",\"inLanguage\":\"es\",\"@id\":\"https:\/\/proto-fest.com\/es\/#\/schema\/logo\/image\/\",\"url\":\"https:\/\/proto-fest.com\/wp-content\/uploads\/2026\/04\/cropped-cropped-logo_proto6_header-01-1-1.png\",\"contentUrl\":\"https:\/\/proto-fest.com\/wp-content\/uploads\/2026\/04\/cropped-cropped-logo_proto6_header-01-1-1.png\",\"width\":323,\"height\":143,\"caption\":\"Proto-fest\"},\"image\":{\"@id\":\"https:\/\/proto-fest.com\/es\/#\/schema\/logo\/image\/\"}}]}<\/script>\n<!-- \/ Yoast SEO plugin. -->","yoast_head_json":{"title":"ESPECTACLE: ESQUERDA I - CRIT. - Proto-fest","description":"A c\u00e0rrec de Swan Ensemble i direcci\u00f3 art\u00edstica de Mireia Andreu i Jaume Mart\u00ednez al Proto-fest 5, Festival de M\u00fasica de Tortosa.","robots":{"index":"index","follow":"follow","max-snippet":"max-snippet:-1","max-image-preview":"max-image-preview:large","max-video-preview":"max-video-preview:-1"},"canonical":"https:\/\/proto-fest.com\/es\/espectacle-esquerda-1-crit\/","og_locale":"es_ES","og_type":"article","og_title":"ESPECTACLE: ESQUERDA I - CRIT","og_description":"A c\u00e0rrec de Swan Ensemble i direcci\u00f3 art\u00edstica de Mireia Andreu i Jaume Mart\u00ednez al Proto-fest 5, Festival de M\u00fasica de Tortosa.","og_url":"https:\/\/proto-fest.com\/es\/espectacle-esquerda-1-crit\/","og_site_name":"Proto-fest","article_modified_time":"2025-07-15T19:19:29+00:00","og_image":[{"width":200,"height":200,"url":"https:\/\/proto-fest.com\/wp-content\/uploads\/2025\/05\/logo_proto5_social-01.png","type":"image\/png"}],"twitter_card":"summary_large_image","twitter_title":"CONCERT INAUGURAL: L\u2019OMBRA DE FARINELLIESPECTACLE: ESQUERDA I - CRIT","twitter_description":"A c\u00e0rrec de Swan Ensemble i direcci\u00f3 art\u00edstica de Mireia Andreu i Jaume Mart\u00ednez al Proto-fest 5, Festival de M\u00fasica de Tortosa.","twitter_image":"https:\/\/proto-fest.com\/wp-content\/uploads\/2025\/05\/logo_proto5_social-01.png","twitter_misc":{"Tiempo de lectura":"4 minutos"},"schema":{"@context":"https:\/\/schema.org","@graph":[{"@type":"WebPage","@id":"https:\/\/proto-fest.com\/es\/espectacle-esquerda-1-crit\/","url":"https:\/\/proto-fest.com\/es\/espectacle-esquerda-1-crit\/","name":"ESPECTACLE: ESQUERDA I - CRIT. - Proto-fest","isPartOf":{"@id":"https:\/\/proto-fest.com\/es\/#website"},"datePublished":"2025-06-21T08:42:58+00:00","dateModified":"2025-07-15T19:19:29+00:00","description":"A c\u00e0rrec de Swan Ensemble i direcci\u00f3 art\u00edstica de Mireia Andreu i Jaume Mart\u00ednez al Proto-fest 5, Festival de M\u00fasica de Tortosa.","breadcrumb":{"@id":"https:\/\/proto-fest.com\/es\/espectacle-esquerda-1-crit\/#breadcrumb"},"inLanguage":"es","potentialAction":[{"@type":"ReadAction","target":["https:\/\/proto-fest.com\/es\/espectacle-esquerda-1-crit\/"]}]},{"@type":"BreadcrumbList","@id":"https:\/\/proto-fest.com\/es\/espectacle-esquerda-1-crit\/#breadcrumb","itemListElement":[{"@type":"ListItem","position":1,"name":"Home","item":"https:\/\/proto-fest.com\/es\/"},{"@type":"ListItem","position":2,"name":"ESPECTACLE: ESQUERDA I &#8211; CRIT."}]},{"@type":"WebSite","@id":"https:\/\/proto-fest.com\/es\/#website","url":"https:\/\/proto-fest.com\/es\/","name":"Proto-fest","description":"Festival de m\u00fasica Tortosa","publisher":{"@id":"https:\/\/proto-fest.com\/es\/#organization"},"potentialAction":[{"@type":"SearchAction","target":{"@type":"EntryPoint","urlTemplate":"https:\/\/proto-fest.com\/es\/?s={search_term_string}"},"query-input":"required name=search_term_string"}],"inLanguage":"es"},{"@type":"Organization","@id":"https:\/\/proto-fest.com\/es\/#organization","name":"Proto-fest","url":"https:\/\/proto-fest.com\/es\/","logo":{"@type":"ImageObject","inLanguage":"es","@id":"https:\/\/proto-fest.com\/es\/#\/schema\/logo\/image\/","url":"https:\/\/proto-fest.com\/wp-content\/uploads\/2026\/04\/cropped-cropped-logo_proto6_header-01-1-1.png","contentUrl":"https:\/\/proto-fest.com\/wp-content\/uploads\/2026\/04\/cropped-cropped-logo_proto6_header-01-1-1.png","width":323,"height":143,"caption":"Proto-fest"},"image":{"@id":"https:\/\/proto-fest.com\/es\/#\/schema\/logo\/image\/"}}]}},"_links":{"self":[{"href":"https:\/\/proto-fest.com\/es\/wp-json\/wp\/v2\/pages\/59771"}],"collection":[{"href":"https:\/\/proto-fest.com\/es\/wp-json\/wp\/v2\/pages"}],"about":[{"href":"https:\/\/proto-fest.com\/es\/wp-json\/wp\/v2\/types\/page"}],"author":[{"embeddable":true,"href":"https:\/\/proto-fest.com\/es\/wp-json\/wp\/v2\/users\/1"}],"replies":[{"embeddable":true,"href":"https:\/\/proto-fest.com\/es\/wp-json\/wp\/v2\/comments?post=59771"}],"version-history":[{"count":2,"href":"https:\/\/proto-fest.com\/es\/wp-json\/wp\/v2\/pages\/59771\/revisions"}],"predecessor-version":[{"id":59806,"href":"https:\/\/proto-fest.com\/es\/wp-json\/wp\/v2\/pages\/59771\/revisions\/59806"}],"wp:attachment":[{"href":"https:\/\/proto-fest.com\/es\/wp-json\/wp\/v2\/media?parent=59771"}],"curies":[{"name":"wp","href":"https:\/\/api.w.org\/{rel}","templated":true}]}}