{"id":59820,"date":"2025-06-21T14:02:20","date_gmt":"2025-06-21T12:02:20","guid":{"rendered":"https:\/\/proto-fest.com\/documental-i-dialeg-musica-catalana-conxita-badia-i-felip-pedrell\/"},"modified":"2025-07-17T19:13:50","modified_gmt":"2025-07-17T17:13:50","slug":"documental-i-dialeg-musica-catalana-conxita-badia-i-felip-pedrell","status":"publish","type":"page","link":"https:\/\/proto-fest.com\/es\/documental-i-dialeg-musica-catalana-conxita-badia-i-felip-pedrell\/","title":{"rendered":"DOCUMENTAL Y DI\u00c1LOGO: VOCES Y RA\u00cdCES DE LA M\u00daSICA CATALANA &#8211; CONXITA BADIA Y FELIP PEDRELL."},"content":{"rendered":"<p>[vc_row row_height_percent=\u00bb0&#8243; back_color=\u00bbcolor-jevc\u00bb overlay_alpha=\u00bb50&#8243; gutter_size=\u00bb3&#8243; column_width_percent=\u00bb100&#8243; shift_y=\u00bb0&#8243; z_index=\u00bb0&#8243; uncode_shortcode_id=\u00bb181188&#8243; back_color_type=\u00bbuncode-palette\u00bb][vc_column width=\u00bb1\/1&#8243;][vc_custom_heading text_color=\u00bbcolor-jevc\u00bb heading_semantic=\u00bbh1&#8243; text_font=\u00bbfont-555555&#8243; text_size=\u00bbh1&#8243; uncode_shortcode_id=\u00bb144890&#8243; text_color_type=\u00bbuncode-palette\u00bb]<span class=\"font-555555\" style=\"font-weight: 400; color: #ffffff;\"><span style=\"font-weight: 400;\">VOCES Y RA\u00cdCES DE LA M\u00daSICA CATALANA &#8211; CONXITA BADIA Y FELIP PEDRELL.<\/span><\/span>[\/vc_custom_heading][vc_custom_heading text_color=\u00bbcolor-jevc\u00bb heading_semantic=\u00bbh1&#8243; text_font=\u00bbfont-813966&#8243; text_size=\u00bbfontsize-828701&#8243; uncode_shortcode_id=\u00bb156974&#8243; text_color_type=\u00bbuncode-palette\u00bb]<\/p>\n<h2><span class=\"font-187764 font-102516 font-813966\" style=\"font-weight: 400; color: #ffffff;\"><span style=\"font-weight: 400;\">Proyecci\u00f3n de documental y di\u00e1logo con Mariona Bonet y Marc Heilbron moderado por Mireia Dom\u00e8nech<\/span><\/span><\/h2>\n<p>[\/vc_custom_heading][\/vc_column][\/vc_row][vc_row unlock_row=\u00bb\u00bb row_height_percent=\u00bb0&#8243; back_color=\u00bbcolor-xsdn\u00bb overlay_alpha=\u00bb50&#8243; gutter_size=\u00bb3&#8243; column_width_percent=\u00bb100&#8243; shift_y=\u00bb0&#8243; z_index=\u00bb0&#8243; inverted_device_order=\u00bbyes\u00bb uncode_shortcode_id=\u00bb188268&#8243; back_color_type=\u00bbuncode-palette\u00bb][vc_column column_width_percent=\u00bb100&#8243; position_vertical=\u00bbmiddle\u00bb gutter_size=\u00bb1&#8243; style=\u00bbdark\u00bb overlay_alpha=\u00bb50&#8243; shift_x=\u00bb0&#8243; shift_y=\u00bb0&#8243; shift_y_down=\u00bb0&#8243; z_index=\u00bb0&#8243; medium_width=\u00bb0&#8243; mobile_width=\u00bb0&#8243; width=\u00bb1\/2&#8243; uncode_shortcode_id=\u00bb107810&#8243;][vc_custom_heading text_font=\u00bbfont-105735&#8243; text_size=\u00bbh4&#8243; uncode_shortcode_id=\u00bb181583&#8243;]<span style=\"color: #000000;\">Martes, 29 de julio,<\/span><br \/>\n<span style=\"color: #000000;\">a las 18.00 h<br \/>\n<\/span>[\/vc_custom_heading][vc_empty_space empty_h=\u00bb0&#8243;][vc_custom_heading heading_semantic=\u00bbh5&#8243; text_font=\u00bbfont-555555&#8243; text_size=\u00bbh4&#8243; uncode_shortcode_id=\u00bb347061&#8243;]<span style=\"color: #000000;\">Aula Did\u00e1ctica del Museo de Tortosa<\/span>[\/vc_custom_heading][vc_custom_heading heading_semantic=\u00bbh3&#8243; text_font=\u00bbfont-942005&#8243; text_size=\u00bbh5&#8243; text_weight=\u00bb400&#8243; uncode_shortcode_id=\u00bb100151&#8243;]<span style=\"color: #000000;\"><a style=\"color: #000000;\" href=\"https:\/\/maps.app.goo.gl\/WtLgtqv42NcfZ47m6\" target=\"_blank\" rel=\"noopener\">Ver ubicaci\u00f3n<\/a><\/span>[\/vc_custom_heading][vc_empty_space empty_h=\u00bb0&#8243;][vc_custom_heading heading_semantic=\u00bbh5&#8243; text_font=\u00bbfont-555555&#8243; text_size=\u00bbh5&#8243; uncode_shortcode_id=\u00bb871100&#8243;]<span style=\"color: #000000;\">Entrada: Gratuita.<\/span>[\/vc_custom_heading][\/vc_column][vc_column width=\u00bb1\/2&#8243;][vc_single_image media=\u00bb59419&#8243; media_width_percent=\u00bb100&#8243; uncode_shortcode_id=\u00bb149284&#8243;][\/vc_column][\/vc_row][vc_row][vc_column width=\u00bb1\/1&#8243;][vc_separator sep_color=\u00bbcolor-jevc\u00bb uncode_shortcode_id=\u00bb102172&#8243; sep_color_type=\u00bbuncode-palette\u00bb][vc_custom_heading heading_semantic=\u00bbh5&#8243; text_font=\u00bbfont-555555&#8243; text_size=\u00bbh4&#8243; uncode_shortcode_id=\u00bb170000&#8243;]<span style=\"font-weight: 400;\"><strong>Conxita Badia<\/strong> ( 1897-1975 ) fue una soprano y pianista catalana destacada en el \u00e1mbito de la canci\u00f3n culta y popular. Estudi\u00f3 con grandes maestros como <strong>Felip Pedrell<\/strong>, <strong>Enric Granados<\/strong>, <strong>Pau Casals <\/strong>y <strong>Manuel de Falla<\/strong>, y fue disc\u00edpula e int\u00e9rprete predilecta de todos ellos. Su carrera internacional la llev\u00f3 a escenarios de todo el mundo, colaborando con compositores como <strong>Toldr\u00e0<\/strong> y <strong>Montsalvatge<\/strong>. Como profesora, form\u00f3 a figuras como <strong>Montserrat Caball\u00e9<\/strong>. A pesar de su relevancia, su figura ha sido a menudo olvidada. En 2025, con motivo del<strong> 50.\u00ba aniversario de su muerte<\/strong>, la Generalitat ha declarado el <strong>A\u00f1o Conxita Badia<\/strong> para reivindicar su legado musical.<\/span>[\/vc_custom_heading][vc_separator sep_color=\u00bbcolor-jevc\u00bb uncode_shortcode_id=\u00bb102172&#8243; sep_color_type=\u00bbuncode-palette\u00bb][vc_column_text text_lead=\u00bbyes\u00bb text_color=\u00bbcolor-jevc\u00bb uncode_shortcode_id=\u00bb171576&#8243; text_color_type=\u00bbuncode-palette\u00bb]<span style=\"color: #000000;\"><strong>18.00h<\/strong><\/span><\/p>\n<p><span style=\"font-weight: 400;\">Proyecci\u00f3n del documental <em><strong>Conxita Badia no existe<\/strong><\/em>, coproducido por TV3 y BataBat y dirigido por Eul\u00e0lia Dom\u00e8nech, que descubre la vida y obra de Badia<br \/>\n<\/span><\/p>\n<p><span style=\"color: #000000;\"><strong>19.00h<\/strong><\/span><\/p>\n<p><span style=\"font-weight: 400;\">Di\u00e1logo <em><strong>Voces y ra\u00edces de la m\u00fasica catalana: Conxita Badia y Felip Pedrell<\/strong><\/em>, con <strong>Mariona Bonet<\/strong>, nieta de Badia. El di\u00e1logo pondr\u00e1 en valor la amistad y colaboraci\u00f3n entre estas dos figuras clave de la m\u00fasica catalana. Moderar\u00e1 <strong>Mireia Dom\u00e8nech i Bonet<\/strong>, comisaria del A\u00f1o Conxita Badia.\u00a0<\/span>[\/vc_column_text][\/vc_column][\/vc_row]<\/p>\n","protected":false},"excerpt":{"rendered":"<p>[vc_row row_height_percent=\u00bb0&#8243; back_color=\u00bbcolor-jevc\u00bb overlay_alpha=\u00bb50&#8243; gutter_size=\u00bb3&#8243; column_width_percent=\u00bb100&#8243; shift_y=\u00bb0&#8243; z_index=\u00bb0&#8243; uncode_shortcode_id=\u00bb181188&#8243; back_color_type=\u00bbuncode-palette\u00bb][vc_column width=\u00bb1\/1&#8243;][vc_custom_heading text_color=\u00bbcolor-jevc\u00bb heading_semantic=\u00bbh1&#8243; text_font=\u00bbfont-555555&#8243; text_size=\u00bbh1&#8243; uncode_shortcode_id=\u00bb144890&#8243; text_color_type=\u00bbuncode-palette\u00bb]VOCES Y RA\u00cdCES DE [&hellip;]<\/p>\n","protected":false},"author":1,"featured_media":0,"parent":0,"menu_order":0,"comment_status":"closed","ping_status":"closed","template":"","meta":{"_monsterinsights_skip_tracking":false,"_monsterinsights_sitenote_active":false,"_monsterinsights_sitenote_note":"","_monsterinsights_sitenote_category":0,"footnotes":""},"yoast_head":"<!-- This site is optimized with the Yoast SEO plugin v21.3 - https:\/\/yoast.com\/wordpress\/plugins\/seo\/ -->\n<title>DOCUMENTAL Y DI\u00c1LOGO: VOCES Y RA\u00cdCES DE LA M\u00daSICA CATALANA - CONXITA BADIA Y FELIP PEDRELL. - Proto-fest<\/title>\n<meta name=\"description\" content=\"Projecci\u00f3 de &quot;Conxita Badia no existeix&quot; i di\u00e0leg amb Mariona Benet i Francesc Cort\u00e8s, moderat per Mireia Dom\u00e8nech.\" \/>\n<meta name=\"robots\" content=\"index, follow, max-snippet:-1, max-image-preview:large, max-video-preview:-1\" \/>\n<link rel=\"canonical\" href=\"https:\/\/proto-fest.com\/es\/documental-i-dialeg-musica-catalana-conxita-badia-i-felip-pedrell\/\" \/>\n<meta property=\"og:locale\" content=\"es_ES\" \/>\n<meta property=\"og:type\" content=\"article\" \/>\n<meta property=\"og:title\" content=\"DOCUMENTAL I DI\u00c0LEG: VEUS I ARRELS DE LA M\u00daSICA CATALANA\" \/>\n<meta property=\"og:description\" content=\"Projecci\u00f3 de &quot;Conxita Badia no existeix&quot; i di\u00e0leg amb Mariona Benet i Francesc Cort\u00e8s, moderat per Mireia Dom\u00e8nech.\" \/>\n<meta property=\"og:url\" content=\"https:\/\/proto-fest.com\/es\/documental-i-dialeg-musica-catalana-conxita-badia-i-felip-pedrell\/\" \/>\n<meta property=\"og:site_name\" content=\"Proto-fest\" \/>\n<meta property=\"article:modified_time\" content=\"2025-07-17T17:13:50+00:00\" \/>\n<meta property=\"og:image\" content=\"https:\/\/proto-fest.com\/wp-content\/uploads\/2025\/05\/logo_proto5_social-01.png\" \/>\n\t<meta property=\"og:image:width\" content=\"200\" \/>\n\t<meta property=\"og:image:height\" content=\"200\" \/>\n\t<meta property=\"og:image:type\" content=\"image\/png\" \/>\n<meta name=\"twitter:card\" content=\"summary_large_image\" \/>\n<meta name=\"twitter:title\" content=\"DOCUMENTAL I DI\u00c0LEG: VEUS I ARRELS DE LA M\u00daSICA CATALANA\" \/>\n<meta name=\"twitter:description\" content=\"Projecci\u00f3 de &quot;Conxita Badia no existeix&quot; i di\u00e0leg amb Mariona Benet i Francesc Cort\u00e8s, moderat per Mireia Dom\u00e8nech.\" \/>\n<meta name=\"twitter:image\" content=\"https:\/\/proto-fest.com\/wp-content\/uploads\/2025\/05\/logo_proto5_social-01.png\" \/>\n<meta name=\"twitter:label1\" content=\"Tiempo de lectura\" \/>\n\t<meta name=\"twitter:data1\" content=\"2 minutos\" \/>\n<script type=\"application\/ld+json\" class=\"yoast-schema-graph\">{\"@context\":\"https:\/\/schema.org\",\"@graph\":[{\"@type\":\"WebPage\",\"@id\":\"https:\/\/proto-fest.com\/es\/documental-i-dialeg-musica-catalana-conxita-badia-i-felip-pedrell\/\",\"url\":\"https:\/\/proto-fest.com\/es\/documental-i-dialeg-musica-catalana-conxita-badia-i-felip-pedrell\/\",\"name\":\"DOCUMENTAL Y DI\u00c1LOGO: VOCES Y RA\u00cdCES DE LA M\u00daSICA CATALANA - CONXITA BADIA Y FELIP PEDRELL. - Proto-fest\",\"isPartOf\":{\"@id\":\"https:\/\/proto-fest.com\/es\/#website\"},\"datePublished\":\"2025-06-21T12:02:20+00:00\",\"dateModified\":\"2025-07-17T17:13:50+00:00\",\"description\":\"Projecci\u00f3 de \\\"Conxita Badia no existeix\\\" i di\u00e0leg amb Mariona Benet i Francesc Cort\u00e8s, moderat per Mireia Dom\u00e8nech.\",\"breadcrumb\":{\"@id\":\"https:\/\/proto-fest.com\/es\/documental-i-dialeg-musica-catalana-conxita-badia-i-felip-pedrell\/#breadcrumb\"},\"inLanguage\":\"es\",\"potentialAction\":[{\"@type\":\"ReadAction\",\"target\":[\"https:\/\/proto-fest.com\/es\/documental-i-dialeg-musica-catalana-conxita-badia-i-felip-pedrell\/\"]}]},{\"@type\":\"BreadcrumbList\",\"@id\":\"https:\/\/proto-fest.com\/es\/documental-i-dialeg-musica-catalana-conxita-badia-i-felip-pedrell\/#breadcrumb\",\"itemListElement\":[{\"@type\":\"ListItem\",\"position\":1,\"name\":\"Home\",\"item\":\"https:\/\/proto-fest.com\/es\/\"},{\"@type\":\"ListItem\",\"position\":2,\"name\":\"DOCUMENTAL Y DI\u00c1LOGO: VOCES Y RA\u00cdCES DE LA M\u00daSICA CATALANA &#8211; CONXITA BADIA Y FELIP PEDRELL.\"}]},{\"@type\":\"WebSite\",\"@id\":\"https:\/\/proto-fest.com\/es\/#website\",\"url\":\"https:\/\/proto-fest.com\/es\/\",\"name\":\"Proto-fest\",\"description\":\"Festival de m\u00fasica Tortosa\",\"publisher\":{\"@id\":\"https:\/\/proto-fest.com\/es\/#organization\"},\"potentialAction\":[{\"@type\":\"SearchAction\",\"target\":{\"@type\":\"EntryPoint\",\"urlTemplate\":\"https:\/\/proto-fest.com\/es\/?s={search_term_string}\"},\"query-input\":\"required name=search_term_string\"}],\"inLanguage\":\"es\"},{\"@type\":\"Organization\",\"@id\":\"https:\/\/proto-fest.com\/es\/#organization\",\"name\":\"Proto-fest\",\"url\":\"https:\/\/proto-fest.com\/es\/\",\"logo\":{\"@type\":\"ImageObject\",\"inLanguage\":\"es\",\"@id\":\"https:\/\/proto-fest.com\/es\/#\/schema\/logo\/image\/\",\"url\":\"https:\/\/proto-fest.com\/wp-content\/uploads\/2026\/04\/cropped-cropped-logo_proto6_header-01-1-1.png\",\"contentUrl\":\"https:\/\/proto-fest.com\/wp-content\/uploads\/2026\/04\/cropped-cropped-logo_proto6_header-01-1-1.png\",\"width\":323,\"height\":143,\"caption\":\"Proto-fest\"},\"image\":{\"@id\":\"https:\/\/proto-fest.com\/es\/#\/schema\/logo\/image\/\"}}]}<\/script>\n<!-- \/ Yoast SEO plugin. -->","yoast_head_json":{"title":"DOCUMENTAL Y DI\u00c1LOGO: VOCES Y RA\u00cdCES DE LA M\u00daSICA CATALANA - CONXITA BADIA Y FELIP PEDRELL. - Proto-fest","description":"Projecci\u00f3 de \"Conxita Badia no existeix\" i di\u00e0leg amb Mariona Benet i Francesc Cort\u00e8s, moderat per Mireia Dom\u00e8nech.","robots":{"index":"index","follow":"follow","max-snippet":"max-snippet:-1","max-image-preview":"max-image-preview:large","max-video-preview":"max-video-preview:-1"},"canonical":"https:\/\/proto-fest.com\/es\/documental-i-dialeg-musica-catalana-conxita-badia-i-felip-pedrell\/","og_locale":"es_ES","og_type":"article","og_title":"DOCUMENTAL I DI\u00c0LEG: VEUS I ARRELS DE LA M\u00daSICA CATALANA","og_description":"Projecci\u00f3 de \"Conxita Badia no existeix\" i di\u00e0leg amb Mariona Benet i Francesc Cort\u00e8s, moderat per Mireia Dom\u00e8nech.","og_url":"https:\/\/proto-fest.com\/es\/documental-i-dialeg-musica-catalana-conxita-badia-i-felip-pedrell\/","og_site_name":"Proto-fest","article_modified_time":"2025-07-17T17:13:50+00:00","og_image":[{"width":200,"height":200,"url":"https:\/\/proto-fest.com\/wp-content\/uploads\/2025\/05\/logo_proto5_social-01.png","type":"image\/png"}],"twitter_card":"summary_large_image","twitter_title":"DOCUMENTAL I DI\u00c0LEG: VEUS I ARRELS DE LA M\u00daSICA CATALANA","twitter_description":"Projecci\u00f3 de \"Conxita Badia no existeix\" i di\u00e0leg amb Mariona Benet i Francesc Cort\u00e8s, moderat per Mireia Dom\u00e8nech.","twitter_image":"https:\/\/proto-fest.com\/wp-content\/uploads\/2025\/05\/logo_proto5_social-01.png","twitter_misc":{"Tiempo de lectura":"2 minutos"},"schema":{"@context":"https:\/\/schema.org","@graph":[{"@type":"WebPage","@id":"https:\/\/proto-fest.com\/es\/documental-i-dialeg-musica-catalana-conxita-badia-i-felip-pedrell\/","url":"https:\/\/proto-fest.com\/es\/documental-i-dialeg-musica-catalana-conxita-badia-i-felip-pedrell\/","name":"DOCUMENTAL Y DI\u00c1LOGO: VOCES Y RA\u00cdCES DE LA M\u00daSICA CATALANA - CONXITA BADIA Y FELIP PEDRELL. - Proto-fest","isPartOf":{"@id":"https:\/\/proto-fest.com\/es\/#website"},"datePublished":"2025-06-21T12:02:20+00:00","dateModified":"2025-07-17T17:13:50+00:00","description":"Projecci\u00f3 de \"Conxita Badia no existeix\" i di\u00e0leg amb Mariona Benet i Francesc Cort\u00e8s, moderat per Mireia Dom\u00e8nech.","breadcrumb":{"@id":"https:\/\/proto-fest.com\/es\/documental-i-dialeg-musica-catalana-conxita-badia-i-felip-pedrell\/#breadcrumb"},"inLanguage":"es","potentialAction":[{"@type":"ReadAction","target":["https:\/\/proto-fest.com\/es\/documental-i-dialeg-musica-catalana-conxita-badia-i-felip-pedrell\/"]}]},{"@type":"BreadcrumbList","@id":"https:\/\/proto-fest.com\/es\/documental-i-dialeg-musica-catalana-conxita-badia-i-felip-pedrell\/#breadcrumb","itemListElement":[{"@type":"ListItem","position":1,"name":"Home","item":"https:\/\/proto-fest.com\/es\/"},{"@type":"ListItem","position":2,"name":"DOCUMENTAL Y DI\u00c1LOGO: VOCES Y RA\u00cdCES DE LA M\u00daSICA CATALANA &#8211; CONXITA BADIA Y FELIP PEDRELL."}]},{"@type":"WebSite","@id":"https:\/\/proto-fest.com\/es\/#website","url":"https:\/\/proto-fest.com\/es\/","name":"Proto-fest","description":"Festival de m\u00fasica Tortosa","publisher":{"@id":"https:\/\/proto-fest.com\/es\/#organization"},"potentialAction":[{"@type":"SearchAction","target":{"@type":"EntryPoint","urlTemplate":"https:\/\/proto-fest.com\/es\/?s={search_term_string}"},"query-input":"required name=search_term_string"}],"inLanguage":"es"},{"@type":"Organization","@id":"https:\/\/proto-fest.com\/es\/#organization","name":"Proto-fest","url":"https:\/\/proto-fest.com\/es\/","logo":{"@type":"ImageObject","inLanguage":"es","@id":"https:\/\/proto-fest.com\/es\/#\/schema\/logo\/image\/","url":"https:\/\/proto-fest.com\/wp-content\/uploads\/2026\/04\/cropped-cropped-logo_proto6_header-01-1-1.png","contentUrl":"https:\/\/proto-fest.com\/wp-content\/uploads\/2026\/04\/cropped-cropped-logo_proto6_header-01-1-1.png","width":323,"height":143,"caption":"Proto-fest"},"image":{"@id":"https:\/\/proto-fest.com\/es\/#\/schema\/logo\/image\/"}}]}},"_links":{"self":[{"href":"https:\/\/proto-fest.com\/es\/wp-json\/wp\/v2\/pages\/59820"}],"collection":[{"href":"https:\/\/proto-fest.com\/es\/wp-json\/wp\/v2\/pages"}],"about":[{"href":"https:\/\/proto-fest.com\/es\/wp-json\/wp\/v2\/types\/page"}],"author":[{"embeddable":true,"href":"https:\/\/proto-fest.com\/es\/wp-json\/wp\/v2\/users\/1"}],"replies":[{"embeddable":true,"href":"https:\/\/proto-fest.com\/es\/wp-json\/wp\/v2\/comments?post=59820"}],"version-history":[{"count":4,"href":"https:\/\/proto-fest.com\/es\/wp-json\/wp\/v2\/pages\/59820\/revisions"}],"predecessor-version":[{"id":59824,"href":"https:\/\/proto-fest.com\/es\/wp-json\/wp\/v2\/pages\/59820\/revisions\/59824"}],"wp:attachment":[{"href":"https:\/\/proto-fest.com\/es\/wp-json\/wp\/v2\/media?parent=59820"}],"curies":[{"name":"wp","href":"https:\/\/api.w.org\/{rel}","templated":true}]}}