{"id":59865,"date":"2025-06-21T17:16:32","date_gmt":"2025-06-21T15:16:32","guid":{"rendered":"https:\/\/proto-fest.com\/concert-joies-del-classicisme-catala-i-vienes\/"},"modified":"2025-08-01T09:58:35","modified_gmt":"2025-08-01T07:58:35","slug":"concert-joies-del-classicisme-catala-i-vienes","status":"publish","type":"page","link":"https:\/\/proto-fest.com\/es\/concert-joies-del-classicisme-catala-i-vienes\/","title":{"rendered":"CONCERT: JOIES DEL CLASSICISME CATAL\u00c0 I VIEN\u00c8S"},"content":{"rendered":"<p>[vc_row row_height_percent=\u00bb0&#8243; back_color=\u00bbcolor-jevc\u00bb overlay_alpha=\u00bb50&#8243; gutter_size=\u00bb3&#8243; column_width_percent=\u00bb100&#8243; shift_y=\u00bb0&#8243; z_index=\u00bb0&#8243; uncode_shortcode_id=\u00bb181188&#8243; back_color_type=\u00bbuncode-palette\u00bb][vc_column width=\u00bb1\/1&#8243;][vc_custom_heading text_color=\u00bbcolor-jevc\u00bb heading_semantic=\u00bbh1&#8243; text_font=\u00bbfont-555555&#8243; text_size=\u00bbh1&#8243; uncode_shortcode_id=\u00bb663089&#8243; text_color_type=\u00bbuncode-palette\u00bb]<span class=\"font-555555\" style=\"font-weight: 400; color: #ffffff;\"><span style=\"font-weight: 400;\">JOYAS DEL CLASICISMO CATAL\u00c1N Y VIEN\u00c9S<\/span><\/span>[\/vc_custom_heading][vc_custom_heading text_color=\u00bbcolor-jevc\u00bb heading_semantic=\u00bbh1&#8243; text_font=\u00bbfont-813966&#8243; text_size=\u00bbfontsize-828701&#8243; uncode_shortcode_id=\u00bb165704&#8243; text_color_type=\u00bbuncode-palette\u00bb]<\/p>\n<h2><span class=\"font-187764 font-102516 font-813966\" style=\"font-weight: 400; color: #ffffff;\"><span style=\"font-weight: 400;\">Orquesta de C\u00e1mara Catalana <\/span><\/span><\/h2>\n<h2><span class=\"font-187764 font-102516 font-813966\" style=\"font-weight: 400; color: #ffffff;\"><span style=\"font-weight: 400;\">J\u00falia Farr\u00e9s-Llongueras, soprano <\/span><\/span><\/h2>\n<h2><span class=\"font-187764 font-102516 font-813966\" style=\"font-weight: 400; color: #ffffff;\"><span style=\"font-weight: 400;\">Xavier Pag\u00e8s-Corella, director\u00a0<\/span><\/span><\/h2>\n<p>[\/vc_custom_heading][\/vc_column][\/vc_row][vc_row unlock_row=\u00bb\u00bb row_height_percent=\u00bb0&#8243; back_color=\u00bbcolor-xsdn\u00bb overlay_alpha=\u00bb50&#8243; gutter_size=\u00bb3&#8243; column_width_percent=\u00bb100&#8243; shift_y=\u00bb0&#8243; z_index=\u00bb0&#8243; inverted_device_order=\u00bbyes\u00bb uncode_shortcode_id=\u00bb188268&#8243; back_color_type=\u00bbuncode-palette\u00bb][vc_column column_width_percent=\u00bb100&#8243; position_vertical=\u00bbmiddle\u00bb gutter_size=\u00bb1&#8243; style=\u00bbdark\u00bb overlay_alpha=\u00bb50&#8243; shift_x=\u00bb0&#8243; shift_y=\u00bb0&#8243; shift_y_down=\u00bb0&#8243; z_index=\u00bb0&#8243; medium_width=\u00bb0&#8243; mobile_width=\u00bb0&#8243; width=\u00bb1\/2&#8243; uncode_shortcode_id=\u00bb107810&#8243;][vc_custom_heading text_font=\u00bbfont-105735&#8243; text_size=\u00bbh4&#8243; uncode_shortcode_id=\u00bb985714&#8243;]<span style=\"color: #000000;\">Jueves, 31 de julio,<\/span><br \/>\n<span style=\"color: #000000;\">a las 20.00 h<br \/>\n<\/span>[\/vc_custom_heading][vc_empty_space empty_h=\u00bb0&#8243;][vc_custom_heading heading_semantic=\u00bbh5&#8243; text_font=\u00bbfont-555555&#8243; text_size=\u00bbh4&#8243; uncode_shortcode_id=\u00bb633613&#8243;]<span style=\"color: #000000;\">Reales Colegios<\/span>[\/vc_custom_heading][vc_custom_heading heading_semantic=\u00bbh3&#8243; text_font=\u00bbfont-942005&#8243; text_size=\u00bbh5&#8243; text_weight=\u00bb400&#8243; uncode_shortcode_id=\u00bb246671&#8243;]<span style=\"color: #000000;\"><a style=\"color: #000000;\" href=\"https:\/\/maps.app.goo.gl\/ZEHxDTV5vbFMqoR48\" target=\"_blank\" rel=\"noopener\">Ver ubicaci\u00f3n<\/a><\/span>[\/vc_custom_heading][vc_empty_space empty_h=\u00bb0&#8243;][vc_custom_heading heading_semantic=\u00bbh5&#8243; text_font=\u00bbfont-555555&#8243; text_size=\u00bbh5&#8243; uncode_shortcode_id=\u00bb294435&#8243;]<span style=\"color: #000000;\">Entrada: 6\u20ac<\/span>[\/vc_custom_heading][vc_empty_space empty_h=\u00bb0&#8243;][vc_button size=\u00bbbtn-xl\u00bb border_width=\u00bb0&#8243; button_color_type=\u00bbuncode-solid\u00bb button_color_solid=\u00bb#ffdc00&#8243; uncode_shortcode_id=\u00bb134312&#8243; el_class=\u00bbbutonins\u00bb link=\u00bbtitle:Joies%20del%20classicisme%20catal%C3%A0%20i%20vien%C3%A8s\u00bb]ENTRADAS AGOTADAS[\/vc_button][\/vc_column][vc_column width=\u00bb1\/2&#8243;][vc_single_image media=\u00bb59439&#8243; media_width_percent=\u00bb100&#8243; uncode_shortcode_id=\u00bb244745&#8243;][\/vc_column][\/vc_row][vc_row][vc_column width=\u00bb1\/1&#8243;][vc_separator sep_color=\u00bbcolor-jevc\u00bb uncode_shortcode_id=\u00bb102172&#8243; sep_color_type=\u00bbuncode-palette\u00bb][vc_custom_heading heading_semantic=\u00bbh5&#8243; text_font=\u00bbfont-555555&#8243; text_size=\u00bbh4&#8243; uncode_shortcode_id=\u00bb200018&#8243;]<span style=\"font-weight: 400;\">Este concierto ofrecer\u00e1 <strong>un viaje por el clasicismo europeo<\/strong> con obras de <strong>Mateu Ferr\u00e9, F. J. Haydn<\/strong> y <strong>W. A. Mozart<\/strong>. La Sinfon\u00eda en Re M de Ferr\u00e9 muestra influencias italianas y rossinianas, con una estructura de obertura dram\u00e1tica seguida de un allegro vibrante. La <em>Sinfon\u00eda n.\u00ba 43 \u201cMercuri\u201d<\/em> de Haydn, escrita hacia 1770, destaca por su ligereza, temas l\u00edricos y desarrollos inesperados, caracter\u00edsticos del estilo <em>Sturm und Drang<\/em>. El programa se completa con arias de <em>La flauta m\u00e1gica, Las bodas de F\u00edgaro <\/em>y <em>Cos\u00ec fan tutte <\/em>de Mozart, que aportan un toque sublime de lirismo y emoci\u00f3n a este recorrido por el gran repertorio cl\u00e1sico.<\/span>[\/vc_custom_heading][vc_separator sep_color=\u00bbcolor-jevc\u00bb uncode_shortcode_id=\u00bb102172&#8243; sep_color_type=\u00bbuncode-palette\u00bb][vc_column_text text_lead=\u00bbyes\u00bb text_color=\u00bbcolor-jevc\u00bb uncode_shortcode_id=\u00bb967754&#8243; text_color_type=\u00bbuncode-palette\u00bb]<span style=\"color: #000000;\"><strong>INT\u00c9RPRETES<\/strong><\/span><\/p>\n<p><span style=\"font-weight: 400;\">La Orquestra de Cambra Catalana fue fundada por Joan P\u00e0mies en 1986. Esta formaci\u00f3n colabora con solistas emergentes y artistas consagrados, ofreciendo a los j\u00f3venes la oportunidad de actuar junto a profesionales. Apoya la creaci\u00f3n contempor\u00e1nea y la difusi\u00f3n de los grandes maestros del pasado, con un repertorio que abarca todas las \u00e9pocas. Ha realizado m\u00e1s de 700 conciertos tanto en escenarios locales como en auditorios y festivales de Catalu\u00f1a, Espa\u00f1a, Francia, Italia, China o M\u00e9xico. Ha colaborado con destacados solistas y directores, y ha grabado para radios y televisiones internacionales. Cuenta con siete discos de m\u00fasica in\u00e9dita, principalmente catalana, y act\u00faa regularmente en ciclos de primavera, verano y Navidad con el respaldo de diversas instituciones<\/span><span style=\"font-family: -apple-system, BlinkMacSystemFont, 'Segoe UI', Roboto, Oxygen-Sans, Ubuntu, Cantarell, 'Helvetica Neue', sans-serif;\">.<\/span><\/p>\n<p>&nbsp;<\/p>\n<p><span style=\"font-weight: 400;\">J\u00falia Farr\u00e9s-Llongueras es una soprano formada con Mati Pinkas y perfeccionada con Renata Scotto en Roma. Premiada en concursos en N\u00e1poles y Par\u00eds, ha interpretado roles oper\u00edsticos en escenarios como el Palau de les Arts, la Maestranza de Sevilla, Peralada o Chipre. Debut\u00f3 en Italia en 2020 con <em>Donna di veleni<\/em>. Tambi\u00e9n ha destacado en zarzuela y oratorio, y el <em>lied<\/em> ocupa un lugar central en su carrera, con recitales en Catalu\u00f1a, Espa\u00f1a, Alemania, Finlandia y Austria. Interpreta repertorio contempor\u00e1neo y ha actuado con orquestas y directores de renombre. Ha grabado para radios europeas y publicado discos con el sello La M\u00e0 de Guido<\/span><span style=\"font-family: -apple-system, BlinkMacSystemFont, 'Segoe UI', Roboto, Oxygen-Sans, Ubuntu, Cantarell, 'Helvetica Neue', sans-serif;\">.<\/span><\/p>\n<p>&nbsp;<\/p>\n<p><span style=\"color: #000000;\"><strong>DIRECTOR<\/strong><\/span><\/p>\n<p><span style=\"font-weight: 400;\">Xavier Pag\u00e8s-Corella es un m\u00fasico de s\u00f3lida trayectoria caracterizada por su creatividad y versatilidad. Su visi\u00f3n art\u00edstica abarca una gran variedad de estilos, desde la m\u00fasica de inspiraci\u00f3n popular hasta las composiciones contempor\u00e1neas m\u00e1s experimentales. A lo largo de su carrera ha destacado por su labor en la interpretaci\u00f3n y divulgaci\u00f3n del patrimonio musical catal\u00e1n de todas las \u00e9pocas, con el firme prop\u00f3sito de hacer de la m\u00fasica una forma de expresi\u00f3n cercana, valiosa y socialmente transformadora. Actualmente es director art\u00edstico y titular de la Orquestra Simf\u00f2nica Juli\u00e0 Carbonell de les Terres de Lleida, director del Barcelona Modern Ensemble, director asociado de la Orquestra de Cambra Catalana y profesor en el Conservatorio Superior de M\u00fasica del Liceo<\/span><span style=\"font-family: -apple-system, BlinkMacSystemFont, 'Segoe UI', Roboto, Oxygen-Sans, Ubuntu, Cantarell, 'Helvetica Neue', sans-serif;\">.<\/span>[\/vc_column_text][\/vc_column][\/vc_row]<\/p>\n","protected":false},"excerpt":{"rendered":"<p>[vc_row row_height_percent=\u00bb0&#8243; back_color=\u00bbcolor-jevc\u00bb overlay_alpha=\u00bb50&#8243; gutter_size=\u00bb3&#8243; column_width_percent=\u00bb100&#8243; shift_y=\u00bb0&#8243; z_index=\u00bb0&#8243; uncode_shortcode_id=\u00bb181188&#8243; back_color_type=\u00bbuncode-palette\u00bb][vc_column width=\u00bb1\/1&#8243;][vc_custom_heading text_color=\u00bbcolor-jevc\u00bb heading_semantic=\u00bbh1&#8243; text_font=\u00bbfont-555555&#8243; text_size=\u00bbh1&#8243; uncode_shortcode_id=\u00bb663089&#8243; text_color_type=\u00bbuncode-palette\u00bb]JOYAS DEL CLASICISMO CATAL\u00c1N [&hellip;]<\/p>\n","protected":false},"author":1,"featured_media":0,"parent":0,"menu_order":0,"comment_status":"closed","ping_status":"closed","template":"","meta":{"_monsterinsights_skip_tracking":false,"_monsterinsights_sitenote_active":false,"_monsterinsights_sitenote_note":"","_monsterinsights_sitenote_category":0,"footnotes":""},"yoast_head":"<!-- This site is optimized with the Yoast SEO plugin v21.3 - https:\/\/yoast.com\/wordpress\/plugins\/seo\/ -->\n<title>CONCERT: JOIES DEL CLASSICISME CATAL\u00c0 I VIEN\u00c8S - Proto-fest<\/title>\n<meta name=\"description\" content=\"A c\u00e0rrec de l&#039;Orquestra de Cambra Catalana, amb la soprano J\u00falia Farr\u00e9s-Llongueras i amb la direcci\u00f3 de Xavier Pag\u00e8s-Corella.\" \/>\n<meta name=\"robots\" content=\"index, follow, max-snippet:-1, max-image-preview:large, max-video-preview:-1\" \/>\n<link rel=\"canonical\" href=\"https:\/\/proto-fest.com\/es\/concert-joies-del-classicisme-catala-i-vienes\/\" \/>\n<meta property=\"og:locale\" content=\"es_ES\" \/>\n<meta property=\"og:type\" content=\"article\" \/>\n<meta property=\"og:title\" content=\"CONCERT: JOIES DEL CLASSICISME CATAL\u00c0 I VIEN\u00c8S\" \/>\n<meta property=\"og:description\" content=\"A c\u00e0rrec de l&#039;Orquestra de Cambra Catalana, amb la soprano J\u00falia Farr\u00e9s-Llongueras i amb la direcci\u00f3 de Xavier Pag\u00e8s-Corella.\" \/>\n<meta property=\"og:url\" content=\"https:\/\/proto-fest.com\/es\/concert-joies-del-classicisme-catala-i-vienes\/\" \/>\n<meta property=\"og:site_name\" content=\"Proto-fest\" \/>\n<meta property=\"article:modified_time\" content=\"2025-08-01T07:58:35+00:00\" \/>\n<meta property=\"og:image\" content=\"https:\/\/proto-fest.com\/wp-content\/uploads\/2025\/05\/logo_proto5_social-01.png\" \/>\n\t<meta property=\"og:image:width\" content=\"200\" \/>\n\t<meta property=\"og:image:height\" content=\"200\" \/>\n\t<meta property=\"og:image:type\" content=\"image\/png\" \/>\n<meta name=\"twitter:card\" content=\"summary_large_image\" \/>\n<meta name=\"twitter:title\" content=\"CONCERT: JOIES DEL CLASSICISME CATAL\u00c0 I VIEN\u00c8S\" \/>\n<meta name=\"twitter:description\" content=\"A c\u00e0rrec de l&#039;Orquestra de Cambra Catalana, amb la soprano J\u00falia Farr\u00e9s-Llongueras i amb la direcci\u00f3 de Xavier Pag\u00e8s-Corella.\" \/>\n<meta name=\"twitter:image\" content=\"https:\/\/proto-fest.com\/wp-content\/uploads\/2025\/05\/logo_proto5_social-01.png\" \/>\n<meta name=\"twitter:label1\" content=\"Tiempo de lectura\" \/>\n\t<meta name=\"twitter:data1\" content=\"4 minutos\" \/>\n<script type=\"application\/ld+json\" class=\"yoast-schema-graph\">{\"@context\":\"https:\/\/schema.org\",\"@graph\":[{\"@type\":\"WebPage\",\"@id\":\"https:\/\/proto-fest.com\/es\/concert-joies-del-classicisme-catala-i-vienes\/\",\"url\":\"https:\/\/proto-fest.com\/es\/concert-joies-del-classicisme-catala-i-vienes\/\",\"name\":\"CONCERT: JOIES DEL CLASSICISME CATAL\u00c0 I VIEN\u00c8S - Proto-fest\",\"isPartOf\":{\"@id\":\"https:\/\/proto-fest.com\/es\/#website\"},\"datePublished\":\"2025-06-21T15:16:32+00:00\",\"dateModified\":\"2025-08-01T07:58:35+00:00\",\"description\":\"A c\u00e0rrec de l'Orquestra de Cambra Catalana, amb la soprano J\u00falia Farr\u00e9s-Llongueras i amb la direcci\u00f3 de Xavier Pag\u00e8s-Corella.\",\"breadcrumb\":{\"@id\":\"https:\/\/proto-fest.com\/es\/concert-joies-del-classicisme-catala-i-vienes\/#breadcrumb\"},\"inLanguage\":\"es\",\"potentialAction\":[{\"@type\":\"ReadAction\",\"target\":[\"https:\/\/proto-fest.com\/es\/concert-joies-del-classicisme-catala-i-vienes\/\"]}]},{\"@type\":\"BreadcrumbList\",\"@id\":\"https:\/\/proto-fest.com\/es\/concert-joies-del-classicisme-catala-i-vienes\/#breadcrumb\",\"itemListElement\":[{\"@type\":\"ListItem\",\"position\":1,\"name\":\"Home\",\"item\":\"https:\/\/proto-fest.com\/es\/\"},{\"@type\":\"ListItem\",\"position\":2,\"name\":\"CONCERT: JOIES DEL CLASSICISME CATAL\u00c0 I VIEN\u00c8S\"}]},{\"@type\":\"WebSite\",\"@id\":\"https:\/\/proto-fest.com\/es\/#website\",\"url\":\"https:\/\/proto-fest.com\/es\/\",\"name\":\"Proto-fest\",\"description\":\"Festival de m\u00fasica Tortosa\",\"publisher\":{\"@id\":\"https:\/\/proto-fest.com\/es\/#organization\"},\"potentialAction\":[{\"@type\":\"SearchAction\",\"target\":{\"@type\":\"EntryPoint\",\"urlTemplate\":\"https:\/\/proto-fest.com\/es\/?s={search_term_string}\"},\"query-input\":\"required name=search_term_string\"}],\"inLanguage\":\"es\"},{\"@type\":\"Organization\",\"@id\":\"https:\/\/proto-fest.com\/es\/#organization\",\"name\":\"Proto-fest\",\"url\":\"https:\/\/proto-fest.com\/es\/\",\"logo\":{\"@type\":\"ImageObject\",\"inLanguage\":\"es\",\"@id\":\"https:\/\/proto-fest.com\/es\/#\/schema\/logo\/image\/\",\"url\":\"https:\/\/proto-fest.com\/wp-content\/uploads\/2026\/04\/cropped-cropped-logo_proto6_header-01-1-1.png\",\"contentUrl\":\"https:\/\/proto-fest.com\/wp-content\/uploads\/2026\/04\/cropped-cropped-logo_proto6_header-01-1-1.png\",\"width\":323,\"height\":143,\"caption\":\"Proto-fest\"},\"image\":{\"@id\":\"https:\/\/proto-fest.com\/es\/#\/schema\/logo\/image\/\"}}]}<\/script>\n<!-- \/ Yoast SEO plugin. -->","yoast_head_json":{"title":"CONCERT: JOIES DEL CLASSICISME CATAL\u00c0 I VIEN\u00c8S - Proto-fest","description":"A c\u00e0rrec de l'Orquestra de Cambra Catalana, amb la soprano J\u00falia Farr\u00e9s-Llongueras i amb la direcci\u00f3 de Xavier Pag\u00e8s-Corella.","robots":{"index":"index","follow":"follow","max-snippet":"max-snippet:-1","max-image-preview":"max-image-preview:large","max-video-preview":"max-video-preview:-1"},"canonical":"https:\/\/proto-fest.com\/es\/concert-joies-del-classicisme-catala-i-vienes\/","og_locale":"es_ES","og_type":"article","og_title":"CONCERT: JOIES DEL CLASSICISME CATAL\u00c0 I VIEN\u00c8S","og_description":"A c\u00e0rrec de l'Orquestra de Cambra Catalana, amb la soprano J\u00falia Farr\u00e9s-Llongueras i amb la direcci\u00f3 de Xavier Pag\u00e8s-Corella.","og_url":"https:\/\/proto-fest.com\/es\/concert-joies-del-classicisme-catala-i-vienes\/","og_site_name":"Proto-fest","article_modified_time":"2025-08-01T07:58:35+00:00","og_image":[{"width":200,"height":200,"url":"https:\/\/proto-fest.com\/wp-content\/uploads\/2025\/05\/logo_proto5_social-01.png","type":"image\/png"}],"twitter_card":"summary_large_image","twitter_title":"CONCERT: JOIES DEL CLASSICISME CATAL\u00c0 I VIEN\u00c8S","twitter_description":"A c\u00e0rrec de l'Orquestra de Cambra Catalana, amb la soprano J\u00falia Farr\u00e9s-Llongueras i amb la direcci\u00f3 de Xavier Pag\u00e8s-Corella.","twitter_image":"https:\/\/proto-fest.com\/wp-content\/uploads\/2025\/05\/logo_proto5_social-01.png","twitter_misc":{"Tiempo de lectura":"4 minutos"},"schema":{"@context":"https:\/\/schema.org","@graph":[{"@type":"WebPage","@id":"https:\/\/proto-fest.com\/es\/concert-joies-del-classicisme-catala-i-vienes\/","url":"https:\/\/proto-fest.com\/es\/concert-joies-del-classicisme-catala-i-vienes\/","name":"CONCERT: JOIES DEL CLASSICISME CATAL\u00c0 I VIEN\u00c8S - Proto-fest","isPartOf":{"@id":"https:\/\/proto-fest.com\/es\/#website"},"datePublished":"2025-06-21T15:16:32+00:00","dateModified":"2025-08-01T07:58:35+00:00","description":"A c\u00e0rrec de l'Orquestra de Cambra Catalana, amb la soprano J\u00falia Farr\u00e9s-Llongueras i amb la direcci\u00f3 de Xavier Pag\u00e8s-Corella.","breadcrumb":{"@id":"https:\/\/proto-fest.com\/es\/concert-joies-del-classicisme-catala-i-vienes\/#breadcrumb"},"inLanguage":"es","potentialAction":[{"@type":"ReadAction","target":["https:\/\/proto-fest.com\/es\/concert-joies-del-classicisme-catala-i-vienes\/"]}]},{"@type":"BreadcrumbList","@id":"https:\/\/proto-fest.com\/es\/concert-joies-del-classicisme-catala-i-vienes\/#breadcrumb","itemListElement":[{"@type":"ListItem","position":1,"name":"Home","item":"https:\/\/proto-fest.com\/es\/"},{"@type":"ListItem","position":2,"name":"CONCERT: JOIES DEL CLASSICISME CATAL\u00c0 I VIEN\u00c8S"}]},{"@type":"WebSite","@id":"https:\/\/proto-fest.com\/es\/#website","url":"https:\/\/proto-fest.com\/es\/","name":"Proto-fest","description":"Festival de m\u00fasica Tortosa","publisher":{"@id":"https:\/\/proto-fest.com\/es\/#organization"},"potentialAction":[{"@type":"SearchAction","target":{"@type":"EntryPoint","urlTemplate":"https:\/\/proto-fest.com\/es\/?s={search_term_string}"},"query-input":"required name=search_term_string"}],"inLanguage":"es"},{"@type":"Organization","@id":"https:\/\/proto-fest.com\/es\/#organization","name":"Proto-fest","url":"https:\/\/proto-fest.com\/es\/","logo":{"@type":"ImageObject","inLanguage":"es","@id":"https:\/\/proto-fest.com\/es\/#\/schema\/logo\/image\/","url":"https:\/\/proto-fest.com\/wp-content\/uploads\/2026\/04\/cropped-cropped-logo_proto6_header-01-1-1.png","contentUrl":"https:\/\/proto-fest.com\/wp-content\/uploads\/2026\/04\/cropped-cropped-logo_proto6_header-01-1-1.png","width":323,"height":143,"caption":"Proto-fest"},"image":{"@id":"https:\/\/proto-fest.com\/es\/#\/schema\/logo\/image\/"}}]}},"_links":{"self":[{"href":"https:\/\/proto-fest.com\/es\/wp-json\/wp\/v2\/pages\/59865"}],"collection":[{"href":"https:\/\/proto-fest.com\/es\/wp-json\/wp\/v2\/pages"}],"about":[{"href":"https:\/\/proto-fest.com\/es\/wp-json\/wp\/v2\/types\/page"}],"author":[{"embeddable":true,"href":"https:\/\/proto-fest.com\/es\/wp-json\/wp\/v2\/users\/1"}],"replies":[{"embeddable":true,"href":"https:\/\/proto-fest.com\/es\/wp-json\/wp\/v2\/comments?post=59865"}],"version-history":[{"count":2,"href":"https:\/\/proto-fest.com\/es\/wp-json\/wp\/v2\/pages\/59865\/revisions"}],"predecessor-version":[{"id":59947,"href":"https:\/\/proto-fest.com\/es\/wp-json\/wp\/v2\/pages\/59865\/revisions\/59947"}],"wp:attachment":[{"href":"https:\/\/proto-fest.com\/es\/wp-json\/wp\/v2\/media?parent=59865"}],"curies":[{"name":"wp","href":"https:\/\/api.w.org\/{rel}","templated":true}]}}