{"id":59150,"date":"2025-05-07T20:39:16","date_gmt":"2025-05-07T18:39:16","guid":{"rendered":"https:\/\/proto-fest.com\/masterclasses-2025\/"},"modified":"2026-04-03T08:59:38","modified_gmt":"2026-04-03T06:59:38","slug":"masterclasses-2026","status":"publish","type":"page","link":"https:\/\/proto-fest.com\/fr\/masterclasses-2026\/","title":{"rendered":"MASTERCLASSES 2026"},"content":{"rendered":"<p>[vc_row][vc_column width=\u00a0\u00bb1\/1&Prime;][vc_custom_heading text_font=\u00a0\u00bbfont-813966&Prime; text_size=\u00a0\u00bbfontsize-556981&Prime; uncode_shortcode_id=\u00a0\u00bb114249&Prime; el_class=\u00a0\u00bbcenter\u00a0\u00bb]Classes de ma\u00eetre[\/vc_custom_heading][vc_empty_space empty_h=\u00a0\u00bb2&Prime;][vc_custom_heading heading_semantic=\u00a0\u00bbh3&Prime; text_font=\u00a0\u00bbfont-105735&Prime; uncode_shortcode_id=\u00a0\u00bb527745&Prime;]<strong>FORMATION PROTO-FEST<\/strong>[\/vc_custom_heading][vc_custom_heading heading_semantic=\u00a0\u00bbh5&Prime; text_font=\u00a0\u00bbfont-555555&Prime; text_size=\u00a0\u00bbh5&Prime; uncode_shortcode_id=\u00a0\u00bb146525&Prime;]<strong>Depuis sa premi\u00e8re \u00e9dition, le festival Proto-fest mise r\u00e9solument sur la formation. C\u2019est la raison pour laquelle son programme d\u2019activit\u00e9s propose des classes de ma\u00eetre en petits groupes\u00a0: bandon\u00e9on, violon, alto, musique de chambre, chant et interpr\u00e9tations chorale et orchestrale.<\/strong><\/p>\n<p>&nbsp;<\/p>\n<p><span style=\"font-weight: 400;\">L\u2019\u00e9quipe p\u00e9dagogique sera compos\u00e9e de personnalit\u00e9s, telles que l\u2019altiste\u00a0<strong>Rivka Golani<\/strong>\u00a0(professeure au Trinity College de Londres)\u00a0; le bandon\u00e9oniste et compositeur\u00a0<strong>Marcelo Mercadante<\/strong>\u00a0(qui collabore avec de nombreux artistes, notamment Joan Manuel Serrat, Miguel Poveda et S\u00edlvia P\u00e9rez Cruz)\u00a0; le contre-t\u00e9nor et pianiste\u00a0<strong>Jordi Dom\u00e8nech<\/strong>\u00a0(sp\u00e9cialis\u00e9 dans le r\u00e9pertoire baroque, qui a particip\u00e9 \u00e0 des repr\u00e9sentations au Gran Teatre del Liceu de Barcelone)\u00a0; le chef de ch\u0153ur et d\u2019orchestre\u00a0<strong>Francesc Valldecabres<\/strong>\u00a0(professeur au conservatoire professionnel de Catarroja et directeur du ch\u0153ur universitaire de Valence)\u00a0; et\u00a0<strong>Mireia Andreu<\/strong>, metteuse en sc\u00e8ne et professeure de th\u00e9\u00e2tre.<\/span>[\/vc_custom_heading][vc_empty_space empty_h=\u00a0\u00bb2&Prime;][\/vc_column][\/vc_row][vc_row row_height_percent=\u00a0\u00bb0&Prime; back_color=\u00a0\u00bbcolor-jevc\u00a0\u00bb overlay_alpha=\u00a0\u00bb50&Prime; gutter_size=\u00a0\u00bb3&Prime; column_width_percent=\u00a0\u00bb100&Prime; shift_y=\u00a0\u00bb0&Prime; z_index=\u00a0\u00bb0&Prime; uncode_shortcode_id=\u00a0\u00bb144207&Prime; back_color_type=\u00a0\u00bbuncode-palette\u00a0\u00bb][vc_column column_width_percent=\u00a0\u00bb100&Prime; align_horizontal=\u00a0\u00bbalign_center\u00a0\u00bb gutter_size=\u00a0\u00bb3&Prime; overlay_alpha=\u00a0\u00bb50&Prime; shift_x=\u00a0\u00bb0&Prime; shift_y=\u00a0\u00bb0&Prime; shift_y_down=\u00a0\u00bb0&Prime; z_index=\u00a0\u00bb0&Prime; medium_width=\u00a0\u00bb0&Prime; mobile_width=\u00a0\u00bb0&Prime; width=\u00a0\u00bb1\/1&Prime; uncode_shortcode_id=\u00a0\u00bb785902&Prime;][vc_custom_heading text_font=\u00a0\u00bbfont-187764&Prime; text_size=\u00a0\u00bbfontsize-556981&Prime; uncode_shortcode_id=\u00a0\u00bb166042&Prime; el_class=\u00a0\u00bbcenter\u00a0\u00bb]<span class=\"font-105735\" style=\"text-align: center !important; color: #ffff00;\">Inscriptions Masterclasses 2026<\/span>[\/vc_custom_heading][vc_button size=\u00a0\u00bbbtn-xl\u00a0\u00bb border_width=\u00a0\u00bb0&Prime; link=\u00a0\u00bburl:https%3A%2F%2Fproto-fest.com%2Fincripcions-masterclasses-2025%2F|title:Inscripcions%20Masterclasses%202025&Prime; uncode_shortcode_id=\u00a0\u00bb146690&Prime;]INSCRIVEZ-VOUS![\/vc_button][vc_custom_heading text_color=\u00a0\u00bbcolor-jevc\u00a0\u00bb heading_semantic=\u00a0\u00bbh3&Prime; text_font=\u00a0\u00bbfont-555555&Prime; text_size=\u00a0\u00bbh4&Prime; uncode_shortcode_id=\u00a0\u00bb195460&Prime; el_class=\u00a0\u00bbcenter\u00a0\u00bb text_color_type=\u00a0\u00bbuncode-palette\u00a0\u00bb]<\/p>\n<p class=\"font-555555\" style=\"color: white; text-align: center;\">Une fois le formulaire envoy\u00e9, l&rsquo;organisation prendre contact aver les \u00e9l\u00e8ves afin de confirmer leur participation.<\/p>\n<p class=\"font-555555\" style=\"color: white; text-align: center;\">Les \u00e9l\u00e8ves seront admis sur s\u00e9lection de leur curr\u00edculum vitae.<\/p>\n<p>[\/vc_custom_heading][\/vc_column][\/vc_row][vc_row unlock_row_content=\u00a0\u00bbyes\u00a0\u00bb row_height_percent=\u00a0\u00bb0&Prime; override_padding=\u00a0\u00bbyes\u00a0\u00bb h_padding=\u00a0\u00bb2&Prime; top_padding=\u00a0\u00bb2&Prime; bottom_padding=\u00a0\u00bb2&Prime; overlay_alpha=\u00a0\u00bb50&Prime; gutter_size=\u00a0\u00bb3&Prime; column_width_percent=\u00a0\u00bb100&Prime; shift_y=\u00a0\u00bb0&Prime; z_index=\u00a0\u00bb0&Prime; uncode_shortcode_id=\u00a0\u00bb738588&Prime;][vc_column width=\u00a0\u00bb1\/1&Prime;][vc_separator sep_color=\u00a0\u00bbcolor-prif\u00a0\u00bb el_width=\u00a0\u00bb100%\u00a0\u00bb el_height=\u00a0\u00bb1px\u00a0\u00bb][\/vc_column][\/vc_row][vc_row unlock_row_content=\u00a0\u00bbyes\u00a0\u00bb row_height_percent=\u00a0\u00bb35&Prime; override_padding=\u00a0\u00bbyes\u00a0\u00bb h_padding=\u00a0\u00bb2&Prime; top_padding=\u00a0\u00bb4&Prime; bottom_padding=\u00a0\u00bb2&Prime; overlay_alpha=\u00a0\u00bb50&Prime; gutter_size=\u00a0\u00bb3&Prime; column_width_percent=\u00a0\u00bb100&Prime; shift_y=\u00a0\u00bb0&Prime; z_index=\u00a0\u00bb0&Prime; uncode_shortcode_id=\u00a0\u00bb147351&Prime;][vc_column column_width_percent=\u00a0\u00bb100&Prime; gutter_size=\u00a0\u00bb1&Prime; overlay_alpha=\u00a0\u00bb50&Prime; shift_x=\u00a0\u00bb0&Prime; shift_y=\u00a0\u00bb0&Prime; shift_y_down=\u00a0\u00bb0&Prime; z_index=\u00a0\u00bb0&Prime; medium_width=\u00a0\u00bb0&Prime; mobile_width=\u00a0\u00bb0&Prime; width=\u00a0\u00bb1\/3&Prime;][vc_single_image media=\u00a0\u00bb58394&Prime; media_lightbox=\u00a0\u00bbyes\u00a0\u00bb media_width_percent=\u00a0\u00bb100&Prime; uncode_shortcode_id=\u00a0\u00bb857526&Prime;][\/vc_column][vc_column width=\u00a0\u00bb1\/3&Prime;][vc_custom_heading heading_semantic=\u00a0\u00bbh3&Prime; text_font=\u00a0\u00bbfont-105735&Prime; uncode_shortcode_id=\u00a0\u00bb206152&Prime;]<strong>OP\u00c9RA STUDIO, CLASSE DE MA\u00ceTRE D\u2019OP\u00c9RA BAROQUE\u00a0<\/strong><strong>avec Jordi Dom\u00e8nech<\/strong>[\/vc_custom_heading][vc_empty_space empty_h=\u00a0\u00bb1&Prime;][vc_custom_heading heading_semantic=\u00a0\u00bbh3&Prime; text_font=\u00a0\u00bbfont-555555&Prime; text_size=\u00a0\u00bbh4&Prime; uncode_shortcode_id=\u00a0\u00bb211991&Prime;]Du 23 au 27 juillet<\/p>\n<p>De 10\u00a0h \u00e0 14\u00a0h et de 16\u00a0h \u00e0 19\u00a0h<\/p>\n<p>Tarif : 290 \u20ac (cours) \/ 390 \u20ac (cours + h\u00e9bergement)[\/vc_custom_heading][vc_empty_space empty_h=\u00a0\u00bb1&Prime;][\/vc_column][vc_column width=\u00a0\u00bb1\/3&Prime;][vc_custom_heading heading_semantic=\u00a0\u00bbh3&Prime; text_font=\u00a0\u00bbfont-555555&Prime; text_size=\u00a0\u00bbh4&Prime; uncode_shortcode_id=\u00a0\u00bb379260&Prime;]<\/p>\n<div class=\"text-base my-auto mx-auto [--thread-content-margin:var(--thread-content-margin-xs,calc(var(--spacing)*4))] @w-sm\/main:[--thread-content-margin:var(--thread-content-margin-sm,calc(var(--spacing)*6))] @w-lg\/main:[--thread-content-margin:var(--thread-content-margin-lg,calc(var(--spacing)*16))] px-(--thread-content-margin)\">\n<div class=\"[--thread-content-max-width:40rem] @w-lg\/main:[--thread-content-max-width:48rem] mx-auto max-w-(--thread-content-max-width) flex-1 group\/turn-messages focus-visible:outline-hidden relative flex w-full min-w-0 flex-col agent-turn\">\n<div class=\"flex max-w-full flex-col gap-4 grow\">\n<div class=\"min-h-8 text-message relative flex w-full flex-col items-end gap-2 text-start break-words whitespace-normal outline-none keyboard-focused:focus-ring [.text-message+&amp;]:mt-1\" dir=\"auto\" data-message-author-role=\"assistant\" data-message-id=\"f17335ae-1d9c-4c74-9775-1a03f403202d\" data-message-model-slug=\"gpt-5-3\">\n<div class=\"flex w-full flex-col gap-1 empty:hidden\">\n<div class=\"markdown prose dark:prose-invert w-full wrap-break-word light markdown-new-styling\">\n<p data-start=\"2582\" data-end=\"3261\">Apr\u00e8s le succ\u00e8s rencontr\u00e9 lors de <strong>l\u2019\u00e9dition 2025 de Proto-fest<\/strong>, le festival propose \u00e0 nouveau cette ann\u00e9e un atelier intensif de cinq jours consacr\u00e9 au travail d\u2019airs de compositeurs baroques. Cette proposition combine formation musicale et sc\u00e9nique avec des r\u00e9p\u00e9titions de r\u00e9citatifs et d\u2019airs sous la direction du <strong>pianiste et chanteur Jordi Dom\u00e8nech<\/strong>, ainsi qu\u2019un travail d\u2019interpr\u00e9tation dirig\u00e9 par <strong>Mireia Andreu, metteuse en sc\u00e8ne et professeure de th\u00e9\u00e2tre<\/strong>. Les s\u00e9ances b\u00e9n\u00e9ficieront de l\u2019accompagnement au clavecin de Josep Mateu. L\u2019atelier se conclura par une repr\u00e9sentation mise en sc\u00e8ne avec accompagnement orchestral, dans le cadre de la programmation de Proto-fest 2026.<\/p>\n<p data-start=\"3263\" data-end=\"3905\" data-is-last-node=\"\" data-is-only-node=\"\"><strong>Jordi Dom\u00e8nech<\/strong> a collabor\u00e9 avec de nombreux ensembles sp\u00e9cialis\u00e9s dans la musique ancienne et baroque. Il a chant\u00e9 avec des orchestres tels que Orphenica Lyra, Europa Galante, NeoBarock, La Colombina, Early Opera Company, London Baroque et Al Ayre Espa\u00f1ol, entre autres. Sa carri\u00e8re l\u2019a conduit dans les principaux festivals europ\u00e9ens de musique ancienne et d\u2019op\u00e9ra baroque, et il s\u2019est produit dans des th\u00e9\u00e2tres et auditoriums internationaux tels que La Scala de Milan, la Staatsoper de Hambourg et le Gran Teatre del Liceu de Barcelone. Il est consid\u00e9r\u00e9 comme l\u2019un des grands interpr\u00e8tes de notre pays sp\u00e9cialis\u00e9 dans le r\u00e9pertoire baroque.<\/p>\n<p data-start=\"1857\" data-end=\"2458\"><strong>Pour participer \u00e0 cette formation<\/strong>, chaque \u00e9l\u00e8ve devra choisir deux airs d\u2019op\u00e9ra baroque avec leur r\u00e9citatif pr\u00e9alable \u2014le cas \u00e9ch\u00e9ant\u2014 ou bien un air et un duo. Les \u0153uvres doivent \u00eatre \u00e9crites pour orchestre \u00e0 cordes ou pour continuo seul et devront \u00eatre interpr\u00e9t\u00e9es de m\u00e9moire. \u00c0 partir du r\u00e9pertoire propos\u00e9 par les participants, le directeur de l\u2019atelier pourra sugg\u00e9rer des ajustements, proposer de nouvelles \u0153uvres et coordonner les sc\u00e8nes de duo. Pour toute question concernant le r\u00e9pertoire, vous pouvez contacter directement Jordi Dom\u00e8nech \u00e0 l\u2019adresse \u00e9lectronique <strong><a class=\"decorated-link cursor-pointer\" rel=\"noopener\" data-start=\"2431\" data-end=\"2457\">domenechjordi222@gmail.com<\/a>.<\/strong><\/p>\n<p data-start=\"2460\" data-end=\"2793\" data-is-last-node=\"\" data-is-only-node=\"\">La participation \u00e0 la masterclass n\u00e9cessitera un processus de pr\u00e9s\u00e9lection via l\u2019envoi d\u2019une vid\u00e9o du candidat d\u2019une dur\u00e9e comprise entre 3 et 10 minutes, accompagn\u00e9e d\u2019un bref curriculum. Elle doit \u00eatre envoy\u00e9e \u00e0 l\u2019adresse suivante : <a class=\"decorated-link cursor-pointer\" rel=\"noopener\" data-start=\"2695\" data-end=\"2714\">festproto@gmail.com<\/a>. L\u2019organisation contactera les participants pour confirmer leur participation.<\/p>\n<\/div>\n<\/div>\n<\/div>\n<\/div>\n<\/div>\n<\/div>\n<p>[\/vc_custom_heading][\/vc_column][\/vc_row][vc_row unlock_row_content=\u00a0\u00bbyes\u00a0\u00bb row_height_percent=\u00a0\u00bb0&Prime; override_padding=\u00a0\u00bbyes\u00a0\u00bb h_padding=\u00a0\u00bb2&Prime; top_padding=\u00a0\u00bb2&Prime; bottom_padding=\u00a0\u00bb2&Prime; overlay_alpha=\u00a0\u00bb50&Prime; gutter_size=\u00a0\u00bb3&Prime; column_width_percent=\u00a0\u00bb100&Prime; shift_y=\u00a0\u00bb0&Prime; z_index=\u00a0\u00bb0&Prime; uncode_shortcode_id=\u00a0\u00bb738588&Prime;][vc_column width=\u00a0\u00bb1\/1&Prime;][vc_separator sep_color=\u00a0\u00bbcolor-prif\u00a0\u00bb el_width=\u00a0\u00bb100%\u00a0\u00bb el_height=\u00a0\u00bb1px\u00a0\u00bb][\/vc_column][\/vc_row]<\/p>\n","protected":false},"excerpt":{"rendered":"<p>[vc_row][vc_column width=\u00a0\u00bb1\/1&Prime;][vc_custom_heading text_font=\u00a0\u00bbfont-813966&Prime; text_size=\u00a0\u00bbfontsize-556981&Prime; uncode_shortcode_id=\u00a0\u00bb114249&Prime; el_class=\u00a0\u00bbcenter\u00a0\u00bb]Classes de ma\u00eetre[\/vc_custom_heading][vc_empty_space empty_h=\u00a0\u00bb2&Prime;][vc_custom_heading heading_semantic=\u00a0\u00bbh3&Prime; text_font=\u00a0\u00bbfont-105735&Prime; uncode_shortcode_id=\u00a0\u00bb527745&Prime;]FORMATION PROTO-FEST[\/vc_custom_heading][vc_custom_heading heading_semantic=\u00a0\u00bbh5&Prime; text_font=\u00a0\u00bbfont-555555&Prime; text_size=\u00a0\u00bbh5&Prime; uncode_shortcode_id=\u00a0\u00bb146525&Prime;]Depuis sa premi\u00e8re \u00e9dition, [&hellip;]<\/p>\n","protected":false},"author":1,"featured_media":0,"parent":0,"menu_order":0,"comment_status":"closed","ping_status":"closed","template":"","meta":{"_monsterinsights_skip_tracking":false,"_monsterinsights_sitenote_active":false,"_monsterinsights_sitenote_note":"","_monsterinsights_sitenote_category":0,"footnotes":""},"yoast_head":"<!-- This site is optimized with the Yoast SEO plugin v21.3 - https:\/\/yoast.com\/wordpress\/plugins\/seo\/ -->\n<title>MASTERCLASSES 2026 - Proto-fest<\/title>\n<meta name=\"description\" content=\"Del 23 de juliol al 2 d&#039;agost de 2025 tindr\u00e0 lloc la 5\u00aa edici\u00f3 del Proto-fest. Festival de M\u00fasica de Tortosa que inundar\u00e0 amb m\u00fasica la ciutat.\" \/>\n<meta name=\"robots\" content=\"index, follow, max-snippet:-1, max-image-preview:large, max-video-preview:-1\" \/>\n<link rel=\"canonical\" href=\"https:\/\/proto-fest.com\/fr\/masterclasses-2026\/\" \/>\n<meta property=\"og:locale\" content=\"fr_FR\" \/>\n<meta property=\"og:type\" content=\"article\" \/>\n<meta property=\"og:title\" content=\"Proto-fest. Festival de M\u00fasica de Tortosa\" \/>\n<meta property=\"og:description\" content=\"Del 23 de juliol al 2 d&#039;agost de 2025 torna el Festival de M\u00fasica de Tortosa que inundar\u00e0 amb m\u00fasica la ciutat.\" \/>\n<meta property=\"og:url\" content=\"https:\/\/proto-fest.com\/fr\/masterclasses-2026\/\" \/>\n<meta property=\"og:site_name\" content=\"Proto-fest\" \/>\n<meta property=\"article:modified_time\" content=\"2026-04-03T06:59:38+00:00\" \/>\n<meta property=\"og:image\" content=\"https:\/\/proto-fest.com\/wp-content\/uploads\/2025\/05\/logo_proto5_social-01.png\" \/>\n\t<meta property=\"og:image:width\" content=\"200\" \/>\n\t<meta property=\"og:image:height\" content=\"200\" \/>\n\t<meta property=\"og:image:type\" content=\"image\/png\" \/>\n<meta name=\"twitter:card\" content=\"summary_large_image\" \/>\n<meta name=\"twitter:title\" content=\"Proto-fest. Festival de M\u00fasica de Tortosa\" \/>\n<meta name=\"twitter:description\" content=\"Del 23 de juliol al 2 d&#039;agost de 2025 torna el Festival de M\u00fasica de Tortosa que inundar\u00e0 amb m\u00fasica la ciutat.\" \/>\n<meta name=\"twitter:image\" content=\"https:\/\/proto-fest.com\/wp-content\/uploads\/2025\/05\/logo_proto5_social-01.png\" \/>\n<meta name=\"twitter:label1\" content=\"Dur\u00e9e de lecture estim\u00e9e\" \/>\n\t<meta name=\"twitter:data1\" content=\"4 minutes\" \/>\n<script type=\"application\/ld+json\" class=\"yoast-schema-graph\">{\"@context\":\"https:\/\/schema.org\",\"@graph\":[{\"@type\":\"WebPage\",\"@id\":\"https:\/\/proto-fest.com\/fr\/masterclasses-2026\/\",\"url\":\"https:\/\/proto-fest.com\/fr\/masterclasses-2026\/\",\"name\":\"MASTERCLASSES 2026 - Proto-fest\",\"isPartOf\":{\"@id\":\"https:\/\/proto-fest.com\/fr\/#website\"},\"datePublished\":\"2025-05-07T18:39:16+00:00\",\"dateModified\":\"2026-04-03T06:59:38+00:00\",\"description\":\"Del 23 de juliol al 2 d'agost de 2025 tindr\u00e0 lloc la 5\u00aa edici\u00f3 del Proto-fest. Festival de M\u00fasica de Tortosa que inundar\u00e0 amb m\u00fasica la ciutat.\",\"breadcrumb\":{\"@id\":\"https:\/\/proto-fest.com\/fr\/masterclasses-2026\/#breadcrumb\"},\"inLanguage\":\"fr-FR\",\"potentialAction\":[{\"@type\":\"ReadAction\",\"target\":[\"https:\/\/proto-fest.com\/fr\/masterclasses-2026\/\"]}]},{\"@type\":\"BreadcrumbList\",\"@id\":\"https:\/\/proto-fest.com\/fr\/masterclasses-2026\/#breadcrumb\",\"itemListElement\":[{\"@type\":\"ListItem\",\"position\":1,\"name\":\"Home\",\"item\":\"https:\/\/proto-fest.com\/fr\/\"},{\"@type\":\"ListItem\",\"position\":2,\"name\":\"Proto-fest\"}]},{\"@type\":\"WebSite\",\"@id\":\"https:\/\/proto-fest.com\/fr\/#website\",\"url\":\"https:\/\/proto-fest.com\/fr\/\",\"name\":\"Proto-fest\",\"description\":\"Festival de m\u00fasica Tortosa\",\"publisher\":{\"@id\":\"https:\/\/proto-fest.com\/fr\/#organization\"},\"potentialAction\":[{\"@type\":\"SearchAction\",\"target\":{\"@type\":\"EntryPoint\",\"urlTemplate\":\"https:\/\/proto-fest.com\/fr\/?s={search_term_string}\"},\"query-input\":\"required name=search_term_string\"}],\"inLanguage\":\"fr-FR\"},{\"@type\":\"Organization\",\"@id\":\"https:\/\/proto-fest.com\/fr\/#organization\",\"name\":\"Proto-fest\",\"url\":\"https:\/\/proto-fest.com\/fr\/\",\"logo\":{\"@type\":\"ImageObject\",\"inLanguage\":\"fr-FR\",\"@id\":\"https:\/\/proto-fest.com\/fr\/#\/schema\/logo\/image\/\",\"url\":\"https:\/\/proto-fest.com\/wp-content\/uploads\/2026\/04\/cropped-cropped-logo_proto6_header-01-1-1.png\",\"contentUrl\":\"https:\/\/proto-fest.com\/wp-content\/uploads\/2026\/04\/cropped-cropped-logo_proto6_header-01-1-1.png\",\"width\":323,\"height\":143,\"caption\":\"Proto-fest\"},\"image\":{\"@id\":\"https:\/\/proto-fest.com\/fr\/#\/schema\/logo\/image\/\"}}]}<\/script>\n<!-- \/ Yoast SEO plugin. -->","yoast_head_json":{"title":"MASTERCLASSES 2026 - Proto-fest","description":"Del 23 de juliol al 2 d'agost de 2025 tindr\u00e0 lloc la 5\u00aa edici\u00f3 del Proto-fest. Festival de M\u00fasica de Tortosa que inundar\u00e0 amb m\u00fasica la ciutat.","robots":{"index":"index","follow":"follow","max-snippet":"max-snippet:-1","max-image-preview":"max-image-preview:large","max-video-preview":"max-video-preview:-1"},"canonical":"https:\/\/proto-fest.com\/fr\/masterclasses-2026\/","og_locale":"fr_FR","og_type":"article","og_title":"Proto-fest. Festival de M\u00fasica de Tortosa","og_description":"Del 23 de juliol al 2 d'agost de 2025 torna el Festival de M\u00fasica de Tortosa que inundar\u00e0 amb m\u00fasica la ciutat.","og_url":"https:\/\/proto-fest.com\/fr\/masterclasses-2026\/","og_site_name":"Proto-fest","article_modified_time":"2026-04-03T06:59:38+00:00","og_image":[{"width":200,"height":200,"url":"https:\/\/proto-fest.com\/wp-content\/uploads\/2025\/05\/logo_proto5_social-01.png","type":"image\/png"}],"twitter_card":"summary_large_image","twitter_title":"Proto-fest. Festival de M\u00fasica de Tortosa","twitter_description":"Del 23 de juliol al 2 d'agost de 2025 torna el Festival de M\u00fasica de Tortosa que inundar\u00e0 amb m\u00fasica la ciutat.","twitter_image":"https:\/\/proto-fest.com\/wp-content\/uploads\/2025\/05\/logo_proto5_social-01.png","twitter_misc":{"Dur\u00e9e de lecture estim\u00e9e":"4 minutes"},"schema":{"@context":"https:\/\/schema.org","@graph":[{"@type":"WebPage","@id":"https:\/\/proto-fest.com\/fr\/masterclasses-2026\/","url":"https:\/\/proto-fest.com\/fr\/masterclasses-2026\/","name":"MASTERCLASSES 2026 - Proto-fest","isPartOf":{"@id":"https:\/\/proto-fest.com\/fr\/#website"},"datePublished":"2025-05-07T18:39:16+00:00","dateModified":"2026-04-03T06:59:38+00:00","description":"Del 23 de juliol al 2 d'agost de 2025 tindr\u00e0 lloc la 5\u00aa edici\u00f3 del Proto-fest. Festival de M\u00fasica de Tortosa que inundar\u00e0 amb m\u00fasica la ciutat.","breadcrumb":{"@id":"https:\/\/proto-fest.com\/fr\/masterclasses-2026\/#breadcrumb"},"inLanguage":"fr-FR","potentialAction":[{"@type":"ReadAction","target":["https:\/\/proto-fest.com\/fr\/masterclasses-2026\/"]}]},{"@type":"BreadcrumbList","@id":"https:\/\/proto-fest.com\/fr\/masterclasses-2026\/#breadcrumb","itemListElement":[{"@type":"ListItem","position":1,"name":"Home","item":"https:\/\/proto-fest.com\/fr\/"},{"@type":"ListItem","position":2,"name":"Proto-fest"}]},{"@type":"WebSite","@id":"https:\/\/proto-fest.com\/fr\/#website","url":"https:\/\/proto-fest.com\/fr\/","name":"Proto-fest","description":"Festival de m\u00fasica Tortosa","publisher":{"@id":"https:\/\/proto-fest.com\/fr\/#organization"},"potentialAction":[{"@type":"SearchAction","target":{"@type":"EntryPoint","urlTemplate":"https:\/\/proto-fest.com\/fr\/?s={search_term_string}"},"query-input":"required name=search_term_string"}],"inLanguage":"fr-FR"},{"@type":"Organization","@id":"https:\/\/proto-fest.com\/fr\/#organization","name":"Proto-fest","url":"https:\/\/proto-fest.com\/fr\/","logo":{"@type":"ImageObject","inLanguage":"fr-FR","@id":"https:\/\/proto-fest.com\/fr\/#\/schema\/logo\/image\/","url":"https:\/\/proto-fest.com\/wp-content\/uploads\/2026\/04\/cropped-cropped-logo_proto6_header-01-1-1.png","contentUrl":"https:\/\/proto-fest.com\/wp-content\/uploads\/2026\/04\/cropped-cropped-logo_proto6_header-01-1-1.png","width":323,"height":143,"caption":"Proto-fest"},"image":{"@id":"https:\/\/proto-fest.com\/fr\/#\/schema\/logo\/image\/"}}]}},"_links":{"self":[{"href":"https:\/\/proto-fest.com\/fr\/wp-json\/wp\/v2\/pages\/59150"}],"collection":[{"href":"https:\/\/proto-fest.com\/fr\/wp-json\/wp\/v2\/pages"}],"about":[{"href":"https:\/\/proto-fest.com\/fr\/wp-json\/wp\/v2\/types\/page"}],"author":[{"embeddable":true,"href":"https:\/\/proto-fest.com\/fr\/wp-json\/wp\/v2\/users\/1"}],"replies":[{"embeddable":true,"href":"https:\/\/proto-fest.com\/fr\/wp-json\/wp\/v2\/comments?post=59150"}],"version-history":[{"count":11,"href":"https:\/\/proto-fest.com\/fr\/wp-json\/wp\/v2\/pages\/59150\/revisions"}],"predecessor-version":[{"id":59153,"href":"https:\/\/proto-fest.com\/fr\/wp-json\/wp\/v2\/pages\/59150\/revisions\/59153"}],"wp:attachment":[{"href":"https:\/\/proto-fest.com\/fr\/wp-json\/wp\/v2\/media?parent=59150"}],"curies":[{"name":"wp","href":"https:\/\/api.w.org\/{rel}","templated":true}]}}