{"id":60018,"date":"2024-06-20T11:25:34","date_gmt":"2024-06-20T09:25:34","guid":{"rendered":"https:\/\/proto-fest.com\/incripcions-masterclasses-2025\/"},"modified":"2026-04-03T09:18:12","modified_gmt":"2026-04-03T07:18:12","slug":"incripcions-masterclasses-2025","status":"publish","type":"page","link":"https:\/\/proto-fest.com\/fr\/incripcions-masterclasses-2025\/","title":{"rendered":"Inscriptions Masterclasses 2026"},"content":{"rendered":"<p>[vc_row unlock_row_content=\u00a0\u00bbyes\u00a0\u00bb row_height_percent=\u00a0\u00bb0&Prime; override_padding=\u00a0\u00bbyes\u00a0\u00bb h_padding=\u00a0\u00bb2&Prime; top_padding=\u00a0\u00bb2&Prime; bottom_padding=\u00a0\u00bb2&Prime; back_color=\u00a0\u00bbcolor-jevc\u00a0\u00bb overlay_alpha=\u00a0\u00bb50&Prime; gutter_size=\u00a0\u00bb3&Prime; column_width_percent=\u00a0\u00bb100&Prime; shift_y=\u00a0\u00bb0&Prime; z_index=\u00a0\u00bb0&Prime; uncode_shortcode_id=\u00a0\u00bb153728&Prime; back_color_type=\u00a0\u00bbuncode-palette\u00a0\u00bb el_class=\u00a0\u00bbcenter\u00a0\u00bb][vc_column column_width_percent=\u00a0\u00bb100&Prime; gutter_size=\u00a0\u00bb1&Prime; overlay_alpha=\u00a0\u00bb50&Prime; shift_x=\u00a0\u00bb0&Prime; shift_y=\u00a0\u00bb0&Prime; shift_y_down=\u00a0\u00bb0&Prime; z_index=\u00a0\u00bb0&Prime; medium_width=\u00a0\u00bb0&Prime; mobile_width=\u00a0\u00bb0&Prime; width=\u00a0\u00bb1\/1&Prime;][vc_custom_heading text_color=\u00a0\u00bbcolor-xsdn\u00a0\u00bb text_font=\u00a0\u00bbfont-813966&Prime; text_size=\u00a0\u00bbfontsize-556981&Prime; uncode_shortcode_id=\u00a0\u00bb488000&Prime; el_class=\u00a0\u00bbcenter\u00a0\u00bb text_color_type=\u00a0\u00bbuncode-palette\u00a0\u00bb]Formulaire d\u2019inscription[\/vc_custom_heading][\/vc_column][\/vc_row][vc_row row_height_percent=\u00a0\u00bb0&Prime; overlay_alpha=\u00a0\u00bb50&Prime; gutter_size=\u00a0\u00bb3&Prime; column_width_percent=\u00a0\u00bb100&Prime; shift_y=\u00a0\u00bb0&Prime; z_index=\u00a0\u00bb0&Prime; uncode_shortcode_id=\u00a0\u00bb434673&Prime; row_name=\u00a0\u00bbformulari\u00a0\u00bb][vc_column width=\u00a0\u00bb1\/1&Prime;]\n<div class=\"wpcf7 no-js\" id=\"wpcf7-f60017-o1\" lang=\"ca\" dir=\"ltr\">\n<div class=\"screen-reader-response\"><p role=\"status\" aria-live=\"polite\" aria-atomic=\"true\"><\/p> <ul><\/ul><\/div>\n<form action=\"\/fr\/wp-json\/wp\/v2\/pages\/60018#wpcf7-f60017-o1\" method=\"post\" class=\"wpcf7-form init\" aria-label=\"Formulari de contacte\" novalidate=\"novalidate\" data-status=\"init\">\n<div style=\"display: none;\">\n<input type=\"hidden\" name=\"_wpcf7\" value=\"60017\" \/>\n<input type=\"hidden\" name=\"_wpcf7_version\" value=\"5.9.5\" \/>\n<input type=\"hidden\" name=\"_wpcf7_locale\" value=\"ca\" \/>\n<input type=\"hidden\" name=\"_wpcf7_unit_tag\" value=\"wpcf7-f60017-o1\" \/>\n<input type=\"hidden\" name=\"_wpcf7_container_post\" value=\"0\" \/>\n<input type=\"hidden\" name=\"_wpcf7_posted_data_hash\" value=\"\" \/>\n<\/div>\n<p><label>Date limite d\u2019inscription:19 avril 2026<\/label><br \/>\n<label>L\u2019organisation contactera les \u00e9l\u00e8ves pour confirmer leur participation.<\/label>\n<\/p>\n<p><label>Les champs marqu\u00e9s d\u2019un * sont obligatoires<\/label>\n<\/p>\n<p><label style=\"max-width:100%\">Tessiture vocale*<br \/>\n<span class=\"wpcf7-form-control-wrap\" data-name=\"instrument\"><input size=\"40\" class=\"wpcf7-form-control wpcf7-text wpcf7-validates-as-required\" aria-required=\"true\" aria-invalid=\"false\" value=\"\" type=\"text\" name=\"instrument\" \/><\/span><\/label>\n<\/p>\n<p><label> R\u00e9pertoire \u00e0 travailler*:<br \/>\n<span class=\"wpcf7-form-control-wrap\" data-name=\"repertoire\"><input size=\"40\" class=\"wpcf7-form-control wpcf7-text wpcf7-validates-as-required\" aria-required=\"true\" aria-invalid=\"false\" value=\"\" type=\"text\" name=\"repertoire\" \/><\/span> <\/label>\n<\/p>\n<p><label> Niveau \/ exp\u00e9rience*:<br \/>\n<span class=\"wpcf7-form-control-wrap\" data-name=\"niveau\"><input size=\"40\" class=\"wpcf7-form-control wpcf7-text wpcf7-validates-as-required\" aria-required=\"true\" aria-invalid=\"false\" value=\"\" type=\"text\" name=\"niveau\" \/><\/span> <\/label>\n<\/p>\n<p><label> Pr\u00e9nom et nom*:<br \/>\n<span class=\"wpcf7-form-control-wrap\" data-name=\"your-name\"><input size=\"40\" minlength=\"15\" class=\"wpcf7-form-control wpcf7-text wpcf7-validates-as-required\" autocomplete=\"name\" aria-required=\"true\" aria-invalid=\"false\" value=\"\" type=\"text\" name=\"your-name\" \/><\/span> <\/label>\n<\/p>\n<p><label> Date de naissance*: dd\/mm\/yyyy<br \/>\n<span class=\"wpcf7-form-control-wrap\" data-name=\"datanaix\"><input size=\"40\" class=\"wpcf7-form-control wpcf7-text wpcf7-validates-as-required\" aria-required=\"true\" aria-invalid=\"false\" value=\"\" type=\"text\" name=\"datanaix\" \/><\/span><\/label>\n<\/p>\n<p><label> Num\u00e9ro d\u2019identification (NIF)*:<br \/>\n<span class=\"wpcf7-form-control-wrap\" data-name=\"dni\"><input size=\"40\" class=\"wpcf7-form-control wpcf7-text wpcf7-validates-as-required\" aria-required=\"true\" aria-invalid=\"false\" value=\"\" type=\"text\" name=\"dni\" \/><\/span> <\/label>\n<\/p>\n<p><label> Adresse*:<br \/>\n<span class=\"wpcf7-form-control-wrap\" data-name=\"adress\"><input size=\"40\" class=\"wpcf7-form-control wpcf7-text wpcf7-validates-as-required\" aria-required=\"true\" aria-invalid=\"false\" value=\"\" type=\"text\" name=\"adress\" \/><\/span> <\/label>\n<\/p>\n<p><label> Code Postal*:<br \/>\n<span class=\"wpcf7-form-control-wrap\" data-name=\"cp\"><input size=\"40\" class=\"wpcf7-form-control wpcf7-text wpcf7-validates-as-required\" aria-required=\"true\" aria-invalid=\"false\" value=\"\" type=\"text\" name=\"cp\" \/><\/span> <\/label>\n<\/p>\n<p><label> Ville*:<br \/>\n<span class=\"wpcf7-form-control-wrap\" data-name=\"poblacio\"><input size=\"40\" class=\"wpcf7-form-control wpcf7-text wpcf7-validates-as-required\" aria-required=\"true\" aria-invalid=\"false\" value=\"\" type=\"text\" name=\"poblacio\" \/><\/span> <\/label>\n<\/p>\n<p><label> Nationalit\u00e9*:<br \/>\n<span class=\"wpcf7-form-control-wrap\" data-name=\"nacionalitat\"><input size=\"40\" class=\"wpcf7-form-control wpcf7-text wpcf7-validates-as-required\" aria-required=\"true\" aria-invalid=\"false\" value=\"\" type=\"text\" name=\"nacionalitat\" \/><\/span> <\/label>\n<\/p>\n<p><label> T\u00e9l\u00e9phone*:<br \/>\n<span class=\"wpcf7-form-control-wrap\" data-name=\"telf\"><input size=\"40\" class=\"wpcf7-form-control wpcf7-text wpcf7-validates-as-required\" aria-required=\"true\" aria-invalid=\"false\" value=\"\" type=\"text\" name=\"telf\" \/><\/span> <\/label>\n<\/p>\n<p><label> Email*:<br \/>\n<span class=\"wpcf7-form-control-wrap\" data-name=\"your-email\"><input size=\"40\" class=\"wpcf7-form-control wpcf7-email wpcf7-validates-as-required wpcf7-text wpcf7-validates-as-email\" autocomplete=\"email\" aria-required=\"true\" aria-invalid=\"false\" value=\"\" type=\"email\" name=\"your-email\" \/><\/span> <\/label>\n<\/p>\n<p><label> Message (facultatif)<br \/>\n<span class=\"wpcf7-form-control-wrap\" data-name=\"your-message\"><textarea cols=\"40\" rows=\"10\" class=\"wpcf7-form-control wpcf7-textarea\" aria-invalid=\"false\" name=\"your-message\"><\/textarea><\/span> <\/label>\n<\/p>\n<p><input class=\"wpcf7-form-control wpcf7-submit has-spinner botofinal\" type=\"submit\" value=\"Envoyer\" \/>\n<\/p><div class=\"wpcf7-response-output\" aria-hidden=\"true\"><\/div>\n<\/form>\n<\/div>\n[vc_column_text uncode_shortcode_id=\u00a0\u00bb550855&Prime;]<\/p>\n<div class=\"flex flex-col text-sm pb-25\">\n<section class=\"text-token-text-primary w-full focus:outline-none [--shadow-height:45px] has-data-writing-block:pointer-events-none has-data-writing-block:-mt-(--shadow-height) has-data-writing-block:pt-(--shadow-height) [&amp;:has([data-writing-block])&gt;*]:pointer-events-auto scroll-mt-[calc(var(--header-height)+min(200px,max(70px,20svh)))]\" dir=\"auto\" data-turn-id=\"request-WEB:0d913397-4b1f-4048-a1ec-698e8a83f9e9-26\" data-testid=\"conversation-turn-54\" data-scroll-anchor=\"true\" data-turn=\"assistant\">\n<div class=\"text-base my-auto mx-auto pb-10 [--thread-content-margin:var(--thread-content-margin-xs,calc(var(--spacing)*4))] @w-sm\/main:[--thread-content-margin:var(--thread-content-margin-sm,calc(var(--spacing)*6))] @w-lg\/main:[--thread-content-margin:var(--thread-content-margin-lg,calc(var(--spacing)*16))] px-(--thread-content-margin)\">\n<div class=\"[--thread-content-max-width:40rem] @w-lg\/main:[--thread-content-max-width:48rem] mx-auto max-w-(--thread-content-max-width) flex-1 group\/turn-messages focus-visible:outline-hidden relative flex w-full min-w-0 flex-col agent-turn\">\n<div class=\"flex max-w-full flex-col gap-4 grow\">\n<div class=\"min-h-8 text-message relative flex w-full flex-col items-end gap-2 text-start break-words whitespace-normal outline-none keyboard-focused:focus-ring [.text-message+&amp;]:mt-1\" dir=\"auto\" tabindex=\"0\" data-message-author-role=\"assistant\" data-message-id=\"c78d144a-39a1-490b-b507-db0d550caf2c\" data-message-model-slug=\"gpt-5-3\" data-turn-start-message=\"true\">\n<div class=\"flex w-full flex-col gap-1 empty:hidden\">\n<div class=\"markdown prose dark:prose-invert w-full wrap-break-word light markdown-new-styling\">\n<p data-start=\"0\" data-end=\"73\" data-is-last-node=\"\" data-is-only-node=\"\">Si vous avez des questions, vous pouvez contacter <a class=\"decorated-link cursor-pointer\" rel=\"noopener\" data-start=\"52\" data-end=\"71\">info@proto-fest.com<\/a><\/p>\n<\/div>\n<\/div>\n<\/div>\n<\/div>\n<div class=\"z-0 flex min-h-[46px] justify-start\"><\/div>\n<div class=\"mt-3 w-full empty:hidden\">\n<div class=\"text-center\"><\/div>\n<\/div>\n<\/div>\n<\/div>\n<\/section>\n<\/div>\n<div class=\"pointer-events-none h-px w-px absolute bottom-0\" aria-hidden=\"true\" data-edge=\"true\"><\/div>\n<p>[\/vc_column_text][\/vc_column][\/vc_row]<\/p>\n","protected":false},"excerpt":{"rendered":"<p>[vc_row unlock_row_content=\u00a0\u00bbyes\u00a0\u00bb row_height_percent=\u00a0\u00bb0&Prime; override_padding=\u00a0\u00bbyes\u00a0\u00bb h_padding=\u00a0\u00bb2&Prime; top_padding=\u00a0\u00bb2&Prime; bottom_padding=\u00a0\u00bb2&Prime; back_color=\u00a0\u00bbcolor-jevc\u00a0\u00bb overlay_alpha=\u00a0\u00bb50&Prime; gutter_size=\u00a0\u00bb3&Prime; column_width_percent=\u00a0\u00bb100&Prime; shift_y=\u00a0\u00bb0&Prime; z_index=\u00a0\u00bb0&Prime; uncode_shortcode_id=\u00a0\u00bb153728&Prime; back_color_type=\u00a0\u00bbuncode-palette\u00a0\u00bb el_class=\u00a0\u00bbcenter\u00a0\u00bb][vc_column column_width_percent=\u00a0\u00bb100&Prime; gutter_size=\u00a0\u00bb1&Prime; overlay_alpha=\u00a0\u00bb50&Prime; shift_x=\u00a0\u00bb0&Prime; [&hellip;]<\/p>\n","protected":false},"author":1,"featured_media":0,"parent":0,"menu_order":0,"comment_status":"closed","ping_status":"closed","template":"","meta":{"_monsterinsights_skip_tracking":false,"_monsterinsights_sitenote_active":false,"_monsterinsights_sitenote_note":"","_monsterinsights_sitenote_category":0,"footnotes":""},"yoast_head":"<!-- This site is optimized with the Yoast SEO plugin v21.3 - https:\/\/yoast.com\/wordpress\/plugins\/seo\/ -->\n<title>Inscriptions Masterclasses 2026 - Proto-fest<\/title>\n<meta name=\"description\" content=\"Del 15 al 28 de juliol de 2024. El festival Proto-fest programa a la ciutat de Tortosa masterclasses de bandone\u00f3, cant, cambra, cor, corda i orquestra a c\u00e0rrec d\u2019artistes de prestigi nacional i internacional.\" \/>\n<meta name=\"robots\" content=\"index, follow, max-snippet:-1, max-image-preview:large, max-video-preview:-1\" \/>\n<link rel=\"canonical\" href=\"https:\/\/proto-fest.com\/fr\/incripcions-masterclasses-2025\/\" \/>\n<meta property=\"og:locale\" content=\"fr_FR\" \/>\n<meta property=\"og:type\" content=\"article\" \/>\n<meta property=\"og:title\" content=\"Proto-fest. Festival de M\u00fasica de Tortosa\" \/>\n<meta property=\"og:description\" content=\"Del 18 al 30 de juliol torna el Festival de M\u00fasica de Tortosa que inundar\u00e0 amb m\u00fasica la ciutat.Del 15 al 28 de juliol de 2024. El festival Proto-fest programa a la ciutat de Tortosa masterclasses de bandone\u00f3, cant, cambra, cor, corda i orquestra a c\u00e0rrec d\u2019artistes de prestigi nacional i internacional.\" \/>\n<meta property=\"og:url\" content=\"https:\/\/proto-fest.com\/fr\/incripcions-masterclasses-2025\/\" \/>\n<meta property=\"og:site_name\" content=\"Proto-fest\" \/>\n<meta property=\"article:modified_time\" content=\"2026-04-03T07:18:12+00:00\" \/>\n<meta name=\"twitter:card\" content=\"summary_large_image\" \/>\n<meta name=\"twitter:title\" content=\"Proto-fest. Festival de M\u00fasica de Tortosa\" \/>\n<meta name=\"twitter:description\" content=\"Del 15 al 28 de juliol de 2024. El festival Proto-fest programa a la ciutat de Tortosa masterclasses de bandone\u00f3, cant, cambra, cor, corda i orquestra a c\u00e0rrec d\u2019artistes de prestigi nacional i internacional.\" \/>\n<meta name=\"twitter:label1\" content=\"Dur\u00e9e de lecture estim\u00e9e\" \/>\n\t<meta name=\"twitter:data1\" content=\"1 minute\" \/>\n<script type=\"application\/ld+json\" class=\"yoast-schema-graph\">{\"@context\":\"https:\/\/schema.org\",\"@graph\":[{\"@type\":\"WebPage\",\"@id\":\"https:\/\/proto-fest.com\/fr\/incripcions-masterclasses-2025\/\",\"url\":\"https:\/\/proto-fest.com\/fr\/incripcions-masterclasses-2025\/\",\"name\":\"Inscriptions Masterclasses 2026 - Proto-fest\",\"isPartOf\":{\"@id\":\"https:\/\/proto-fest.com\/fr\/#website\"},\"datePublished\":\"2024-06-20T09:25:34+00:00\",\"dateModified\":\"2026-04-03T07:18:12+00:00\",\"description\":\"Del 15 al 28 de juliol de 2024. El festival Proto-fest programa a la ciutat de Tortosa masterclasses de bandone\u00f3, cant, cambra, cor, corda i orquestra a c\u00e0rrec d\u2019artistes de prestigi nacional i internacional.\",\"breadcrumb\":{\"@id\":\"https:\/\/proto-fest.com\/fr\/incripcions-masterclasses-2025\/#breadcrumb\"},\"inLanguage\":\"fr-FR\",\"potentialAction\":[{\"@type\":\"ReadAction\",\"target\":[\"https:\/\/proto-fest.com\/fr\/incripcions-masterclasses-2025\/\"]}]},{\"@type\":\"BreadcrumbList\",\"@id\":\"https:\/\/proto-fest.com\/fr\/incripcions-masterclasses-2025\/#breadcrumb\",\"itemListElement\":[{\"@type\":\"ListItem\",\"position\":1,\"name\":\"Home\",\"item\":\"https:\/\/proto-fest.com\/fr\/\"},{\"@type\":\"ListItem\",\"position\":2,\"name\":\"Proto-fest\"}]},{\"@type\":\"WebSite\",\"@id\":\"https:\/\/proto-fest.com\/fr\/#website\",\"url\":\"https:\/\/proto-fest.com\/fr\/\",\"name\":\"Proto-fest\",\"description\":\"Festival de m\u00fasica Tortosa\",\"publisher\":{\"@id\":\"https:\/\/proto-fest.com\/fr\/#organization\"},\"potentialAction\":[{\"@type\":\"SearchAction\",\"target\":{\"@type\":\"EntryPoint\",\"urlTemplate\":\"https:\/\/proto-fest.com\/fr\/?s={search_term_string}\"},\"query-input\":\"required name=search_term_string\"}],\"inLanguage\":\"fr-FR\"},{\"@type\":\"Organization\",\"@id\":\"https:\/\/proto-fest.com\/fr\/#organization\",\"name\":\"Proto-fest\",\"url\":\"https:\/\/proto-fest.com\/fr\/\",\"logo\":{\"@type\":\"ImageObject\",\"inLanguage\":\"fr-FR\",\"@id\":\"https:\/\/proto-fest.com\/fr\/#\/schema\/logo\/image\/\",\"url\":\"https:\/\/proto-fest.com\/wp-content\/uploads\/2026\/04\/cropped-cropped-logo_proto6_header-01-1-1.png\",\"contentUrl\":\"https:\/\/proto-fest.com\/wp-content\/uploads\/2026\/04\/cropped-cropped-logo_proto6_header-01-1-1.png\",\"width\":323,\"height\":143,\"caption\":\"Proto-fest\"},\"image\":{\"@id\":\"https:\/\/proto-fest.com\/fr\/#\/schema\/logo\/image\/\"}}]}<\/script>\n<!-- \/ Yoast SEO plugin. -->","yoast_head_json":{"title":"Inscriptions Masterclasses 2026 - Proto-fest","description":"Del 15 al 28 de juliol de 2024. El festival Proto-fest programa a la ciutat de Tortosa masterclasses de bandone\u00f3, cant, cambra, cor, corda i orquestra a c\u00e0rrec d\u2019artistes de prestigi nacional i internacional.","robots":{"index":"index","follow":"follow","max-snippet":"max-snippet:-1","max-image-preview":"max-image-preview:large","max-video-preview":"max-video-preview:-1"},"canonical":"https:\/\/proto-fest.com\/fr\/incripcions-masterclasses-2025\/","og_locale":"fr_FR","og_type":"article","og_title":"Proto-fest. Festival de M\u00fasica de Tortosa","og_description":"Del 18 al 30 de juliol torna el Festival de M\u00fasica de Tortosa que inundar\u00e0 amb m\u00fasica la ciutat.Del 15 al 28 de juliol de 2024. El festival Proto-fest programa a la ciutat de Tortosa masterclasses de bandone\u00f3, cant, cambra, cor, corda i orquestra a c\u00e0rrec d\u2019artistes de prestigi nacional i internacional.","og_url":"https:\/\/proto-fest.com\/fr\/incripcions-masterclasses-2025\/","og_site_name":"Proto-fest","article_modified_time":"2026-04-03T07:18:12+00:00","twitter_card":"summary_large_image","twitter_title":"Proto-fest. Festival de M\u00fasica de Tortosa","twitter_description":"Del 15 al 28 de juliol de 2024. El festival Proto-fest programa a la ciutat de Tortosa masterclasses de bandone\u00f3, cant, cambra, cor, corda i orquestra a c\u00e0rrec d\u2019artistes de prestigi nacional i internacional.","twitter_misc":{"Dur\u00e9e de lecture estim\u00e9e":"1 minute"},"schema":{"@context":"https:\/\/schema.org","@graph":[{"@type":"WebPage","@id":"https:\/\/proto-fest.com\/fr\/incripcions-masterclasses-2025\/","url":"https:\/\/proto-fest.com\/fr\/incripcions-masterclasses-2025\/","name":"Inscriptions Masterclasses 2026 - Proto-fest","isPartOf":{"@id":"https:\/\/proto-fest.com\/fr\/#website"},"datePublished":"2024-06-20T09:25:34+00:00","dateModified":"2026-04-03T07:18:12+00:00","description":"Del 15 al 28 de juliol de 2024. El festival Proto-fest programa a la ciutat de Tortosa masterclasses de bandone\u00f3, cant, cambra, cor, corda i orquestra a c\u00e0rrec d\u2019artistes de prestigi nacional i internacional.","breadcrumb":{"@id":"https:\/\/proto-fest.com\/fr\/incripcions-masterclasses-2025\/#breadcrumb"},"inLanguage":"fr-FR","potentialAction":[{"@type":"ReadAction","target":["https:\/\/proto-fest.com\/fr\/incripcions-masterclasses-2025\/"]}]},{"@type":"BreadcrumbList","@id":"https:\/\/proto-fest.com\/fr\/incripcions-masterclasses-2025\/#breadcrumb","itemListElement":[{"@type":"ListItem","position":1,"name":"Home","item":"https:\/\/proto-fest.com\/fr\/"},{"@type":"ListItem","position":2,"name":"Proto-fest"}]},{"@type":"WebSite","@id":"https:\/\/proto-fest.com\/fr\/#website","url":"https:\/\/proto-fest.com\/fr\/","name":"Proto-fest","description":"Festival de m\u00fasica Tortosa","publisher":{"@id":"https:\/\/proto-fest.com\/fr\/#organization"},"potentialAction":[{"@type":"SearchAction","target":{"@type":"EntryPoint","urlTemplate":"https:\/\/proto-fest.com\/fr\/?s={search_term_string}"},"query-input":"required name=search_term_string"}],"inLanguage":"fr-FR"},{"@type":"Organization","@id":"https:\/\/proto-fest.com\/fr\/#organization","name":"Proto-fest","url":"https:\/\/proto-fest.com\/fr\/","logo":{"@type":"ImageObject","inLanguage":"fr-FR","@id":"https:\/\/proto-fest.com\/fr\/#\/schema\/logo\/image\/","url":"https:\/\/proto-fest.com\/wp-content\/uploads\/2026\/04\/cropped-cropped-logo_proto6_header-01-1-1.png","contentUrl":"https:\/\/proto-fest.com\/wp-content\/uploads\/2026\/04\/cropped-cropped-logo_proto6_header-01-1-1.png","width":323,"height":143,"caption":"Proto-fest"},"image":{"@id":"https:\/\/proto-fest.com\/fr\/#\/schema\/logo\/image\/"}}]}},"_links":{"self":[{"href":"https:\/\/proto-fest.com\/fr\/wp-json\/wp\/v2\/pages\/60018"}],"collection":[{"href":"https:\/\/proto-fest.com\/fr\/wp-json\/wp\/v2\/pages"}],"about":[{"href":"https:\/\/proto-fest.com\/fr\/wp-json\/wp\/v2\/types\/page"}],"author":[{"embeddable":true,"href":"https:\/\/proto-fest.com\/fr\/wp-json\/wp\/v2\/users\/1"}],"replies":[{"embeddable":true,"href":"https:\/\/proto-fest.com\/fr\/wp-json\/wp\/v2\/comments?post=60018"}],"version-history":[{"count":2,"href":"https:\/\/proto-fest.com\/fr\/wp-json\/wp\/v2\/pages\/60018\/revisions"}],"predecessor-version":[{"id":60020,"href":"https:\/\/proto-fest.com\/fr\/wp-json\/wp\/v2\/pages\/60018\/revisions\/60020"}],"wp:attachment":[{"href":"https:\/\/proto-fest.com\/fr\/wp-json\/wp\/v2\/media?parent=60018"}],"curies":[{"name":"wp","href":"https:\/\/api.w.org\/{rel}","templated":true}]}}